{"id":963,"date":"2025-08-28T15:01:46","date_gmt":"2025-08-28T12:01:46","guid":{"rendered":"https:\/\/www.peduro.org.tr\/?page_id=963"},"modified":"2025-08-28T15:06:37","modified_gmt":"2025-08-28T12:06:37","slug":"hukuk-burosu","status":"publish","type":"page","link":"https:\/\/www.peduro.org.tr\/en\/hukuk-burosu\/","title":{"rendered":"Law Office"},"content":{"rendered":"\n<h1 class=\"wp-block-heading\">Contracted Law Firm<\/h1>\n\n\n\n<h2 class=\"wp-block-heading\">\u00c7\u0130\u00c7EK and \u00d6ZT\u00dcRK LAW OFFICE &#8211; Department of Health Law<\/h2>\n\n\n\n<ul class=\"wp-block-list\">\n<li>Av. Yunus Emre \u00c7ak\u0131r<\/li>\n\n\n\n<li>Av. Ece Sezgen<\/li>\n\n\n\n<li>Av. T\u00fcrker Fatih \u00c7i\u00e7ek&nbsp;<\/li>\n<\/ul>\n\n\n\n<div class=\"wp-block-group is-nowrap is-layout-flex wp-container-core-group-is-layout-ad2f72ca wp-block-group-is-layout-flex\">\n<figure class=\"wp-block-image size-full is-resized\"><img loading=\"lazy\" decoding=\"async\" width=\"250\" height=\"250\" src=\"https:\/\/www.peduro.org.tr\/wp-content\/uploads\/2024\/04\/telefon-1.png\" alt=\"\" class=\"wp-image-53\" style=\"width:24px\" srcset=\"https:\/\/www.peduro.org.tr\/wp-content\/uploads\/2024\/04\/telefon-1.png 250w, https:\/\/www.peduro.org.tr\/wp-content\/uploads\/2024\/04\/telefon-1-150x150.png 150w, https:\/\/www.peduro.org.tr\/wp-content\/uploads\/2024\/04\/telefon-1-225x225.png 225w\" sizes=\"auto, (max-width: 250px) 100vw, 250px\" \/><\/figure>\n\n\n\n<p>0 (216) 629 80 93<\/p>\n<\/div>\n\n\n\n<div class=\"wp-block-group is-nowrap is-layout-flex wp-container-core-group-is-layout-ad2f72ca wp-block-group-is-layout-flex\">\n<figure class=\"wp-block-image size-full is-resized\"><img loading=\"lazy\" decoding=\"async\" width=\"250\" height=\"250\" src=\"https:\/\/www.peduro.org.tr\/wp-content\/uploads\/2025\/08\/mobile.png\" alt=\"\" class=\"wp-image-965\" style=\"width:24px\" srcset=\"https:\/\/www.peduro.org.tr\/wp-content\/uploads\/2025\/08\/mobile.png 250w, https:\/\/www.peduro.org.tr\/wp-content\/uploads\/2025\/08\/mobile-150x150.png 150w, https:\/\/www.peduro.org.tr\/wp-content\/uploads\/2025\/08\/mobile-225x225.png 225w\" sizes=\"auto, (max-width: 250px) 100vw, 250px\" \/><\/figure>\n\n\n\n<p>0 (552) 730 84 96<\/p>\n<\/div>\n","protected":false},"excerpt":{"rendered":"<p>Contracted Law Firm \u00c7\u0130\u00c7EK and \u00d6ZT\u00dcRK LAW OFFICE &#8211; Department of Health Law 0 (216) 629 80 93 0 (552) 730 84 96<\/p>\n","protected":false},"author":1,"featured_media":0,"parent":0,"menu_order":0,"comment_status":"closed","ping_status":"closed","template":"","meta":{"_coblocks_attr":"","_coblocks_dimensions":"","_coblocks_responsive_height":"","_coblocks_accordion_ie_support":"","footnotes":""},"class_list":["post-963","page","type-page","status-publish","hentry"],"_links":{"self":[{"href":"https:\/\/www.peduro.org.tr\/en\/wp-json\/wp\/v2\/pages\/963","targetHints":{"allow":["GET"]}}],"collection":[{"href":"https:\/\/www.peduro.org.tr\/en\/wp-json\/wp\/v2\/pages"}],"about":[{"href":"https:\/\/www.peduro.org.tr\/en\/wp-json\/wp\/v2\/types\/page"}],"author":[{"embeddable":true,"href":"https:\/\/www.peduro.org.tr\/en\/wp-json\/wp\/v2\/users\/1"}],"replies":[{"embeddable":true,"href":"https:\/\/www.peduro.org.tr\/en\/wp-json\/wp\/v2\/comments?post=963"}],"version-history":[{"count":4,"href":"https:\/\/www.peduro.org.tr\/en\/wp-json\/wp\/v2\/pages\/963\/revisions"}],"predecessor-version":[{"id":970,"href":"https:\/\/www.peduro.org.tr\/en\/wp-json\/wp\/v2\/pages\/963\/revisions\/970"}],"wp:attachment":[{"href":"https:\/\/www.peduro.org.tr\/en\/wp-json\/wp\/v2\/media?parent=963"}],"curies":[{"name":"wp","href":"https:\/\/api.w.org\/{rel}","templated":true}]}}