{"id":804,"date":"2024-11-13T10:00:17","date_gmt":"2024-11-13T07:00:17","guid":{"rendered":"https:\/\/www.peduro.org.tr\/?page_id=804"},"modified":"2024-11-17T10:49:30","modified_gmt":"2024-11-17T07:49:30","slug":"uz-dr-cigdem-arslan-alici","status":"publish","type":"page","link":"https:\/\/www.peduro.org.tr\/en\/yonetim-kurulu\/uz-dr-cigdem-arslan-alici\/","title":{"rendered":"Uz. Dr. \u00c7i\u011fdem ARSLAN ALICI"},"content":{"rendered":"\n<div class=\"wp-block-coblocks-row coblocks-row-41413572671\" data-columns=\"2\" data-layout=\"66-33\"><div class=\"wp-block-coblocks-row__inner has-no-padding has-no-margin is-stacked-on-mobile has-medium-gutter\">\n<div class=\"wp-block-coblocks-column coblocks-column-41413576603\" style=\"width:66%\"><div class=\"wp-block-coblocks-column__inner has-no-padding has-no-margin\">\n<figure class=\"wp-block-image size-full has-lightbox has-lightbox\"><img loading=\"lazy\" decoding=\"async\" width=\"850\" height=\"1100\" src=\"https:\/\/www.peduro.org.tr\/wp-content\/uploads\/2024\/05\/nizamettin_kilic_cv_en.jpg\" alt=\"\" class=\"wp-image-565\" srcset=\"https:\/\/www.peduro.org.tr\/wp-content\/uploads\/2024\/05\/nizamettin_kilic_cv_en.jpg 850w, https:\/\/www.peduro.org.tr\/wp-content\/uploads\/2024\/05\/nizamettin_kilic_cv_en-232x300.jpg 232w, https:\/\/www.peduro.org.tr\/wp-content\/uploads\/2024\/05\/nizamettin_kilic_cv_en-791x1024.jpg 791w, https:\/\/www.peduro.org.tr\/wp-content\/uploads\/2024\/05\/nizamettin_kilic_cv_en-768x994.jpg 768w, https:\/\/www.peduro.org.tr\/wp-content\/uploads\/2024\/05\/nizamettin_kilic_cv_en-174x225.jpg 174w\" sizes=\"auto, (max-width: 850px) 100vw, 850px\" \/><\/figure>\n<\/div><\/div>\n\n\n\n<div class=\"wp-block-coblocks-column coblocks-column-41413576605\" style=\"width:33%\"><div class=\"wp-block-coblocks-column__inner has-no-padding has-no-margin\">\n<h2 class=\"wp-block-heading\">Executive Board Members<\/h2>\n\n\n\n<div class=\"wp-block-query is-layout-flow wp-block-query-is-layout-flow\"><ul class=\"wp-block-post-template is-layout-flow wp-block-post-template-is-layout-flow\"><li class=\"wp-block-post post-796 page type-page status-publish hentry\">\n<h4 class=\"wp-block-post-title\"><a href=\"https:\/\/www.peduro.org.tr\/en\/yonetim-kurulu\/prof-dr-baran-tokar\/\" target=\"_self\" >Prof. Dr. Baran TOKAR<\/a><\/h4>\n<\/li><li class=\"wp-block-post post-798 page type-page status-publish hentry\">\n<h4 class=\"wp-block-post-title\"><a href=\"https:\/\/www.peduro.org.tr\/en\/yonetim-kurulu\/doc-dr-ahsen-karagozlu-akgul\/\" target=\"_self\" >Do\u00e7. Dr. Ahsen KARAG\u00d6ZL\u00dc AKG\u00dcL<\/a><\/h4>\n<\/li><li class=\"wp-block-post post-800 page type-page status-publish hentry\">\n<h4 class=\"wp-block-post-title\"><a href=\"https:\/\/www.peduro.org.tr\/en\/yonetim-kurulu\/doc-dr-beytullah-yagiz\/\" target=\"_self\" >Do\u00e7. Dr. Beytullah YA\u011eIZ<\/a><\/h4>\n<\/li><li class=\"wp-block-post post-804 page type-page status-publish hentry\">\n<h4 class=\"wp-block-post-title\"><a href=\"https:\/\/www.peduro.org.tr\/en\/yonetim-kurulu\/uz-dr-cigdem-arslan-alici\/\" target=\"_self\" >Uz. Dr. \u00c7i\u011fdem ARSLAN ALICI<\/a><\/h4>\n<\/li><li class=\"wp-block-post post-807 page type-page status-publish hentry\">\n<h4 class=\"wp-block-post-title\"><a href=\"https:\/\/www.peduro.org.tr\/en\/yonetim-kurulu\/prof-dr-gungor-karaguzel\/\" target=\"_self\" >Prof. Dr. G\u00fcng\u00f6r KARAG\u00dcZEL<\/a><\/h4>\n<\/li><li class=\"wp-block-post post-498 page type-page status-publish hentry\">\n<h4 class=\"wp-block-post-title\"><a href=\"https:\/\/www.peduro.org.tr\/en\/yonetim-kurulu\/doc-dr-murat-ucar\/\" target=\"_self\" >Do\u00e7. Dr. Murat U\u00c7AR<\/a><\/h4>\n<\/li><li class=\"wp-block-post post-813 page type-page status-publish hentry\">\n<h4 class=\"wp-block-post-title\"><a href=\"https:\/\/www.peduro.org.tr\/en\/yonetim-kurulu\/doc-dr-gunay-ekberli\/\" target=\"_self\" >Do\u00e7. Dr. G\u00fcnay EKBERL\u0130<\/a><\/h4>\n<\/li><\/ul><\/div>\n<\/div><\/div>\n<\/div><\/div>\n","protected":false},"excerpt":{"rendered":"","protected":false},"author":1,"featured_media":0,"parent":197,"menu_order":0,"comment_status":"closed","ping_status":"closed","template":"","meta":{"_coblocks_attr":"","_coblocks_dimensions":"","_coblocks_responsive_height":"","_coblocks_accordion_ie_support":"","footnotes":""},"class_list":["post-804","page","type-page","status-publish","hentry"],"_links":{"self":[{"href":"https:\/\/www.peduro.org.tr\/en\/wp-json\/wp\/v2\/pages\/804","targetHints":{"allow":["GET"]}}],"collection":[{"href":"https:\/\/www.peduro.org.tr\/en\/wp-json\/wp\/v2\/pages"}],"about":[{"href":"https:\/\/www.peduro.org.tr\/en\/wp-json\/wp\/v2\/types\/page"}],"author":[{"embeddable":true,"href":"https:\/\/www.peduro.org.tr\/en\/wp-json\/wp\/v2\/users\/1"}],"replies":[{"embeddable":true,"href":"https:\/\/www.peduro.org.tr\/en\/wp-json\/wp\/v2\/comments?post=804"}],"version-history":[{"count":2,"href":"https:\/\/www.peduro.org.tr\/en\/wp-json\/wp\/v2\/pages\/804\/revisions"}],"predecessor-version":[{"id":806,"href":"https:\/\/www.peduro.org.tr\/en\/wp-json\/wp\/v2\/pages\/804\/revisions\/806"}],"up":[{"embeddable":true,"href":"https:\/\/www.peduro.org.tr\/en\/wp-json\/wp\/v2\/pages\/197"}],"wp:attachment":[{"href":"https:\/\/www.peduro.org.tr\/en\/wp-json\/wp\/v2\/media?parent=804"}],"curies":[{"name":"wp","href":"https:\/\/api.w.org\/{rel}","templated":true}]}}