{"id":684,"date":"2024-05-17T10:26:32","date_gmt":"2024-05-17T10:26:32","guid":{"rendered":"https:\/\/www.peduro.org.tr\/?page_id=684"},"modified":"2024-05-17T10:31:36","modified_gmt":"2024-05-17T10:31:36","slug":"peduro-2016-odulleri","status":"publish","type":"page","link":"https:\/\/www.peduro.org.tr\/en\/gecmis-kongreler\/peduro-2016-odulleri\/","title":{"rendered":"PEDURO 2016 Awards"},"content":{"rendered":"\n<h2 class=\"wp-block-heading\"><strong>VII. Ulusal Pediatrik \u00dcroloji Kongresi (<\/strong><strong>Girne, KKTC, 26-30 Ekim 2016)<\/strong><\/h2>\n\n\n\n<h3 class=\"wp-block-heading\"><strong>En Ba\u015far\u0131l\u0131 S\u00f6zl\u00fc Bildiri<\/strong><\/h3>\n\n\n\n<p><em>DT Thomas, R Erg\u00fcn, N Valiyev, A Kaynak, C Kastarl\u0131, TE Da\u011fl\u0131, H Tu\u011ftepe<\/em><\/p>\n\n\n\n<p><a href=\"http:\/\/www.bildirim.org\/bildiri-goster\/peduro2016\/3820\" target=\"_blank\" rel=\"noreferrer noopener\">THE EFFECT OF URODYNAMICS CATHETER ON UROFLOW RESULTS DIFFERS ACCORDING TO GENDER<\/a><\/p>\n\n\n\n<h3 class=\"wp-block-heading\"><strong>En Ba\u015far\u0131l\u0131 Video<\/strong><\/h3>\n\n\n\n<p><em>\u00c7 Arslan Al\u0131c\u0131, A Karag\u00f6zo\u011flu, B Tokar<\/em><\/p>\n\n\n\n<p><a href=\"http:\/\/www.bildirim.org\/bildiri-goster\/peduro2016\/3810\" target=\"_blank\" rel=\"noreferrer noopener\">MEDUSA HEAD FIBROEPITHELIAL POLYP ON URETEROPELVIC REGION: URETERORENOSCOPY AND LAPAROSCOPY FOR DIAGNOSIS AND MANAGEMENT<\/a><\/p>\n\n\n\n<h3 class=\"wp-block-heading\"><strong>En Ba\u015far\u0131l\u0131 Poster<\/strong><\/h3>\n\n\n\n<p><em>\u015eK \u00d6zel, MA K\u00fc\u00e7\u00fcknane, D\u00d6 \u00d6zgenel, V \u00d6zer, H Canaz, \u0130 Alata\u015f<\/em><\/p>\n\n\n\n<p><a href=\"http:\/\/www.bildirim.org\/bildiri-goster\/peduro2016\/3633\" target=\"_blank\" rel=\"noreferrer noopener\">THE PREVALENCE OF INGUINOSCROTAL PATHOLOGIES AND RISK FACTORS IN PATIENTS WITH SPINA BIFIDA<\/a><\/p>\n\n\n\n<p><strong>Pediatrik \u00dcroloji Derne\u011fi<\/strong>&nbsp;<strong>Te\u015fvik \u00d6d\u00fcl\u00fc &#8211; 1<\/strong><\/p>\n\n\n\n<p><em>AE Karakaya, AB Do\u011fan, AG G\u00fcler<\/em><\/p>\n\n\n\n<p><a href=\"http:\/\/www.bildirim.org\/bildiri-goster\/peduro2016\/3790\" target=\"_blank\" rel=\"noreferrer noopener\">IS DRESSING REALLY NECESSARY FOLLOWING SURGERY IN HYPOSPADIAS?<\/a><\/p>\n\n\n\n<p><strong>Pediatrik \u00dcroloji Derne\u011fi<\/strong>&nbsp;<strong>Te\u015fvik \u00d6d\u00fcl\u00fc &#8211; <\/strong>2<\/p>\n\n\n\n<p><em>E Basuguy, MH Okur, B Aydo\u011fdu, M\u015e Arslan, H Zeytun, S Arslan, A \u00d6nen<\/em><\/p>\n\n\n\n<p><a href=\"http:\/\/www.bildirim.org\/bildiri-goster\/peduro2016\/3836\" target=\"_blank\" rel=\"noreferrer noopener\">EFFICIENCY OF ESWL IN INFANTS WITH URINARY SYSTEM STONES<\/a><\/p>\n","protected":false},"excerpt":{"rendered":"<p>VII. Ulusal Pediatrik \u00dcroloji Kongresi (Girne, KKTC, 26-30 Ekim 2016) En Ba\u015far\u0131l\u0131 S\u00f6zl\u00fc Bildiri DT Thomas, R Erg\u00fcn, N Valiyev, A Kaynak, C Kastarl\u0131, TE Da\u011fl\u0131, H Tu\u011ftepe THE EFFECT OF URODYNAMICS CATHETER ON UROFLOW RESULTS DIFFERS ACCORDING TO GENDER En Ba\u015far\u0131l\u0131 Video \u00c7 Arslan Al\u0131c\u0131, A Karag\u00f6zo\u011flu, B Tokar MEDUSA HEAD FIBROEPITHELIAL POLYP ON [&hellip;]<\/p>\n","protected":false},"author":1,"featured_media":0,"parent":597,"menu_order":0,"comment_status":"closed","ping_status":"closed","template":"","meta":{"_coblocks_attr":"","_coblocks_dimensions":"","_coblocks_responsive_height":"","_coblocks_accordion_ie_support":"","footnotes":""},"class_list":["post-684","page","type-page","status-publish","hentry"],"_links":{"self":[{"href":"https:\/\/www.peduro.org.tr\/en\/wp-json\/wp\/v2\/pages\/684","targetHints":{"allow":["GET"]}}],"collection":[{"href":"https:\/\/www.peduro.org.tr\/en\/wp-json\/wp\/v2\/pages"}],"about":[{"href":"https:\/\/www.peduro.org.tr\/en\/wp-json\/wp\/v2\/types\/page"}],"author":[{"embeddable":true,"href":"https:\/\/www.peduro.org.tr\/en\/wp-json\/wp\/v2\/users\/1"}],"replies":[{"embeddable":true,"href":"https:\/\/www.peduro.org.tr\/en\/wp-json\/wp\/v2\/comments?post=684"}],"version-history":[{"count":2,"href":"https:\/\/www.peduro.org.tr\/en\/wp-json\/wp\/v2\/pages\/684\/revisions"}],"predecessor-version":[{"id":687,"href":"https:\/\/www.peduro.org.tr\/en\/wp-json\/wp\/v2\/pages\/684\/revisions\/687"}],"up":[{"embeddable":true,"href":"https:\/\/www.peduro.org.tr\/en\/wp-json\/wp\/v2\/pages\/597"}],"wp:attachment":[{"href":"https:\/\/www.peduro.org.tr\/en\/wp-json\/wp\/v2\/media?parent=684"}],"curies":[{"name":"wp","href":"https:\/\/api.w.org\/{rel}","templated":true}]}}