{"id":678,"date":"2024-05-17T10:16:04","date_gmt":"2024-05-17T10:16:04","guid":{"rendered":"https:\/\/www.peduro.org.tr\/?page_id=678"},"modified":"2024-05-17T10:20:23","modified_gmt":"2024-05-17T10:20:23","slug":"peduro-2015-odulleri","status":"publish","type":"page","link":"https:\/\/www.peduro.org.tr\/en\/gecmis-kongreler\/peduro-2015-odulleri\/","title":{"rendered":"PEDURO 2015 Awards"},"content":{"rendered":"\n<h2 class=\"wp-block-heading\">Kongre Kay\u0131t Deste\u011fi<\/h2>\n\n\n\n<ul class=\"wp-block-list\">\n<li><strong>\u00c7i\u011fdem ARSLAN ALICI<\/strong><\/li>\n\n\n\n<li><strong>\u0130smail YA\u011eMUR<\/strong><\/li>\n\n\n\n<li><strong>Raziye ERG\u00dcN<\/strong><\/li>\n\n\n\n<li><strong>Sibel T\u0130RYAK\u0130<\/strong><\/li>\n\n\n\n<li><strong>Ali TEK\u0130N<\/strong><\/li>\n\n\n\n<li><strong>Vusala ALAKBAROVA<\/strong><\/li>\n<\/ul>\n\n\n\n<hr class=\"wp-block-separator has-alpha-channel-opacity is-style-wide\"\/>\n\n\n\n<h2 class=\"wp-block-heading\">En \u0130yi Bildiri \u00d6d\u00fclleri<\/h2>\n\n\n\n<h3 class=\"wp-block-heading\">En \u0130yi Video Sunum \u00d6d\u00fcl\u00fc:<\/h3>\n\n\n\n<p><strong>VS-3:\u00a0<\/strong><a href=\"http:\/\/www.bildirim.org\/bildiri-goster\/peduro2015\/2674\" target=\"_blank\" rel=\"noreferrer noopener\">Technical details of laparoscopic ureteroureterostomy in ureteral duplication<\/a><\/p>\n\n\n\n<p><em><strong>\u00c7i\u011fdem ARSLAN ALICI<\/strong><\/em><\/p>\n\n\n\n<p><em>Eski\u015fehir Osmangazi \u00dcniversitesi<\/em><\/p>\n\n\n\n<h3 class=\"wp-block-heading\">En \u0130yi Poster Bildirisi \u00d6d\u00fcl\u00fc:<\/h3>\n\n\n\n<p><strong>TP-12:<\/strong>\u00a0<a href=\"http:\/\/www.bildirim.org\/bildiri-goster\/peduro2015\/2677\" target=\"_blank\" rel=\"noreferrer noopener\">Developmental Differences Between Mentally and Physically Disabled Children and Its Urological Importance<\/a><\/p>\n\n\n\n<p><strong><em>\u0130brahim ALATA\u015e<\/em><\/strong><\/p>\n\n\n\n<p><em>\u0130stanbul Bilim \u00dcniversitesi<\/em><\/p>\n\n\n\n<h3 class=\"wp-block-heading\">En \u0130yi S\u00f6zl\u00fc Bildiri \u00d6d\u00fcl\u00fc:<\/h3>\n\n\n\n<p><strong>SS-5:\u00a0<\/strong><a href=\"http:\/\/www.bildirim.org\/bildiri-goster\/peduro2015\/2738\" target=\"_blank\" rel=\"noreferrer noopener\">Changes on angles of bladder neck on girls with overactive bladder<\/a><\/p>\n\n\n\n<p><strong><em>Ufuk \u015eENEL<\/em><\/strong><\/p>\n\n\n\n<p><em>Gaziosmanpa\u015fa \u00dcniversitesi<\/em><\/p>\n","protected":false},"excerpt":{"rendered":"<p>Kongre Kay\u0131t Deste\u011fi En \u0130yi Bildiri \u00d6d\u00fclleri En \u0130yi Video Sunum \u00d6d\u00fcl\u00fc: VS-3:\u00a0Technical details of laparoscopic ureteroureterostomy in ureteral duplication \u00c7i\u011fdem ARSLAN ALICI Eski\u015fehir Osmangazi \u00dcniversitesi En \u0130yi Poster Bildirisi \u00d6d\u00fcl\u00fc: TP-12:\u00a0Developmental Differences Between Mentally and Physically Disabled Children and Its Urological Importance \u0130brahim ALATA\u015e \u0130stanbul Bilim \u00dcniversitesi En \u0130yi S\u00f6zl\u00fc Bildiri \u00d6d\u00fcl\u00fc: SS-5:\u00a0Changes on [&hellip;]<\/p>\n","protected":false},"author":1,"featured_media":0,"parent":597,"menu_order":0,"comment_status":"closed","ping_status":"closed","template":"","meta":{"_coblocks_attr":"","_coblocks_dimensions":"","_coblocks_responsive_height":"","_coblocks_accordion_ie_support":"","footnotes":""},"class_list":["post-678","page","type-page","status-publish","hentry"],"_links":{"self":[{"href":"https:\/\/www.peduro.org.tr\/en\/wp-json\/wp\/v2\/pages\/678","targetHints":{"allow":["GET"]}}],"collection":[{"href":"https:\/\/www.peduro.org.tr\/en\/wp-json\/wp\/v2\/pages"}],"about":[{"href":"https:\/\/www.peduro.org.tr\/en\/wp-json\/wp\/v2\/types\/page"}],"author":[{"embeddable":true,"href":"https:\/\/www.peduro.org.tr\/en\/wp-json\/wp\/v2\/users\/1"}],"replies":[{"embeddable":true,"href":"https:\/\/www.peduro.org.tr\/en\/wp-json\/wp\/v2\/comments?post=678"}],"version-history":[{"count":3,"href":"https:\/\/www.peduro.org.tr\/en\/wp-json\/wp\/v2\/pages\/678\/revisions"}],"predecessor-version":[{"id":683,"href":"https:\/\/www.peduro.org.tr\/en\/wp-json\/wp\/v2\/pages\/678\/revisions\/683"}],"up":[{"embeddable":true,"href":"https:\/\/www.peduro.org.tr\/en\/wp-json\/wp\/v2\/pages\/597"}],"wp:attachment":[{"href":"https:\/\/www.peduro.org.tr\/en\/wp-json\/wp\/v2\/media?parent=678"}],"curies":[{"name":"wp","href":"https:\/\/api.w.org\/{rel}","templated":true}]}}