{"id":674,"date":"2024-05-17T10:14:13","date_gmt":"2024-05-17T10:14:13","guid":{"rendered":"https:\/\/www.peduro.org.tr\/?page_id=674"},"modified":"2024-05-17T10:19:14","modified_gmt":"2024-05-17T10:19:14","slug":"peduro-2014-odulleri","status":"publish","type":"page","link":"https:\/\/www.peduro.org.tr\/en\/gecmis-kongreler\/peduro-2014-odulleri\/","title":{"rendered":"PEDURO 2014 Awards"},"content":{"rendered":"\n<h2 class=\"wp-block-heading\">\u00c7ocuk \u00dcrolojisi Yan Dal E\u011fitimi Destekleme Program\u0131<\/h2>\n\n\n\n<h3 class=\"wp-block-heading\">Enstr\u00fcman Deste\u011fi (Mikrocerrahi Hipospadias Seti):<\/h3>\n\n\n\n<p>Ondokuz May\u0131s \u00dcniversitesi T\u0131p Fak\u00fcltesi \u00c7ocuk \u00dcrolojisi BD ad\u0131na<\/p>\n\n\n\n<ul class=\"wp-block-list\">\n<li><strong>Dr Beytullah YA\u011eIZ<\/strong><\/li>\n<\/ul>\n\n\n\n<h3 class=\"wp-block-heading\">Kitap Deste\u011fi (Kelalis, Clinical Pediatric Urology):<\/h3>\n\n\n\n<p>D\u0131\u015fkap\u0131 \u00c7ocuk Hastanesi &#8211; Atat\u00fcrk Hastanesi \u00c7ocuk \u00dcrolojisi Ortak Program\u0131 ad\u0131na<\/p>\n\n\n\n<ul class=\"wp-block-list\">\n<li><strong>Dr Bilge KARABULUT<\/strong><\/li>\n<\/ul>\n\n\n\n<h3 class=\"wp-block-heading\">Asistanlar \u0130\u00e7in Kongre Deste\u011fi<\/h3>\n\n\n\n<p>S\u00f6zl\u00fc bildiride birinci isim sunum yapan asistanlar i\u00e7inde en y\u00fcksek puana sahip il \u00fc\u00e7 yandal veya \u00e7ocuk cerrahisi asistan\u0131n\u0131n kay\u0131t ve konaklama \u00fccreti PEDURO taraf\u0131ndan kar\u015f\u0131lanm\u0131\u015ft\u0131r.<\/p>\n\n\n\n<ul class=\"wp-block-list\">\n<li><strong>\u00c7etin AYDIN<\/strong><\/li>\n\n\n\n<li><strong>Ali TEK\u0130N<\/strong><\/li>\n\n\n\n<li><strong>Bade TOKER<\/strong><\/li>\n<\/ul>\n\n\n\n<hr class=\"wp-block-separator has-alpha-channel-opacity is-style-wide\"\/>\n\n\n\n<h2 class=\"wp-block-heading\">En \u0130yi Bildiri \u00d6d\u00fclleri<\/h2>\n\n\n\n<h3 class=\"wp-block-heading\">En \u0130yi Video Sunum \u00d6d\u00fcl\u00fc:<\/h3>\n\n\n\n<p><strong>VS-3:<\/strong>\u00a0<a href=\"http:\/\/www.bildirim.org\/bildiri-goster\/peduro2014\/1926\" target=\"_blank\" rel=\"noreferrer noopener\">Laparoscopic correction of an unexpected complication of Politano-Leadbetter ureteric reimplantation: Shish kebap like ureteric penetration through the sigmoid mesentery<\/a><\/p>\n\n\n\n<p><em>B Tokar, S Arda, \u00c7 Ayguner, U Al\u0131c\u0131, A Topalo\u011flu<\/em><\/p>\n\n\n\n<h3 class=\"wp-block-heading\">En \u0130yi Poster Bildirisi \u00d6d\u00fcl\u00fc:<\/h3>\n\n\n\n<p><strong>TP-3:\u00a0<\/strong><a href=\"http:\/\/www.bildirim.org\/bildiri-goster\/peduro2014\/2056\" target=\"_blank\" rel=\"noreferrer noopener\">Urodynamic Differences Between High Pressure Versus Low Pressure Detrusor Overactivity in Patients with Spina Bifida<\/a><\/p>\n\n\n\n<p><em>\u015eK \u00d6zel, \u0130 Alata\u015f, T Tun\u00e7, A Alim, H Canaz<\/em><\/p>\n\n\n\n<h3 class=\"wp-block-heading\">En \u0130yi S\u00f6zl\u00fc Bildiri \u00d6d\u00fcl\u00fc:<\/h3>\n\n\n\n<p><strong>SSU-6:<\/strong>\u00a0<a href=\"http:\/\/www.bildirim.org\/bildiri-goster\/peduro2014\/2112\" target=\"_blank\" rel=\"noreferrer noopener\">Risk Factors For The Development Of End Stage Renal Disease In Children With Posterior Urethral Valve<\/a><\/p>\n\n\n\n<p><em>A Abilov, R \u00d6zcan, H Emir, Y S\u00f6ylet, SNC B\u00fcy\u00fck\u00fcnal, N Dani\u015fmend, N CanPolat, S \u00c7al\u0131\u015fkan, L Sever, G Can, M Eli\u00e7evik<\/em><\/p>\n","protected":false},"excerpt":{"rendered":"<p>\u00c7ocuk \u00dcrolojisi Yan Dal E\u011fitimi Destekleme Program\u0131 Enstr\u00fcman Deste\u011fi (Mikrocerrahi Hipospadias Seti): Ondokuz May\u0131s \u00dcniversitesi T\u0131p Fak\u00fcltesi \u00c7ocuk \u00dcrolojisi BD ad\u0131na Kitap Deste\u011fi (Kelalis, Clinical Pediatric Urology): D\u0131\u015fkap\u0131 \u00c7ocuk Hastanesi &#8211; Atat\u00fcrk Hastanesi \u00c7ocuk \u00dcrolojisi Ortak Program\u0131 ad\u0131na Asistanlar \u0130\u00e7in Kongre Deste\u011fi S\u00f6zl\u00fc bildiride birinci isim sunum yapan asistanlar i\u00e7inde en y\u00fcksek puana sahip il [&hellip;]<\/p>\n","protected":false},"author":1,"featured_media":0,"parent":597,"menu_order":0,"comment_status":"closed","ping_status":"closed","template":"","meta":{"_coblocks_attr":"","_coblocks_dimensions":"","_coblocks_responsive_height":"","_coblocks_accordion_ie_support":"","footnotes":""},"class_list":["post-674","page","type-page","status-publish","hentry"],"_links":{"self":[{"href":"https:\/\/www.peduro.org.tr\/en\/wp-json\/wp\/v2\/pages\/674","targetHints":{"allow":["GET"]}}],"collection":[{"href":"https:\/\/www.peduro.org.tr\/en\/wp-json\/wp\/v2\/pages"}],"about":[{"href":"https:\/\/www.peduro.org.tr\/en\/wp-json\/wp\/v2\/types\/page"}],"author":[{"embeddable":true,"href":"https:\/\/www.peduro.org.tr\/en\/wp-json\/wp\/v2\/users\/1"}],"replies":[{"embeddable":true,"href":"https:\/\/www.peduro.org.tr\/en\/wp-json\/wp\/v2\/comments?post=674"}],"version-history":[{"count":3,"href":"https:\/\/www.peduro.org.tr\/en\/wp-json\/wp\/v2\/pages\/674\/revisions"}],"predecessor-version":[{"id":682,"href":"https:\/\/www.peduro.org.tr\/en\/wp-json\/wp\/v2\/pages\/674\/revisions\/682"}],"up":[{"embeddable":true,"href":"https:\/\/www.peduro.org.tr\/en\/wp-json\/wp\/v2\/pages\/597"}],"wp:attachment":[{"href":"https:\/\/www.peduro.org.tr\/en\/wp-json\/wp\/v2\/media?parent=674"}],"curies":[{"name":"wp","href":"https:\/\/api.w.org\/{rel}","templated":true}]}}