{"id":622,"date":"2024-05-16T12:42:27","date_gmt":"2024-05-16T12:42:27","guid":{"rendered":"https:\/\/www.peduro.org.tr\/?page_id=622"},"modified":"2024-05-17T10:11:13","modified_gmt":"2024-05-17T10:11:13","slug":"peduro-2013-odulleri","status":"publish","type":"page","link":"https:\/\/www.peduro.org.tr\/en\/gecmis-kongreler\/peduro-2013-odulleri\/","title":{"rendered":"PEDURO 2013 Awards"},"content":{"rendered":"\n<h2 class=\"wp-block-heading\">PEDURO 2013 Awards<\/h2>\n\n\n\n<h3 class=\"wp-block-heading\">Bilimsel Kurul<\/h3>\n\n\n\n<ul class=\"wp-block-list\">\n<li>Adnan ABASIYANIK<\/li>\n\n\n\n<li>Fatih AKBIYIK<\/li>\n\n\n\n<li>Abdurrahman \u00d6NEN<\/li>\n\n\n\n<li>\u015e. Kerem \u00d6ZEL<\/li>\n\n\n\n<li>Baran TOKAR<\/li>\n\n\n\n<li>\u0130brahim ULMAN<\/li>\n\n\n\n<li>Ayd\u0131n YA\u011eMURLU<\/li>\n<\/ul>\n\n\n\n<h3 class=\"wp-block-heading\">\u00d6d\u00fcl J\u00fcrisi<\/h3>\n\n\n\n<ul class=\"wp-block-list\">\n<li>Adnan ABASIYANIK<\/li>\n\n\n\n<li>Fatih AKBIYIK<\/li>\n\n\n\n<li>\u015e. Kerem \u00d6ZEL<\/li>\n<\/ul>\n\n\n\n<h3 class=\"wp-block-heading\">De\u011ferlendirme S\u00fcreci<\/h3>\n\n\n\n<ul class=\"wp-block-list\">\n<li>Bildiri kabul s\u00fcreci\n<ul class=\"wp-block-list\">\n<li>Kurul \u00fcyeleri kendi kliniklerinin \u00e7al\u0131\u015fmalar\u0131n\u0131 puanlamam\u0131\u015ft\u0131r<\/li>\n<\/ul>\n<\/li>\n\n\n\n<li>Sunum de\u011ferlendirme s\u00fcreci\n<ul class=\"wp-block-list\">\n<li>Kurul \u00fcyeleri kendi \u00e7al\u0131\u015fmalar\u0131n\u0131 de\u011ferlendirmemi\u015ftir<\/li>\n<\/ul>\n<\/li>\n\n\n\n<li>De\u011ferlendirme kriterleri\n<ul class=\"wp-block-list\">\n<li>Bildiri kabul s\u00fcrecindeki puanlama (Bilimsel d\u00fczey)<\/li>\n\n\n\n<li>152 ba\u015fvuru, 114 kabul<\/li>\n<\/ul>\n<\/li>\n<\/ul>\n\n\n\n<h3 class=\"wp-block-heading\">\u00d6d\u00fcl De\u011ferlendirme Kriterleri<\/h3>\n\n\n\n<ul class=\"wp-block-list\">\n<li>Bilimsel d\u00fczey<\/li>\n\n\n\n<li>\u00c7al\u0131\u015fma tipi<\/li>\n\n\n\n<li>Sunum tekni\u011fi<br>Konuya hakimiyet, sunu sadeli\u011fi, mesaj\u0131n netli\u011fi ve anla\u015f\u0131labilirli\u011fi<\/li>\n\n\n\n<li>Sunu metodolijisi ve yap\u0131land\u0131rmas\u0131<br>Ama\u00e7, Materyal ve Metod, Bulgular, Sonu\u00e7<\/li>\n\n\n\n<li>Zaman kullan\u0131m\u0131<\/li>\n\n\n\n<li>Tart\u0131\u015fma<\/li>\n<\/ul>\n\n\n\n<hr class=\"wp-block-separator has-alpha-channel-opacity is-style-fullwidth is-style-wide\"\/>\n\n\n\n<h2 class=\"wp-block-heading\">Award Winning Studies<\/h2>\n\n\n\n<h3 class=\"wp-block-heading\">En \u0130yi Video Bildiri<\/h3>\n\n\n\n<p><strong>V-4:<\/strong>\u00a0<a href=\"http:\/\/www.bildirim.org\/bildiri-goster\/peduro2013\/656\" target=\"_blank\" rel=\"noreferrer noopener\">Pneumovesicoscopic resection of a long and refluxing distal redundant ureteral stump following a nephrectomy<\/a><\/p>\n\n\n\n<p><em>Baran TOKAR<\/em><\/p>\n\n\n\n<h3 class=\"wp-block-heading\">En \u0130yi Poster Bildirisi<\/h3>\n\n\n\n<p><strong>TP-17:\u00a0<\/strong><a href=\"http:\/\/www.bildirim.org\/bildiri-goster\/peduro2013\/691\" target=\"_blank\" rel=\"noreferrer noopener\">The Effects Of Carbon Dioxide Insufflation On The Upper Urinary Tract In An Experimental Vesicoureteral Reflux Model<\/a><\/p>\n\n\n\n<p><em>H\u00fcseyin KILIN\u00c7ASLAN<\/em><\/p>\n\n\n\n<h3 class=\"wp-block-heading\">En \u0130yi S\u00f6zel Bildiri<\/h3>\n\n\n\n<p><strong>SSU-1:<\/strong>\u00a0<a href=\"http:\/\/www.bildirim.org\/bildiri-goster\/peduro2013\/790\" target=\"_blank\" rel=\"noreferrer noopener\">Minimal Invasive &#8220;Open&#8221; Pyeloplasty<\/a><\/p>\n\n\n\n<p><em>Raziye ERG\u00dcN<\/em><\/p>\n","protected":false},"excerpt":{"rendered":"<p>PEDURO 2013 Awards Bilimsel Kurul \u00d6d\u00fcl J\u00fcrisi De\u011ferlendirme S\u00fcreci \u00d6d\u00fcl De\u011ferlendirme Kriterleri Award Winning Studies En \u0130yi Video Bildiri V-4:\u00a0Pneumovesicoscopic resection of a long and refluxing distal redundant ureteral stump following a nephrectomy Baran TOKAR En \u0130yi Poster Bildirisi TP-17:\u00a0The Effects Of Carbon Dioxide Insufflation On The Upper Urinary Tract In An Experimental Vesicoureteral Reflux [&hellip;]<\/p>\n","protected":false},"author":1,"featured_media":0,"parent":597,"menu_order":0,"comment_status":"closed","ping_status":"closed","template":"","meta":{"_coblocks_attr":"","_coblocks_dimensions":"","_coblocks_responsive_height":"","_coblocks_accordion_ie_support":"","footnotes":""},"class_list":["post-622","page","type-page","status-publish","hentry"],"_links":{"self":[{"href":"https:\/\/www.peduro.org.tr\/en\/wp-json\/wp\/v2\/pages\/622","targetHints":{"allow":["GET"]}}],"collection":[{"href":"https:\/\/www.peduro.org.tr\/en\/wp-json\/wp\/v2\/pages"}],"about":[{"href":"https:\/\/www.peduro.org.tr\/en\/wp-json\/wp\/v2\/types\/page"}],"author":[{"embeddable":true,"href":"https:\/\/www.peduro.org.tr\/en\/wp-json\/wp\/v2\/users\/1"}],"replies":[{"embeddable":true,"href":"https:\/\/www.peduro.org.tr\/en\/wp-json\/wp\/v2\/comments?post=622"}],"version-history":[{"count":4,"href":"https:\/\/www.peduro.org.tr\/en\/wp-json\/wp\/v2\/pages\/622\/revisions"}],"predecessor-version":[{"id":629,"href":"https:\/\/www.peduro.org.tr\/en\/wp-json\/wp\/v2\/pages\/622\/revisions\/629"}],"up":[{"embeddable":true,"href":"https:\/\/www.peduro.org.tr\/en\/wp-json\/wp\/v2\/pages\/597"}],"wp:attachment":[{"href":"https:\/\/www.peduro.org.tr\/en\/wp-json\/wp\/v2\/media?parent=622"}],"curies":[{"name":"wp","href":"https:\/\/api.w.org\/{rel}","templated":true}]}}