{"id":420,"date":"2024-05-13T12:21:19","date_gmt":"2024-05-13T12:21:19","guid":{"rendered":"https:\/\/www.peduro.org.tr\/?page_id=420"},"modified":"2024-05-13T12:21:20","modified_gmt":"2024-05-13T12:21:20","slug":"onam-formlari","status":"publish","type":"page","link":"https:\/\/www.peduro.org.tr\/en\/onam-formlari\/","title":{"rendered":"Onam Formlar\u0131"},"content":{"rendered":"\n<h1 class=\"wp-block-heading\">PEDURO Taraf\u0131ndan Haz\u0131rlanan Onam Formu \u00d6rnekleri<\/h1>\n\n\n\n<p class=\"is-style-warning\">Burada yer alan onam formlar\u0131, derne\u011fimizin bir \u00e7al\u0131\u015fmas\u0131 olup sadece \u00f6rnek ve tavsiye niteli\u011findedir. Herhangi bir ihtilaf halinde Pediatrik \u00dcroloji Derne\u011fi&#8217;ni ba\u011flay\u0131c\u0131 de\u011fildir. Her kurum ve ki\u015fi burada yer alan onam formlar\u0131n\u0131 alarak kendi ihtiya\u00e7lar\u0131 do\u011frultusunda revize edip kullanabilirler.<\/p>\n\n\n\n<ol class=\"wp-block-list\">\n<li><a href=\"\/wp-content\/uploads\/2024\/05\/1GENEL_ONAM.docx\" data-type=\"attachment\" data-id=\"450\" target=\"_blank\" rel=\"noreferrer noopener\"><a href=\"http:\/\/www.peduro.org.tr\/download_file\/view\/225\/602\">Genel Onam Formu<\/a><\/a><\/li>\n\n\n\n<li><a href=\"\/wp-content\/uploads\/2024\/05\/2Foto-Video.docx\" data-type=\"attachment\" data-id=\"449\" target=\"_blank\" rel=\"noreferrer noopener\">T\u0131bbi Foto\u011fraf ve Video G\u00f6r\u00fcnt\u00fclemesi \u0130\u00e7in Onam Formu<\/a><\/li>\n\n\n\n<li><a href=\"\/wp-content\/uploads\/2024\/05\/3Sunnet-1.docx\" data-type=\"attachment\" data-id=\"448\" target=\"_blank\" rel=\"noreferrer noopener\">S\u00fcnnet Onam Formu<\/a><\/li>\n\n\n\n<li><a href=\"\/wp-content\/uploads\/2024\/05\/4Hidrosel-Kord_kisti.docx\" data-type=\"attachment\" data-id=\"447\" target=\"_blank\" rel=\"noreferrer noopener\">Hidrosel ve Kordon Kisti Onam Formu<\/a><\/li>\n\n\n\n<li><a href=\"\/wp-content\/uploads\/2024\/05\/5Inmemis_testis.docx\" data-type=\"attachment\" data-id=\"446\" target=\"_blank\" rel=\"noreferrer noopener\">\u0130nmemi\u015f Testis Onam Formu<\/a><\/li>\n\n\n\n<li><a href=\"\/wp-content\/uploads\/2024\/05\/6Varikoselektomi.docx\" data-type=\"attachment\" data-id=\"445\" target=\"_blank\" rel=\"noreferrer noopener\">Varikoselektomi Onam Formu<\/a><\/li>\n\n\n\n<li><a href=\"\/wp-content\/uploads\/2024\/05\/7Testis_torsiyonu.docx\" data-type=\"attachment\" data-id=\"444\" target=\"_blank\" rel=\"noreferrer noopener\">Testis Torsiyonu Onam Formu<\/a><\/li>\n\n\n\n<li><a href=\"\/wp-content\/uploads\/2024\/05\/8Testis_tumoru_orsiyektomi.docx\" data-type=\"attachment\" data-id=\"443\" target=\"_blank\" rel=\"noreferrer noopener\">Testis T\u00fcm\u00f6r\u00fc &#8211; Or\u015fiektomi Onam Formu<\/a><\/li>\n\n\n\n<li><a href=\"\/wp-content\/uploads\/2024\/05\/9Hipospadias.docx\" data-type=\"attachment\" data-id=\"442\" target=\"_blank\" rel=\"noreferrer noopener\">Hipospadias Onam Formu<\/a><\/li>\n\n\n\n<li><a href=\"\/wp-content\/uploads\/2024\/05\/10Penil_kurvatur-kordi.docx\" data-type=\"attachment\" data-id=\"441\" target=\"_blank\" rel=\"noreferrer noopener\">Penil Kurvat\u00fcr &#8211; Kordi Onam Formu<\/a><\/li>\n\n\n\n<li><a href=\"\/wp-content\/uploads\/2024\/05\/11Epispadias.docx\" data-type=\"attachment\" data-id=\"440\" target=\"_blank\" rel=\"noreferrer noopener\">Epispadias Onam Formu<\/a><\/li>\n\n\n\n<li><a href=\"\/wp-content\/uploads\/2024\/05\/12Pyeloplasti.docx\" data-type=\"attachment\" data-id=\"439\" target=\"_blank\" rel=\"noreferrer noopener\">Piyeloplasti Onam Formu<\/a><\/li>\n\n\n\n<li><a href=\"\/wp-content\/uploads\/2024\/05\/13Basit_nefrektomi.docx\" data-type=\"attachment\" data-id=\"452\" target=\"_blank\" rel=\"noreferrer noopener\">Basit Nefrektomi Onam Formu<\/a><\/li>\n\n\n\n<li><a href=\"\/wp-content\/uploads\/2024\/05\/14Radikal_nefrektomi.docx\" data-type=\"attachment\" data-id=\"438\" target=\"_blank\" rel=\"noreferrer noopener\">Radikal Nefrektomi Onam Formu<\/a><\/li>\n\n\n\n<li><a href=\"\/wp-content\/uploads\/2024\/05\/15Parsiyel_nefrektomi.docx\" data-type=\"attachment\" data-id=\"437\" target=\"_blank\" rel=\"noreferrer noopener\">Parsiyel Nefrektomi Onam Formu<\/a><\/li>\n\n\n\n<li><a href=\"\/wp-content\/uploads\/2024\/05\/16VUR_Acik_cerrahi.docx\" data-type=\"attachment\" data-id=\"436\" target=\"_blank\" rel=\"noreferrer noopener\">VUR A\u00e7\u0131k Cerrahi Onam Formu<\/a><\/li>\n\n\n\n<li><a href=\"\/wp-content\/uploads\/2024\/05\/17Mesane_Ekstrofisi.docx\" data-type=\"attachment\" data-id=\"435\" target=\"_blank\" rel=\"noreferrer noopener\">Mesane Ekstrofisi Onam Formu<\/a><\/li>\n\n\n\n<li><a href=\"\/wp-content\/uploads\/2024\/05\/18Augmentasyon.docx\" data-type=\"attachment\" data-id=\"451\" target=\"_blank\" rel=\"noreferrer noopener\">Mesane Augmentasyonu Onam Formu<\/a><\/li>\n\n\n\n<li><a href=\"\/wp-content\/uploads\/2024\/05\/19Sistoskopi.docx\" data-type=\"attachment\" data-id=\"434\" target=\"_blank\" rel=\"noreferrer noopener\">Sistoskopi, Biyopsi, Stent Tak\u0131lmas\u0131\/\u00c7\u0131kar\u0131lmas\u0131, Retrograd Piyelografi Onam Formu<\/a><\/li>\n\n\n\n<li><a href=\"\/wp-content\/uploads\/2024\/05\/20VUR_Sistoskopik_injeksiyon.docx\" data-type=\"attachment\" data-id=\"433\" target=\"_blank\" rel=\"noreferrer noopener\">VUR Sistoskopik \u0130njeksiyon<\/a><\/li>\n\n\n\n<li><a href=\"\/wp-content\/uploads\/2024\/05\/21PUV.docx\" data-type=\"attachment\" data-id=\"432\" target=\"_blank\" rel=\"noreferrer noopener\">Posterior \u00dcretral Valv Sistoskopik Ameliyat Onam Formu<\/a><\/li>\n\n\n\n<li><a href=\"\/wp-content\/uploads\/2024\/05\/22URS.docx\" data-type=\"attachment\" data-id=\"431\" target=\"_blank\" rel=\"noreferrer noopener\">\u00dcreterorenoskopi Ameliyat\u0131 Onam Formu<\/a><\/li>\n\n\n\n<li><a href=\"\/wp-content\/uploads\/2024\/05\/23RIRC.docx\" data-type=\"attachment\" data-id=\"430\" target=\"_blank\" rel=\"noreferrer noopener\">Retrograd \u0130ntrarenal Cerrahi Onam Formu<\/a><\/li>\n\n\n\n<li><a href=\"\/wp-content\/uploads\/2024\/05\/24PNL.docx\" data-type=\"attachment\" data-id=\"429\" target=\"_blank\" rel=\"noreferrer noopener\">Perk\u00fctan Nefrolitotomi Onam Formu<\/a><\/li>\n\n\n\n<li><a href=\"\/wp-content\/uploads\/2024\/05\/25Laparoskopik_inmemis_testis.docx\" data-type=\"attachment\" data-id=\"428\" target=\"_blank\" rel=\"noreferrer noopener\">Laparoskopik Ele Gelmeyen Testis Ameliyat\u0131 Onam Formu<\/a><\/li>\n\n\n\n<li><a href=\"\/wp-content\/uploads\/2024\/05\/26Laparoskopik_pyeloplasti.docx\" data-type=\"attachment\" data-id=\"427\" target=\"_blank\" rel=\"noreferrer noopener\">Laparoskopik Piyeloplasti Onam Formu<\/a><\/li>\n\n\n\n<li><a href=\"\/wp-content\/uploads\/2024\/05\/27Laparoskopik_nefrektomi.docx\" data-type=\"attachment\" data-id=\"426\" target=\"_blank\" rel=\"noreferrer noopener\">Laparoskopik Nefrektomi Onam Formu<\/a><\/li>\n\n\n\n<li><a href=\"\/wp-content\/uploads\/2024\/05\/28Laparoskopik_parsiyel_nefrektomi.docx\" data-type=\"attachment\" data-id=\"425\" target=\"_blank\" rel=\"noreferrer noopener\">Laparoskopik Parsiyel Nefrektomi Onam Formu<\/a><\/li>\n\n\n\n<li><a href=\"\/wp-content\/uploads\/2024\/05\/29ESWL.docx\" data-type=\"attachment\" data-id=\"424\" target=\"_blank\" rel=\"noreferrer noopener\">ESWL Onam Formu<\/a><\/li>\n\n\n\n<li><a href=\"\/wp-content\/uploads\/2024\/05\/30Urodinami.docx\" data-type=\"attachment\" data-id=\"423\" target=\"_blank\" rel=\"noreferrer noopener\">\u00dcrodinami<\/a><\/li>\n\n\n\n<li><a href=\"\/wp-content\/uploads\/2024\/05\/31_Prenatal_girisim_onami.doc\" data-type=\"attachment\" data-id=\"422\" target=\"_blank\" rel=\"noreferrer noopener\">Prenatal Giri\u015fim Onam Formu<\/a><\/li>\n<\/ol>\n","protected":false},"excerpt":{"rendered":"<p>PEDURO Taraf\u0131ndan Haz\u0131rlanan Onam Formu \u00d6rnekleri Burada yer alan onam formlar\u0131, derne\u011fimizin bir \u00e7al\u0131\u015fmas\u0131 olup sadece \u00f6rnek ve tavsiye niteli\u011findedir. Herhangi bir ihtilaf halinde Pediatrik \u00dcroloji Derne\u011fi&#8217;ni ba\u011flay\u0131c\u0131 de\u011fildir. Her kurum ve ki\u015fi burada yer alan onam formlar\u0131n\u0131 alarak kendi ihtiya\u00e7lar\u0131 do\u011frultusunda revize edip kullanabilirler.<\/p>\n","protected":false},"author":1,"featured_media":0,"parent":0,"menu_order":0,"comment_status":"closed","ping_status":"closed","template":"","meta":{"_coblocks_attr":"","_coblocks_dimensions":"","_coblocks_responsive_height":"","_coblocks_accordion_ie_support":"","footnotes":""},"class_list":["post-420","page","type-page","status-publish","hentry"],"_links":{"self":[{"href":"https:\/\/www.peduro.org.tr\/en\/wp-json\/wp\/v2\/pages\/420","targetHints":{"allow":["GET"]}}],"collection":[{"href":"https:\/\/www.peduro.org.tr\/en\/wp-json\/wp\/v2\/pages"}],"about":[{"href":"https:\/\/www.peduro.org.tr\/en\/wp-json\/wp\/v2\/types\/page"}],"author":[{"embeddable":true,"href":"https:\/\/www.peduro.org.tr\/en\/wp-json\/wp\/v2\/users\/1"}],"replies":[{"embeddable":true,"href":"https:\/\/www.peduro.org.tr\/en\/wp-json\/wp\/v2\/comments?post=420"}],"version-history":[{"count":2,"href":"https:\/\/www.peduro.org.tr\/en\/wp-json\/wp\/v2\/pages\/420\/revisions"}],"predecessor-version":[{"id":453,"href":"https:\/\/www.peduro.org.tr\/en\/wp-json\/wp\/v2\/pages\/420\/revisions\/453"}],"wp:attachment":[{"href":"https:\/\/www.peduro.org.tr\/en\/wp-json\/wp\/v2\/media?parent=420"}],"curies":[{"name":"wp","href":"https:\/\/api.w.org\/{rel}","templated":true}]}}