{"id":415,"date":"2024-05-13T11:04:54","date_gmt":"2024-05-13T11:04:54","guid":{"rendered":"https:\/\/www.peduro.org.tr\/?page_id=415"},"modified":"2024-05-13T11:04:55","modified_gmt":"2024-05-13T11:04:55","slug":"saglik-uygulama-tebligi-sut","status":"publish","type":"page","link":"https:\/\/www.peduro.org.tr\/en\/saglik-uygulama-tebligi-sut\/","title":{"rendered":"SUT"},"content":{"rendered":"\n<h1 class=\"wp-block-heading\">Sa\u011fl\u0131k Uygulama Tebli\u011fi (SUT)<\/h1>\n\n\n\n<ul class=\"wp-block-list\">\n<li><a href=\"https:\/\/www.peduro.org.tr\/wp-content\/uploads\/2024\/05\/saglik-uygulama-tebligi-resmi-gazete.pdf\" data-type=\"attachment\" data-id=\"418\" target=\"_blank\" rel=\"noreferrer noopener\">Sa\u011fl\u0131k Uygulama Tebli\u011fi (Resmi Gazete)<\/a><\/li>\n\n\n\n<li><a href=\"https:\/\/www.peduro.org.tr\/wp-content\/uploads\/2024\/05\/saglik-uygulama-tebligi-hizmet-basi-islem-puan-listesi.pdf\" data-type=\"attachment\" data-id=\"417\" target=\"_blank\" rel=\"noreferrer noopener\">Sa\u011fl\u0131k Uygulama Tebli\u011fi (Hizmet Ba\u015f\u0131 \u0130\u015flem Puan Listesi)<\/a><\/li>\n<\/ul>\n","protected":false},"excerpt":{"rendered":"<p>Sa\u011fl\u0131k Uygulama Tebli\u011fi (SUT)<\/p>\n","protected":false},"author":1,"featured_media":0,"parent":0,"menu_order":0,"comment_status":"closed","ping_status":"closed","template":"","meta":{"_coblocks_attr":"","_coblocks_dimensions":"","_coblocks_responsive_height":"","_coblocks_accordion_ie_support":"","footnotes":""},"class_list":["post-415","page","type-page","status-publish","hentry"],"_links":{"self":[{"href":"https:\/\/www.peduro.org.tr\/en\/wp-json\/wp\/v2\/pages\/415","targetHints":{"allow":["GET"]}}],"collection":[{"href":"https:\/\/www.peduro.org.tr\/en\/wp-json\/wp\/v2\/pages"}],"about":[{"href":"https:\/\/www.peduro.org.tr\/en\/wp-json\/wp\/v2\/types\/page"}],"author":[{"embeddable":true,"href":"https:\/\/www.peduro.org.tr\/en\/wp-json\/wp\/v2\/users\/1"}],"replies":[{"embeddable":true,"href":"https:\/\/www.peduro.org.tr\/en\/wp-json\/wp\/v2\/comments?post=415"}],"version-history":[{"count":2,"href":"https:\/\/www.peduro.org.tr\/en\/wp-json\/wp\/v2\/pages\/415\/revisions"}],"predecessor-version":[{"id":419,"href":"https:\/\/www.peduro.org.tr\/en\/wp-json\/wp\/v2\/pages\/415\/revisions\/419"}],"wp:attachment":[{"href":"https:\/\/www.peduro.org.tr\/en\/wp-json\/wp\/v2\/media?parent=415"}],"curies":[{"name":"wp","href":"https:\/\/api.w.org\/{rel}","templated":true}]}}