{"id":329,"date":"2016-06-04T10:00:50","date_gmt":"2016-06-04T10:00:50","guid":{"rendered":"https:\/\/www.peduro.org.tr\/?page_id=329"},"modified":"2024-05-17T12:18:42","modified_gmt":"2024-05-17T12:18:42","slug":"peduro-2016-videokampi","status":"publish","type":"page","link":"https:\/\/www.peduro.org.tr\/en\/peduro-videokamp\/peduro-2016-videokampi\/","title":{"rendered":"PEDURO 2016 Videocamp"},"content":{"rendered":"\n<p>PEDURO Videokamp 2016, Edirne ilinde 4 &#8211; 5 Haziran tarihleri aras\u0131nda yap\u0131lm\u0131\u015ft\u0131r. Videokamp foto\u011fraflar\u0131n\u0131 a\u015fa\u011f\u0131da g\u00f6rebilirsiniz.<\/p>\n\n\n\n<p>Sayg\u0131lar\u0131m\u0131zla,<\/p>\n\n\n\n<p><strong>Pediatrik \u00dcroloji Derne\u011fi Y\u00f6netim Kurulu<\/strong><\/p>\n\n\n\n<div style=\"height:25px\" aria-hidden=\"true\" class=\"wp-block-spacer\"><\/div>\n\n\n\n<figure class=\"wp-block-gallery aligncenter has-nested-images columns-default is-cropped has-lightbox wp-block-gallery-1 is-layout-flex wp-block-gallery-is-layout-flex\">\n<figure class=\"wp-block-image size-full\"><img loading=\"lazy\" decoding=\"async\" width=\"960\" height=\"720\" data-id=\"331\" src=\"https:\/\/www.peduro.org.tr\/wp-content\/uploads\/2024\/05\/peduro-videokamp-2016-1.jpg\" alt=\"\" class=\"wp-image-331\" srcset=\"https:\/\/www.peduro.org.tr\/wp-content\/uploads\/2024\/05\/peduro-videokamp-2016-1.jpg 960w, https:\/\/www.peduro.org.tr\/wp-content\/uploads\/2024\/05\/peduro-videokamp-2016-1-300x225.jpg 300w, https:\/\/www.peduro.org.tr\/wp-content\/uploads\/2024\/05\/peduro-videokamp-2016-1-768x576.jpg 768w\" sizes=\"auto, (max-width: 960px) 100vw, 960px\" \/><\/figure>\n\n\n\n<figure class=\"wp-block-image size-full\"><img loading=\"lazy\" decoding=\"async\" width=\"1067\" height=\"800\" data-id=\"332\" src=\"https:\/\/www.peduro.org.tr\/wp-content\/uploads\/2024\/05\/peduro-videokamp-2016-2.jpg\" alt=\"\" class=\"wp-image-332\" srcset=\"https:\/\/www.peduro.org.tr\/wp-content\/uploads\/2024\/05\/peduro-videokamp-2016-2.jpg 1067w, https:\/\/www.peduro.org.tr\/wp-content\/uploads\/2024\/05\/peduro-videokamp-2016-2-300x225.jpg 300w, https:\/\/www.peduro.org.tr\/wp-content\/uploads\/2024\/05\/peduro-videokamp-2016-2-1024x768.jpg 1024w, https:\/\/www.peduro.org.tr\/wp-content\/uploads\/2024\/05\/peduro-videokamp-2016-2-768x576.jpg 768w\" sizes=\"auto, (max-width: 1067px) 100vw, 1067px\" \/><\/figure>\n\n\n\n<figure class=\"wp-block-image size-full\"><img loading=\"lazy\" decoding=\"async\" width=\"1067\" height=\"800\" data-id=\"333\" src=\"https:\/\/www.peduro.org.tr\/wp-content\/uploads\/2024\/05\/peduro-videokamp-2016-3.jpg\" alt=\"\" class=\"wp-image-333\" srcset=\"https:\/\/www.peduro.org.tr\/wp-content\/uploads\/2024\/05\/peduro-videokamp-2016-3.jpg 1067w, https:\/\/www.peduro.org.tr\/wp-content\/uploads\/2024\/05\/peduro-videokamp-2016-3-300x225.jpg 300w, https:\/\/www.peduro.org.tr\/wp-content\/uploads\/2024\/05\/peduro-videokamp-2016-3-1024x768.jpg 1024w, https:\/\/www.peduro.org.tr\/wp-content\/uploads\/2024\/05\/peduro-videokamp-2016-3-768x576.jpg 768w\" sizes=\"auto, (max-width: 1067px) 100vw, 1067px\" \/><\/figure>\n<\/figure>\n","protected":false},"excerpt":{"rendered":"<p>PEDURO Videokamp 2016, Edirne ilinde 4 &#8211; 5 Haziran tarihleri aras\u0131nda yap\u0131lm\u0131\u015ft\u0131r. Videokamp foto\u011fraflar\u0131n\u0131 a\u015fa\u011f\u0131da g\u00f6rebilirsiniz. Sayg\u0131lar\u0131m\u0131zla, Pediatrik \u00dcroloji Derne\u011fi Y\u00f6netim Kurulu<\/p>\n","protected":false},"author":1,"featured_media":0,"parent":311,"menu_order":0,"comment_status":"closed","ping_status":"closed","template":"","meta":{"_coblocks_attr":"","_coblocks_dimensions":"","_coblocks_responsive_height":"","_coblocks_accordion_ie_support":"","footnotes":""},"class_list":["post-329","page","type-page","status-publish","hentry"],"_links":{"self":[{"href":"https:\/\/www.peduro.org.tr\/en\/wp-json\/wp\/v2\/pages\/329","targetHints":{"allow":["GET"]}}],"collection":[{"href":"https:\/\/www.peduro.org.tr\/en\/wp-json\/wp\/v2\/pages"}],"about":[{"href":"https:\/\/www.peduro.org.tr\/en\/wp-json\/wp\/v2\/types\/page"}],"author":[{"embeddable":true,"href":"https:\/\/www.peduro.org.tr\/en\/wp-json\/wp\/v2\/users\/1"}],"replies":[{"embeddable":true,"href":"https:\/\/www.peduro.org.tr\/en\/wp-json\/wp\/v2\/comments?post=329"}],"version-history":[{"count":3,"href":"https:\/\/www.peduro.org.tr\/en\/wp-json\/wp\/v2\/pages\/329\/revisions"}],"predecessor-version":[{"id":714,"href":"https:\/\/www.peduro.org.tr\/en\/wp-json\/wp\/v2\/pages\/329\/revisions\/714"}],"up":[{"embeddable":true,"href":"https:\/\/www.peduro.org.tr\/en\/wp-json\/wp\/v2\/pages\/311"}],"wp:attachment":[{"href":"https:\/\/www.peduro.org.tr\/en\/wp-json\/wp\/v2\/media?parent=329"}],"curies":[{"name":"wp","href":"https:\/\/api.w.org\/{rel}","templated":true}]}}