{"id":323,"date":"2017-04-08T10:00:02","date_gmt":"2017-04-08T10:00:02","guid":{"rendered":"https:\/\/www.peduro.org.tr\/?page_id=323"},"modified":"2024-05-17T12:18:55","modified_gmt":"2024-05-17T12:18:55","slug":"peduro-2017-videokampi","status":"publish","type":"page","link":"https:\/\/www.peduro.org.tr\/en\/peduro-videokamp\/peduro-2017-videokampi\/","title":{"rendered":"PEDURO 2017 Videocamp"},"content":{"rendered":"\n<p>Pediatrik \u00dcroloji Derne\u011fi,&nbsp;8-9 Nisan 2017 tarihleri aras\u0131nda&nbsp;Trabzon ilinde \u201cA\u00e7\u0131k ve Laparoskopik \u00dcriner Sistem Cerrahisi\u201d ba\u015fl\u0131kl\u0131&nbsp;Videokamp d\u00fczenleyecektir.&nbsp;Kamp&nbsp;\u00e7al\u0131\u015fmam\u0131z \u00c7ocuk \u00dcrolojisi ve \u00c7ocuk Cerrahisi Uzmanlar\u0131, \u00c7ocuk \u00dcrolojisi Yan Dal Asistanlar\u0131 ve 3. y\u0131l\u0131n\u0131 tamamlam\u0131\u015f k\u0131demli \u00c7ocuk Cerrahisi Asistanlar\u0131n\u0131n ba\u015fvurular\u0131na a\u00e7\u0131kt\u0131r.<\/p>\n\n\n\n<p>Ge\u00e7en sene oldu\u011fu gibi bu sene de, se\u00e7ilmi\u015f ana ba\u015fl\u0131\u011f\u0131n alt ba\u015fl\u0131klar\u0131nda, cerrahi teknik yakla\u015f\u0131mlar\u0131n&nbsp;\u00e7ok say\u0131da video&nbsp;ve foto\u011fraflarla g\u00f6sterilece\u011fi; g\u00f6rseller \u00fczerinden tekni\u011fe dair ipu\u00e7lar\u0131, sorunlar\u0131n \u00e7\u00f6z\u00fcm\u00fc ve farkl\u0131 yakla\u015f\u0131mlar\u0131n tart\u0131\u015f\u0131laca\u011f\u0131 bir kamp d\u00f6nemi ge\u00e7irmeyi umut ediyoruz. Ana ba\u015fl\u0131k alt\u0131nda b\u00f6brek, \u00fcreter ve mesane cerrahisi ve komplikasyonlar\u0131na y\u00f6nelik bir i\u00e7erik olacakt\u0131r.<\/p>\n\n\n\n<p>Kat\u0131l\u0131mc\u0131lar\u0131n kay\u0131t, konaklama ve yemek organizasyonlar\u0131 Pediatrik \u00dcroloji Derne\u011fi taraf\u0131ndan yap\u0131lacak ve kar\u015f\u0131lanacakt\u0131r. Kat\u0131l\u0131mc\u0131 say\u0131s\u0131 maksimum 40 ki\u015fi ile s\u0131n\u0131rland\u0131r\u0131lacakt\u0131r. \u00d6n kay\u0131t i\u00e7in ad\u0131n\u0131z soyad\u0131n\u0131z\u0131, \u00e7al\u0131\u015ft\u0131\u011f\u0131n\u0131z kurumu, \u00c7ocuk \u00dcrolojisi ve \u00c7ocuk Cerrahisi Uzman\u0131, \u00c7ocuk \u00dcrolojisi Yan Dal Asistan\u0131 veya \u00c7ocuk Cerrahisi Asistan\u0131 olma durumunuzu, cep telefonu ve e-mail bilgilerini\u00a0videokamp2017@gmail.com\u00a0mail adresine g\u00f6nderiniz. Konu ile ilgili, gerekli oldu\u011fu takdirde Pediatrik \u00dcroloji Derne\u011fi Genel Sekreterine e-mail ile ba\u015fvurabilirsiniz.\u00a0Kamp\u0131m\u0131z ile ilgili geli\u015fmeler\u00a0<a href=\"https:\/\/ftp.peduro.org.tr\/\" target=\"_blank\" rel=\"noreferrer noopener\">www.peduro.org.tr<\/a>\u00a0sayfas\u0131ndan ve e-mail listesinden aral\u0131kl\u0131 olarak g\u00fcncellenerek sizlere duyurulacakt\u0131r.\u00a0<\/p>\n\n\n\n<p>Sayg\u0131lar\u0131m\u0131zla,<\/p>\n\n\n\n<p><strong>Pediatrik \u00dcroloji Derne\u011fi Y\u00f6netim Kurulu<\/strong><\/p>\n\n\n\n<div class=\"wp-block-buttons is-content-justification-center is-layout-flex wp-container-core-buttons-is-layout-16018d1d wp-block-buttons-is-layout-flex\">\n<div class=\"wp-block-button is-style-fill\"><a class=\"wp-block-button__link has-vivid-cyan-blue-background-color has-background wp-element-button\" href=\"https:\/\/www.peduro.org.tr\/wp-content\/uploads\/2024\/05\/peduro-videokamp-2017-program.pdf\">Videokamp Program\u0131<\/a><\/div>\n<\/div>\n\n\n\n<div style=\"height:25px\" aria-hidden=\"true\" class=\"wp-block-spacer\"><\/div>\n\n\n<div class=\"wp-block-image\">\n<figure class=\"aligncenter size-full has-lightbox\"><img loading=\"lazy\" decoding=\"async\" width=\"1267\" height=\"843\" src=\"https:\/\/www.peduro.org.tr\/wp-content\/uploads\/2024\/05\/peduro-videokamp-2017.jpg\" alt=\"\" class=\"wp-image-326\" srcset=\"https:\/\/www.peduro.org.tr\/wp-content\/uploads\/2024\/05\/peduro-videokamp-2017.jpg 1267w, https:\/\/www.peduro.org.tr\/wp-content\/uploads\/2024\/05\/peduro-videokamp-2017-300x200.jpg 300w, https:\/\/www.peduro.org.tr\/wp-content\/uploads\/2024\/05\/peduro-videokamp-2017-1024x681.jpg 1024w, https:\/\/www.peduro.org.tr\/wp-content\/uploads\/2024\/05\/peduro-videokamp-2017-768x511.jpg 768w, https:\/\/www.peduro.org.tr\/wp-content\/uploads\/2024\/05\/peduro-videokamp-2017-338x225.jpg 338w\" sizes=\"auto, (max-width: 1267px) 100vw, 1267px\" \/><\/figure>\n<\/div>","protected":false},"excerpt":{"rendered":"<p>Pediatrik \u00dcroloji Derne\u011fi,&nbsp;8-9 Nisan 2017 tarihleri aras\u0131nda&nbsp;Trabzon ilinde \u201cA\u00e7\u0131k ve Laparoskopik \u00dcriner Sistem Cerrahisi\u201d ba\u015fl\u0131kl\u0131&nbsp;Videokamp d\u00fczenleyecektir.&nbsp;Kamp&nbsp;\u00e7al\u0131\u015fmam\u0131z \u00c7ocuk \u00dcrolojisi ve \u00c7ocuk Cerrahisi Uzmanlar\u0131, \u00c7ocuk \u00dcrolojisi Yan Dal Asistanlar\u0131 ve 3. y\u0131l\u0131n\u0131 tamamlam\u0131\u015f k\u0131demli \u00c7ocuk Cerrahisi Asistanlar\u0131n\u0131n ba\u015fvurular\u0131na a\u00e7\u0131kt\u0131r. Ge\u00e7en sene oldu\u011fu gibi bu sene de, se\u00e7ilmi\u015f ana ba\u015fl\u0131\u011f\u0131n alt ba\u015fl\u0131klar\u0131nda, cerrahi teknik yakla\u015f\u0131mlar\u0131n&nbsp;\u00e7ok say\u0131da video&nbsp;ve foto\u011fraflarla [&hellip;]<\/p>\n","protected":false},"author":1,"featured_media":0,"parent":311,"menu_order":0,"comment_status":"closed","ping_status":"closed","template":"","meta":{"_coblocks_attr":"","_coblocks_dimensions":"","_coblocks_responsive_height":"","_coblocks_accordion_ie_support":"","footnotes":""},"class_list":["post-323","page","type-page","status-publish","hentry"],"_links":{"self":[{"href":"https:\/\/www.peduro.org.tr\/en\/wp-json\/wp\/v2\/pages\/323","targetHints":{"allow":["GET"]}}],"collection":[{"href":"https:\/\/www.peduro.org.tr\/en\/wp-json\/wp\/v2\/pages"}],"about":[{"href":"https:\/\/www.peduro.org.tr\/en\/wp-json\/wp\/v2\/types\/page"}],"author":[{"embeddable":true,"href":"https:\/\/www.peduro.org.tr\/en\/wp-json\/wp\/v2\/users\/1"}],"replies":[{"embeddable":true,"href":"https:\/\/www.peduro.org.tr\/en\/wp-json\/wp\/v2\/comments?post=323"}],"version-history":[{"count":3,"href":"https:\/\/www.peduro.org.tr\/en\/wp-json\/wp\/v2\/pages\/323\/revisions"}],"predecessor-version":[{"id":715,"href":"https:\/\/www.peduro.org.tr\/en\/wp-json\/wp\/v2\/pages\/323\/revisions\/715"}],"up":[{"embeddable":true,"href":"https:\/\/www.peduro.org.tr\/en\/wp-json\/wp\/v2\/pages\/311"}],"wp:attachment":[{"href":"https:\/\/www.peduro.org.tr\/en\/wp-json\/wp\/v2\/media?parent=323"}],"curies":[{"name":"wp","href":"https:\/\/api.w.org\/{rel}","templated":true}]}}