{"id":318,"date":"2018-03-03T10:00:17","date_gmt":"2018-03-03T10:00:17","guid":{"rendered":"https:\/\/www.peduro.org.tr\/?page_id=318"},"modified":"2024-05-17T12:19:03","modified_gmt":"2024-05-17T12:19:03","slug":"peduro-2018-videokampi","status":"publish","type":"page","link":"https:\/\/www.peduro.org.tr\/en\/peduro-videokamp\/peduro-2018-videokampi\/","title":{"rendered":"PEDURO 2018 Videocamp"},"content":{"rendered":"\n<p>Pediatrik \u00dcroloji Derne\u011fi olarak, 2016 y\u0131l\u0131nda Edirne\u2019de \u201c\u00c7ocuklarda D\u0131\u015f Genital B\u00f6lge Cerrahisi\u201d, 2017 y\u0131l\u0131nda ise Trabzon\u2019da \u201cA\u00e7\u0131k ve Laparoskopik \u00dcriner Sistem Cerrahisi\u201d konu ba\u015fl\u0131klar\u0131 ile yapt\u0131\u011f\u0131m\u0131z \u201cPEDURO Videokamp\u201d e\u011fitim \u00e7al\u0131\u015fmam\u0131z\u0131n \u00fc\u00e7\u00fcnc\u00fcs\u00fcn\u00fc bu sene 3-4 Mart 2018 tarihleri aras\u0131nda Bursa ilinde ger\u00e7ekle\u015ftirece\u011fiz. Uluda\u011f \u00dcniversitesi T\u0131p Fak\u00fcltesi yerle\u015fkesinde, g\u00f6rsel ve video a\u011f\u0131rl\u0131kl\u0131 sunumlarla zenginle\u015ftirilmi\u015f&nbsp;ekte yer alan&nbsp;program kapsam\u0131nda ger\u00e7ekle\u015ftirilecek \u201cPediatrik Endo\u00fcroloji\u201d konu ba\u015fl\u0131kl\u0131 Videokamp\u0131m\u0131zda ge\u00e7en senelerde oldu\u011fu gibi kay\u0131t ve konaklama \u00fccretsiz olacakt\u0131r. Konaklamal\u0131 olarak 35 ki\u015fi ile s\u0131n\u0131rlamak zorunda oldu\u011fumuz e\u011fitim \u00e7al\u0131\u015fmam\u0131z, \u00c7ocuk Cerrahisi ve \u00c7ocuk \u00dcrolojisi uzmanlar\u0131 ve k\u0131demli \u00c7ocuk Cerrahisi ara\u015ft\u0131rma g\u00f6revlilerine a\u00e7\u0131kt\u0131r. Kay\u0131t i\u00e7in&nbsp;videokamp2018@gmail.com&nbsp;mail adresine isminiz, \u00e7al\u0131\u015ft\u0131\u011f\u0131n\u0131z kurum ve ihtisas durumunuz ile ilgili bilgi yazman\u0131z yeterli olacakt\u0131r. Bursa ve \u00e7evre illerden gelecek olan veya konaklama istemeyen meslekta\u015flar\u0131m\u0131z\u0131n da bu durumlar\u0131n\u0131 belirterek kay\u0131t yapt\u0131rmalar\u0131nda fayda vard\u0131r. \u0130lgilenen meslekta\u015flar\u0131m\u0131z\u0131n, planlama kolayl\u0131\u011f\u0131 i\u00e7in k\u0131sa s\u00fcre i\u00e7inde kay\u0131t yapt\u0131rmalar\u0131n\u0131 rica ederken, organizasyon i\u00e7in katk\u0131 sa\u011flayan Uluda\u011f \u00dcniversitesi T\u0131p Fak\u00fcltesi \u00c7ocuk Cerrahisi Anabilim Dal\u0131 ve \u00c7ocuk \u00dcrolojisi Bilim Dal\u0131na te\u015fekk\u00fcr ederiz.<\/p>\n\n\n\n<p>Sayg\u0131lar\u0131m\u0131zla,<\/p>\n\n\n\n<p><strong>Pediatrik \u00dcroloji Derne\u011fi Y\u00f6netim Kurulu<\/strong><\/p>\n\n\n\n<div class=\"wp-block-buttons is-content-justification-center is-layout-flex wp-container-core-buttons-is-layout-16018d1d wp-block-buttons-is-layout-flex\">\n<div class=\"wp-block-button is-style-fill\"><a class=\"wp-block-button__link has-vivid-cyan-blue-background-color has-background wp-element-button\" href=\"\/wp-content\/uploads\/2024\/05\/peduro-videokamp-2018-program.pdf\">Videokamp Program\u0131<\/a><\/div>\n<\/div>\n\n\n\n<div style=\"height:25px\" aria-hidden=\"true\" class=\"wp-block-spacer\"><\/div>\n\n\n<div class=\"wp-block-image\">\n<figure class=\"aligncenter size-full has-lightbox\"><img loading=\"lazy\" decoding=\"async\" width=\"768\" height=\"1024\" src=\"https:\/\/www.peduro.org.tr\/wp-content\/uploads\/2024\/05\/peduro-videokamp-2018.jpg\" alt=\"\" class=\"wp-image-321\" srcset=\"https:\/\/www.peduro.org.tr\/wp-content\/uploads\/2024\/05\/peduro-videokamp-2018.jpg 768w, https:\/\/www.peduro.org.tr\/wp-content\/uploads\/2024\/05\/peduro-videokamp-2018-225x300.jpg 225w, https:\/\/www.peduro.org.tr\/wp-content\/uploads\/2024\/05\/peduro-videokamp-2018-169x225.jpg 169w\" sizes=\"auto, (max-width: 768px) 100vw, 768px\" \/><\/figure>\n<\/div>","protected":false},"excerpt":{"rendered":"<p>Pediatrik \u00dcroloji Derne\u011fi olarak, 2016 y\u0131l\u0131nda Edirne\u2019de \u201c\u00c7ocuklarda D\u0131\u015f Genital B\u00f6lge Cerrahisi\u201d, 2017 y\u0131l\u0131nda ise Trabzon\u2019da \u201cA\u00e7\u0131k ve Laparoskopik \u00dcriner Sistem Cerrahisi\u201d konu ba\u015fl\u0131klar\u0131 ile yapt\u0131\u011f\u0131m\u0131z \u201cPEDURO Videokamp\u201d e\u011fitim \u00e7al\u0131\u015fmam\u0131z\u0131n \u00fc\u00e7\u00fcnc\u00fcs\u00fcn\u00fc bu sene 3-4 Mart 2018 tarihleri aras\u0131nda Bursa ilinde ger\u00e7ekle\u015ftirece\u011fiz. Uluda\u011f \u00dcniversitesi T\u0131p Fak\u00fcltesi yerle\u015fkesinde, g\u00f6rsel ve video a\u011f\u0131rl\u0131kl\u0131 sunumlarla zenginle\u015ftirilmi\u015f&nbsp;ekte yer alan&nbsp;program kapsam\u0131nda [&hellip;]<\/p>\n","protected":false},"author":1,"featured_media":0,"parent":311,"menu_order":0,"comment_status":"closed","ping_status":"closed","template":"","meta":{"_coblocks_attr":"","_coblocks_dimensions":"","_coblocks_responsive_height":"","_coblocks_accordion_ie_support":"","footnotes":""},"class_list":["post-318","page","type-page","status-publish","hentry"],"_links":{"self":[{"href":"https:\/\/www.peduro.org.tr\/en\/wp-json\/wp\/v2\/pages\/318","targetHints":{"allow":["GET"]}}],"collection":[{"href":"https:\/\/www.peduro.org.tr\/en\/wp-json\/wp\/v2\/pages"}],"about":[{"href":"https:\/\/www.peduro.org.tr\/en\/wp-json\/wp\/v2\/types\/page"}],"author":[{"embeddable":true,"href":"https:\/\/www.peduro.org.tr\/en\/wp-json\/wp\/v2\/users\/1"}],"replies":[{"embeddable":true,"href":"https:\/\/www.peduro.org.tr\/en\/wp-json\/wp\/v2\/comments?post=318"}],"version-history":[{"count":4,"href":"https:\/\/www.peduro.org.tr\/en\/wp-json\/wp\/v2\/pages\/318\/revisions"}],"predecessor-version":[{"id":716,"href":"https:\/\/www.peduro.org.tr\/en\/wp-json\/wp\/v2\/pages\/318\/revisions\/716"}],"up":[{"embeddable":true,"href":"https:\/\/www.peduro.org.tr\/en\/wp-json\/wp\/v2\/pages\/311"}],"wp:attachment":[{"href":"https:\/\/www.peduro.org.tr\/en\/wp-json\/wp\/v2\/media?parent=318"}],"curies":[{"name":"wp","href":"https:\/\/api.w.org\/{rel}","templated":true}]}}