{"id":311,"date":"2024-05-10T11:39:35","date_gmt":"2024-05-10T11:39:35","guid":{"rendered":"https:\/\/www.peduro.org.tr\/?page_id=311"},"modified":"2024-05-17T12:18:00","modified_gmt":"2024-05-17T12:18:00","slug":"peduro-videokamp","status":"publish","type":"page","link":"https:\/\/www.peduro.org.tr\/en\/peduro-videokamp\/","title":{"rendered":"PEDURO Videocamp"},"content":{"rendered":"\n<h2 class=\"wp-block-heading\">PEDURO Videocamp Activities<\/h2>\n\n\n\n<p>Pediatrik \u00dcroloji Derne\u011fi taraf\u0131ndan d\u00fczenlenen Videokamp etkinliklerini buradan takip edebilirsiniz.<\/p>\n\n\n<ul class=\"wp-block-page-list\"><li class=\"wp-block-pages-list__item\"><a class=\"wp-block-pages-list__item__link\" href=\"https:\/\/www.peduro.org.tr\/en\/peduro-videokamp\/peduro-2016-videokampi\/\">PEDURO 2016 Videocamp<\/a><\/li><li class=\"wp-block-pages-list__item\"><a class=\"wp-block-pages-list__item__link\" href=\"https:\/\/www.peduro.org.tr\/en\/peduro-videokamp\/peduro-2017-videokampi\/\">PEDURO 2017 Videocamp<\/a><\/li><li class=\"wp-block-pages-list__item\"><a class=\"wp-block-pages-list__item__link\" href=\"https:\/\/www.peduro.org.tr\/en\/peduro-videokamp\/peduro-2018-videokampi\/\">PEDURO 2018 Videocamp<\/a><\/li><\/ul>","protected":false},"excerpt":{"rendered":"<p>PEDURO Videocamp Activities Pediatrik \u00dcroloji Derne\u011fi taraf\u0131ndan d\u00fczenlenen Videokamp etkinliklerini buradan takip edebilirsiniz.<\/p>\n","protected":false},"author":1,"featured_media":0,"parent":0,"menu_order":0,"comment_status":"closed","ping_status":"closed","template":"","meta":{"_coblocks_attr":"","_coblocks_dimensions":"","_coblocks_responsive_height":"","_coblocks_accordion_ie_support":"","footnotes":""},"class_list":["post-311","page","type-page","status-publish","hentry"],"_links":{"self":[{"href":"https:\/\/www.peduro.org.tr\/en\/wp-json\/wp\/v2\/pages\/311","targetHints":{"allow":["GET"]}}],"collection":[{"href":"https:\/\/www.peduro.org.tr\/en\/wp-json\/wp\/v2\/pages"}],"about":[{"href":"https:\/\/www.peduro.org.tr\/en\/wp-json\/wp\/v2\/types\/page"}],"author":[{"embeddable":true,"href":"https:\/\/www.peduro.org.tr\/en\/wp-json\/wp\/v2\/users\/1"}],"replies":[{"embeddable":true,"href":"https:\/\/www.peduro.org.tr\/en\/wp-json\/wp\/v2\/comments?post=311"}],"version-history":[{"count":9,"href":"https:\/\/www.peduro.org.tr\/en\/wp-json\/wp\/v2\/pages\/311\/revisions"}],"predecessor-version":[{"id":712,"href":"https:\/\/www.peduro.org.tr\/en\/wp-json\/wp\/v2\/pages\/311\/revisions\/712"}],"wp:attachment":[{"href":"https:\/\/www.peduro.org.tr\/en\/wp-json\/wp\/v2\/media?parent=311"}],"curies":[{"name":"wp","href":"https:\/\/api.w.org\/{rel}","templated":true}]}}