{"id":3,"date":"2024-04-24T12:13:44","date_gmt":"2024-04-24T12:13:44","guid":{"rendered":"https:\/\/www.peduro.org.tr\/?page_id=3"},"modified":"2024-11-17T16:13:28","modified_gmt":"2024-11-17T13:13:28","slug":"gizlilik-politikasi-ve-kosullar","status":"publish","type":"page","link":"https:\/\/www.peduro.org.tr\/en\/gizlilik-politikasi-ve-kosullar\/","title":{"rendered":"Privacy Policy and Conditions"},"content":{"rendered":"\n<h2 class=\"wp-block-heading\">PEDURO Privacy and Security Policy, Cancellation and Return Policy<\/h2>\n\n\n\n<p>Pediatrik \u00dcroloji Derne\u011fi (PEDURO), kullan\u0131c\u0131lar\u0131n\u0131n www.peduro.org.tr web sitesi \u00fczerinden ilettikleri ki\u015fisel bilgilerinin gizlili\u011fine \u00f6nem vermektedir ve bu ki\u015fisel bilgiler Gizlilik ve G\u00fcvenlik Politikas\u0131 ile korunmaktad\u0131r.<\/p>\n\n\n\n<p>www.peduro.org.tr web sitesine \u00fcye olurken vermeniz gereken ki\u015fisel bilgiler (ad soyad, TC kimlik numaras\u0131, vergi numaras\u0131, adres, telefon numaras\u0131, e-posta adresi gibi) kullan\u0131c\u0131y\u0131 tan\u0131mlamak ve \u00fcyelik i\u015flemlerinizi tamamlamak amac\u0131yla toplanmaktad\u0131r. Bu web sitesi \u00fczerinde baz\u0131 i\u015flemleri yapabilmeniz i\u00e7in bu bilgilerden baz\u0131lar\u0131n\u0131 vermeniz zorunlu tutulabilir (TC kimlik numaras\u0131 gibi).<br><br>Kredi kart\u0131 ile \u00f6deme yapman\u0131z durumunda, kredi kart\u0131 bilgieriniz web sitemiz arac\u0131l\u0131\u011f\u0131yla 256 bit SSL \u015fifreleme telnolojisi kullan\u0131larak bankaya g\u00f6nderilmekte, bankadan gelen cevaba g\u00f6re i\u015fleminiz tamamlanmaktad\u0131r. Kredi kart\u0131 ile ilgili hi\u00e7bir bilgi taraf\u0131m\u0131zca g\u00f6r\u00fclmemekte ve www.peduro.org.tr sitesinde kaydedilip saklanmamaktad\u0131r.<br><br>PEDURO, ki\u015fisel bilgilerinizi Gizlilik ve G\u00fcvenlik Politikas\u0131 ile belirlenen ama\u00e7lar d\u0131\u015f\u0131nda kullanmayacak, \u00fc\u00e7\u00fcnc\u00fc ki\u015filerle payla\u015fmayacakt\u0131r.<br><br>Bununla birlikte PEDURO, ki\u015fisel bilgilerinizi kendi b\u00fcnyesinde \u00fcye profili belirlemek ve istatistiksel \u00e7al\u0131\u015fmalar yapmak amac\u0131yla kullanabilir ve sadece bu \u00e7al\u0131\u015fmalar\u0131n yap\u0131lmas\u0131 amac\u0131yla \u00fc\u00e7\u00fcnc\u00fc ki\u015filerle payla\u015fabilir. Ayr\u0131ca sizin izin vermeniz durumunda ileti\u015fim bilgilerinizi di\u011fer \u00fcyeler ile payla\u015fabilir.<br><br>PEDURO, ki\u015fisel bilgilerinizin sizin i\u00e7in ne kadar \u00f6nemli oldu\u011funu bilmektedir. Bu nedenle bu bilgileri gizli tutmay\u0131, bu gizlili\u011fin sa\u011flanmas\u0131 ve ki\u015fisel bilgilerinizin izinsiz olarak \u00fc\u00e7\u00fcnc\u00fc ki\u015filerce elde edilmesini \u00f6nlemek i\u00e7in gerekli tedbirleri almay\u0131 ve bu konuda gereken \u00f6zeni g\u00f6stermeyi taahh\u00fct etmektedir. PEDURO&#8217;nin bilgi g\u00fcvenli\u011fi amac\u0131yla ald\u0131\u011f\u0131 bu \u00f6nlemlere ra\u011fmen www.peduro.org.tr sitesine ve sitenin bar\u0131nd\u0131r\u0131ld\u0131\u011f\u0131 sisteme kar\u015f\u0131 yap\u0131lan sald\u0131r\u0131lar sonucunda ki\u015fisel bilgilerin zarar g\u00f6rmesi ya da \u00fc\u00e7\u00fcnc\u00fc ki\u015filerin eline ge\u00e7mesi durumunda, PEDURO&#8217;nin herhangi bir sorumlulu\u011fu olmayacakt\u0131r.<br><br>PEDURO, kullan\u0131c\u0131lara, kullan\u0131c\u0131lar\u0131n www.peduro.org.tr sitesinin kullan\u0131m\u0131na ve siteye ba\u011flan\u0131rken kulland\u0131klar\u0131 sisteme ait bilgileri (taray\u0131c\u0131, IP adresi, i\u015fletim sistemi gibi) istatistik \u00e7\u0131karmak ve web deneyiminizi daha da iyile\u015ftirmek amac\u0131yla \u00c7erez ya da Cookie ad\u0131 verilen dosyalar arac\u0131l\u0131\u011f\u0131 ile elde edebilir. Ancak kullan\u0131c\u0131lar isterlerse kulland\u0131klar\u0131 web taray\u0131c\u0131n\u0131n ayarlar\u0131n\u0131 de\u011fi\u015ftirerek bu dosyalar\u0131n kullan\u0131m\u0131n\u0131 engelleyebilir ya da ikaz edilmesini sa\u011flayabilirler.<br><br>PEDURO, www.peduro.org.tr sitesinde baz\u0131 reklamlar ve d\u0131\u015f web sitelerine ba\u011flant\u0131lar bulundurabilir. Bu ba\u011flant\u0131lardan a\u00e7\u0131lan web sitelerine verece\u011finiz ki\u015fisel bilgilerin g\u00fcvenli\u011finden PEDURO sorumlu tutulamaz.<\/p>\n\n\n\n<p>PEDURO, bu Gizlilik ve G\u00fcvenlik Politikas\u0131nda de\u011fi\u015fiklik yapma hakk\u0131n\u0131 sakl\u0131 tutar. Politikada yap\u0131lan de\u011fi\u015fiklikler www.peduro.org.tr web sitesi arac\u0131l\u0131\u011f\u0131 ile kullan\u0131c\u0131lara duyurulacakt\u0131r.<\/p>\n\n\n\n<h3 class=\"wp-block-heading\">Service Agreement<\/h3>\n\n\n\n<p>PEDURO web sitesine \u00fcye olabilmek i\u00e7in \u00f6ncelikle dernek \u00fcyesi olman\u0131z gerekmektedir.\u00a0<a href=\"https:\/\/www.peduro.org.tr\/wp-content\/uploads\/2024\/05\/peduro-tuzuk-20170603.pdf\" data-type=\"attachment\" data-id=\"219\">Dernek t\u00fcz\u00fc\u011f\u00fcnde<\/a> ve\u00a0<a href=\"https:\/\/www.peduro.org.tr\/dernek-uyeligi\/\" data-type=\"page\" data-id=\"245\">\u00fcyelik ba\u015fvurusu sayfas\u0131nda<\/a> belirtildi\u011fi \u015fekilde ba\u015fvurunuzu tamamlay\u0131p dernek \u00fcyeli\u011finiz onayland\u0131ktan sonra web sitesi \u00fcyeli\u011fi i\u00e7in\u00a0<a href=\"https:\/\/www.peduro.org.tr\/web-sitesi-uyeligi\/\" data-type=\"page\" data-id=\"251\">yeni kullan\u0131c\u0131 ba\u015fvurusu\u00a0formunu<\/a> doldurarak ba\u015fvuruda bulunabilirsiniz. Web sitesi \u00fcyeli\u011fi ba\u015fvuru formunu doldurarak ba\u015fvuruda bulunurken bu gizlilik politikas\u0131 ve s\u00f6zle\u015fmeyi onaylaman\u0131z gerekmektedir.<\/p>\n\n\n\n<p>PEDURO web sitesine \u00fcye olduktan sonra kullan\u0131c\u0131 bilgilerinizle \u00fcye giri\u015fi yapabilir ve \u00fcyelere \u00f6zel b\u00f6l\u00fcmleri g\u00f6rebilirsiniz.<\/p>\n\n\n\n<p>Aidat ve ba\u011f\u0131\u015f \u00f6demelerinizi&nbsp;g\u00fcvenli \u00f6deme sayfam\u0131z\u0131&nbsp;kullanarak kredi kart\u0131 ile yapmay\u0131 se\u00e7ebilirsiniz. \u00d6demenizi kredi kart\u0131 ile yapman\u0131z durumunda kredi kart\u0131 bilgileriniz 256 bit SSL \u015fifreleme ile korunarak bankaya g\u00f6nderilir ve bankadan d\u00f6nen cevaba g\u00f6re i\u015fleminiz sonu\u00e7land\u0131r\u0131l\u0131r. Bu s\u00fcre\u00e7te kredi kart\u0131 bilgileriniz taraf\u0131m\u0131zdan g\u00f6r\u00fclmez ve www.peduro.org.tr sitesi \u00fczerinde kaydedilmez.<\/p>\n\n\n\n<p>Kredi kart\u0131 ile yap\u0131lan \u00f6demelerde herhangi bir nedenle \u00f6deme banka kay\u0131tlar\u0131nda iptal edilir ya da kredi kart\u0131n\u0131n \u00fc\u00e7\u00fcnc\u00fc ki\u015filerce haks\u0131z ve hukuka ayk\u0131r\u0131 kullan\u0131m\u0131ndan dolay\u0131 \u00f6dedi\u011finiz tutar\u0131n bankan\u0131z taraf\u0131ndan PEDURO&#8217;ne \u00f6denmemesi durumunda yapt\u0131\u011f\u0131n\u0131z \u00f6deme ge\u00e7ersiz olacakt\u0131r.<\/p>\n\n\n\n<p>Kredi kart\u0131 ile yap\u0131lan \u00f6demelerde kredi kart\u0131n\u0131n yetkisiz ki\u015filerce haks\u0131z ve hukuka ayk\u0131r\u0131 olarak kullan\u0131lmas\u0131 da dahil olmak \u00fczere t\u00fcrl\u00fc hukuki risk kullan\u0131c\u0131ya ait olacakt\u0131r. Kullan\u0131c\u0131, bahsi ge\u00e7en durumlarda herhangi bir \u015fekilde zarara u\u011framas\u0131 halinde PEDURO&#8217;den hi\u00e7bir talepte bulunmayaca\u011f\u0131n\u0131 kabul ve taahh\u00fct eder.<\/p>\n\n\n\n<h3 class=\"wp-block-heading\">Cancellation and Refund Conditions<\/h3>\n\n\n\n<p>Kredi kart\u0131 ile yap\u0131lan i\u015flemlerde teknik sorunlardan dolay\u0131 olu\u015fan hatalarda\u00a0<a href=\"https:\/\/www.peduro.org.tr\/iletisim\/\" data-type=\"page\" data-id=\"2\">ileti\u015fim sayfas\u0131nda<\/a> belirtilen ileti\u015fim kanallar\u0131n\u0131 kullanarak bilgi vermeniz durumunda hata en k\u0131sa s\u00fcrede d\u00fczeltilecek, yanl\u0131\u015fl\u0131kla fazla \u00f6deme yap\u0131lmas\u0131 durumunda tutar kredi kart\u0131n\u0131za iade edilecektir. Kredi kart\u0131na yap\u0131lan iade i\u015flemlerinde tutar\u0131n hesab\u0131n\u0131za yans\u0131mas\u0131 bankalar\u0131n i\u015flem s\u00fcrelerine g\u00f6re farkl\u0131l\u0131k g\u00f6sterebilir.<\/p>\n","protected":false},"excerpt":{"rendered":"<p>PEDURO Privacy and Security Policy, Cancellation and Return Policy Pediatrik \u00dcroloji Derne\u011fi (PEDURO), kullan\u0131c\u0131lar\u0131n\u0131n www.peduro.org.tr web sitesi \u00fczerinden ilettikleri ki\u015fisel bilgilerinin gizlili\u011fine \u00f6nem vermektedir ve bu ki\u015fisel bilgiler Gizlilik ve G\u00fcvenlik Politikas\u0131 ile korunmaktad\u0131r. www.peduro.org.tr web sitesine \u00fcye olurken vermeniz gereken ki\u015fisel bilgiler (ad soyad, TC kimlik numaras\u0131, vergi numaras\u0131, adres, telefon numaras\u0131, e-posta adresi [&hellip;]<\/p>\n","protected":false},"author":1,"featured_media":0,"parent":0,"menu_order":0,"comment_status":"closed","ping_status":"closed","template":"","meta":{"_coblocks_attr":"","_coblocks_dimensions":"","_coblocks_responsive_height":"","_coblocks_accordion_ie_support":"","footnotes":""},"class_list":["post-3","page","type-page","status-publish","hentry"],"_links":{"self":[{"href":"https:\/\/www.peduro.org.tr\/en\/wp-json\/wp\/v2\/pages\/3","targetHints":{"allow":["GET"]}}],"collection":[{"href":"https:\/\/www.peduro.org.tr\/en\/wp-json\/wp\/v2\/pages"}],"about":[{"href":"https:\/\/www.peduro.org.tr\/en\/wp-json\/wp\/v2\/types\/page"}],"author":[{"embeddable":true,"href":"https:\/\/www.peduro.org.tr\/en\/wp-json\/wp\/v2\/users\/1"}],"replies":[{"embeddable":true,"href":"https:\/\/www.peduro.org.tr\/en\/wp-json\/wp\/v2\/comments?post=3"}],"version-history":[{"count":3,"href":"https:\/\/www.peduro.org.tr\/en\/wp-json\/wp\/v2\/pages\/3\/revisions"}],"predecessor-version":[{"id":585,"href":"https:\/\/www.peduro.org.tr\/en\/wp-json\/wp\/v2\/pages\/3\/revisions\/585"}],"wp:attachment":[{"href":"https:\/\/www.peduro.org.tr\/en\/wp-json\/wp\/v2\/media?parent=3"}],"curies":[{"name":"wp","href":"https:\/\/api.w.org\/{rel}","templated":true}]}}