{"id":288,"date":"2024-05-10T08:27:57","date_gmt":"2024-05-10T08:27:57","guid":{"rendered":"https:\/\/www.peduro.org.tr\/?page_id=288"},"modified":"2024-05-17T12:16:40","modified_gmt":"2024-05-17T12:16:40","slug":"cocuk-urolojisi-kilavuzlari","status":"publish","type":"page","link":"https:\/\/www.peduro.org.tr\/en\/cocuk-urolojisi-kilavuzlari\/","title":{"rendered":"Pediatric Urology Guidelines"},"content":{"rendered":"\n<h2 class=\"wp-block-heading\">Pediatric Urology Guidelines<\/h2>\n\n\n\n<ul class=\"wp-block-list\">\n<li><a href=\"\/wp-content\/uploads\/2024\/05\/turkiye-enurezis-kilavuzu.pdf\" data-type=\"attachment\" data-id=\"291\">T\u00fcrkiye En\u00fcrezis K\u0131lavuzu<\/a><\/li>\n\n\n\n<li><a href=\"\/wp-content\/uploads\/2024\/05\/eau-guidelines-on-paediatric-urology-2018.pdf\" data-type=\"attachment\" data-id=\"292\">EAU Guidelines on Paediatric Urology<\/a><\/li>\n\n\n\n<li><a href=\"\/wp-content\/uploads\/2024\/05\/urinary-tract-infection-in-under-16s-diagnosis-and-management.pdf\" data-type=\"attachment\" data-id=\"293\">Urinary tract infection in under 16s: diagnosis and management<\/a><\/li>\n\n\n\n<li><a href=\"\/wp-content\/uploads\/2024\/05\/management-and-screening-of-primary-vesicoureteral-reflux-in-children-aua-guideline.pdf\" data-type=\"attachment\" data-id=\"294\">Management and Screening of Primary Vesicoureteral Reflux in Children: AUA Guideline<\/a><\/li>\n\n\n\n<li><a href=\"\/wp-content\/uploads\/2024\/05\/evaluation-and-treatment-of-cryptorchidism-aua-guideline.pdf\" data-type=\"attachment\" data-id=\"295\">Evaluation and Treatment of Cryptorchidism: AUA Guideline<\/a>\n<ul class=\"wp-block-list\">\n<li><a href=\"\/wp-content\/uploads\/2024\/05\/evaluation-and-treatment-of-cryptorchidism-aua-guideline-appendices.pdf\" data-type=\"attachment\" data-id=\"297\">Cryptorchidism: Appendices<\/a><\/li>\n\n\n\n<li><a href=\"\/wp-content\/uploads\/2024\/05\/evaluation-and-treatment-of-cryptorchidism-aua-guideline-algorithm.pdf\" data-type=\"attachment\" data-id=\"296\">Cryptorchidism: Algorithm<\/a><\/li>\n<\/ul>\n<\/li>\n\n\n\n<li><a href=\"\/wp-content\/uploads\/2024\/05\/medical-management-of-kidney-stones-aua-guideline.pdf\" data-type=\"attachment\" data-id=\"298\">Medical Management of Kidney Stones: AUA Guideline<\/a><\/li>\n\n\n\n<li><a href=\"\/wp-content\/uploads\/2024\/05\/surgical-management-of-stones-american-urological-association-endourological-society-guideline.pdf\" data-type=\"attachment\" data-id=\"299\">Surgical Management of Stones: American Urological Association\/ Endourological Society Guideline<\/a><\/li>\n\n\n\n<li><a href=\"\/wp-content\/uploads\/2024\/05\/constipation-in-children-and-young-people-diagnosis-and-management.pdf\" data-type=\"attachment\" data-id=\"300\">Constipation in children and young people: diagnosis and management<\/a><\/li>\n\n\n\n<li><a href=\"\/wp-content\/uploads\/2024\/05\/male-circumcision.pdf\" data-type=\"attachment\" data-id=\"301\">Male Circumcision<\/a>\n<ul class=\"wp-block-list\">\n<li><a href=\"\/wp-content\/uploads\/2024\/05\/circumcision-policy-statement.pdf\" data-type=\"attachment\" data-id=\"302\">Circumcision Policy Statement<\/a><\/li>\n<\/ul>\n<\/li>\n\n\n\n<li><a href=\"\/wp-content\/uploads\/2024\/05\/bedwetting-in-under-19s.pdf\" data-type=\"attachment\" data-id=\"303\">Bedwetting in under 19s<\/a><\/li>\n<\/ul>\n","protected":false},"excerpt":{"rendered":"<p>Pediatric Urology Guidelines<\/p>\n","protected":false},"author":1,"featured_media":0,"parent":0,"menu_order":0,"comment_status":"closed","ping_status":"closed","template":"","meta":{"_coblocks_attr":"","_coblocks_dimensions":"","_coblocks_responsive_height":"","_coblocks_accordion_ie_support":"","footnotes":""},"class_list":["post-288","page","type-page","status-publish","hentry"],"_links":{"self":[{"href":"https:\/\/www.peduro.org.tr\/en\/wp-json\/wp\/v2\/pages\/288","targetHints":{"allow":["GET"]}}],"collection":[{"href":"https:\/\/www.peduro.org.tr\/en\/wp-json\/wp\/v2\/pages"}],"about":[{"href":"https:\/\/www.peduro.org.tr\/en\/wp-json\/wp\/v2\/types\/page"}],"author":[{"embeddable":true,"href":"https:\/\/www.peduro.org.tr\/en\/wp-json\/wp\/v2\/users\/1"}],"replies":[{"embeddable":true,"href":"https:\/\/www.peduro.org.tr\/en\/wp-json\/wp\/v2\/comments?post=288"}],"version-history":[{"count":4,"href":"https:\/\/www.peduro.org.tr\/en\/wp-json\/wp\/v2\/pages\/288\/revisions"}],"predecessor-version":[{"id":711,"href":"https:\/\/www.peduro.org.tr\/en\/wp-json\/wp\/v2\/pages\/288\/revisions\/711"}],"wp:attachment":[{"href":"https:\/\/www.peduro.org.tr\/en\/wp-json\/wp\/v2\/media?parent=288"}],"curies":[{"name":"wp","href":"https:\/\/api.w.org\/{rel}","templated":true}]}}