{"id":283,"date":"2024-05-10T08:25:38","date_gmt":"2024-05-10T08:25:38","guid":{"rendered":"https:\/\/www.peduro.org.tr\/?page_id=283"},"modified":"2024-05-17T12:15:27","modified_gmt":"2024-05-17T12:15:27","slug":"uzmanlik-egitimi-cekirdek-mufredati","status":"publish","type":"page","link":"https:\/\/www.peduro.org.tr\/en\/uzmanlik-egitimi-cekirdek-mufredati\/","title":{"rendered":"Specialty Training Core Curriculum"},"content":{"rendered":"\n<h2 class=\"wp-block-heading\">Pediatric Urology Residency Training Core Curriculum<\/h2>\n\n\n\n<p>T\u0131pta Uzmanl\u0131k Kurulu M\u00fcfredat Olu\u015fturma ve Standart Belirleme Sistemi \u00c7ocuk \u00dcrolojisi Uzmanl\u0131k E\u011fitimi \u00c7ekirdek M\u00fcfredat\u0131<\/p>\n\n\n\n<div class=\"wp-block-buttons is-content-justification-center is-layout-flex wp-container-core-buttons-is-layout-16018d1d wp-block-buttons-is-layout-flex\">\n<div class=\"wp-block-button is-style-fill\"><a class=\"wp-block-button__link has-vivid-cyan-blue-background-color has-background wp-element-button\" href=\"\/wp-content\/uploads\/2024\/05\/peduro-cep.pdf\">Click to Open Document<\/a><\/div>\n<\/div>\n\n\n\n<div style=\"height:25px\" aria-hidden=\"true\" class=\"wp-block-spacer\"><\/div>\n\n\n<div class=\"wp-block-image\">\n<figure class=\"aligncenter size-full\"><img loading=\"lazy\" decoding=\"async\" width=\"609\" height=\"571\" src=\"https:\/\/www.peduro.org.tr\/wp-content\/uploads\/2024\/05\/peduro-cep.jpg\" alt=\"\" class=\"wp-image-285\" srcset=\"https:\/\/www.peduro.org.tr\/wp-content\/uploads\/2024\/05\/peduro-cep.jpg 609w, https:\/\/www.peduro.org.tr\/wp-content\/uploads\/2024\/05\/peduro-cep-300x281.jpg 300w, https:\/\/www.peduro.org.tr\/wp-content\/uploads\/2024\/05\/peduro-cep-240x225.jpg 240w\" sizes=\"auto, (max-width: 609px) 100vw, 609px\" \/><\/figure>\n<\/div>","protected":false},"excerpt":{"rendered":"<p>Pediatric Urology Residency Training Core Curriculum T\u0131pta Uzmanl\u0131k Kurulu M\u00fcfredat Olu\u015fturma ve Standart Belirleme Sistemi \u00c7ocuk \u00dcrolojisi Uzmanl\u0131k E\u011fitimi \u00c7ekirdek M\u00fcfredat\u0131<\/p>\n","protected":false},"author":1,"featured_media":0,"parent":0,"menu_order":0,"comment_status":"closed","ping_status":"closed","template":"","meta":{"_coblocks_attr":"","_coblocks_dimensions":"","_coblocks_responsive_height":"","_coblocks_accordion_ie_support":"","footnotes":""},"class_list":["post-283","page","type-page","status-publish","hentry"],"_links":{"self":[{"href":"https:\/\/www.peduro.org.tr\/en\/wp-json\/wp\/v2\/pages\/283","targetHints":{"allow":["GET"]}}],"collection":[{"href":"https:\/\/www.peduro.org.tr\/en\/wp-json\/wp\/v2\/pages"}],"about":[{"href":"https:\/\/www.peduro.org.tr\/en\/wp-json\/wp\/v2\/types\/page"}],"author":[{"embeddable":true,"href":"https:\/\/www.peduro.org.tr\/en\/wp-json\/wp\/v2\/users\/1"}],"replies":[{"embeddable":true,"href":"https:\/\/www.peduro.org.tr\/en\/wp-json\/wp\/v2\/comments?post=283"}],"version-history":[{"count":3,"href":"https:\/\/www.peduro.org.tr\/en\/wp-json\/wp\/v2\/pages\/283\/revisions"}],"predecessor-version":[{"id":710,"href":"https:\/\/www.peduro.org.tr\/en\/wp-json\/wp\/v2\/pages\/283\/revisions\/710"}],"wp:attachment":[{"href":"https:\/\/www.peduro.org.tr\/en\/wp-json\/wp\/v2\/media?parent=283"}],"curies":[{"name":"wp","href":"https:\/\/api.w.org\/{rel}","templated":true}]}}