{"id":276,"date":"2024-05-10T08:20:01","date_gmt":"2024-05-10T08:20:01","guid":{"rendered":"https:\/\/www.peduro.org.tr\/?page_id=276"},"modified":"2024-05-17T12:14:04","modified_gmt":"2024-05-17T12:14:04","slug":"cocuk-urolojisi-ders-notlari","status":"publish","type":"page","link":"https:\/\/www.peduro.org.tr\/en\/cocuk-urolojisi-ders-notlari\/","title":{"rendered":"Pediatric Urology Lecture Notes"},"content":{"rendered":"\n<h2 class=\"wp-block-heading\">Pediatric Urology Formal Student Lecture Notes<\/h2>\n\n\n\n<p>Bu kitapc\u0131k, \u00f6rg\u00fcn \u00f6\u011frenim g\u00f6ren T\u0131p Fak\u00fcltesi \u00f6\u011frencilerinin \u201c<strong>\u00c7ocuk \u00dcrolojisi<\/strong>\u201d alan\u0131nda minimum bilmesi beklenen \u00f6zet bilgiler i\u00e7ermektedir.<\/p>\n\n\n\n<p>Bu bilimsel eserin ortaya \u00e7\u0131kmas\u0131nda b\u00fcy\u00fck eme\u011fi ge\u00e7en&nbsp;<strong>Pediatrik \u00dcroloji Derne\u011fi<\/strong>\u2019imizin E\u011fitim Komisyonu \u00fcyelerine ve Y\u00f6netim Kurulu \u00fcyelerine sonsuz te\u015fekk\u00fcrlerimi sunar\u0131m.<\/p>\n\n\n\n<p><em>Prof. Dr. Abdurrahman \u00d6NEN<\/em><br><em><strong>Pediatrik \u00dcroloji Derne\u011fi Ba\u015fkan\u0131<\/strong><\/em><\/p>\n\n\n\n<div class=\"wp-block-buttons is-content-justification-center is-layout-flex wp-container-core-buttons-is-layout-16018d1d wp-block-buttons-is-layout-flex\">\n<div class=\"wp-block-button is-style-fill\"><a class=\"wp-block-button__link has-vivid-cyan-blue-background-color has-background wp-element-button\" href=\"\/wp-content\/uploads\/2024\/05\/cocuk-urolojisi-ders-notlari.pdf\">Click to Open Lecture Notes<\/a><\/div>\n<\/div>\n\n\n\n<div style=\"height:25px\" aria-hidden=\"true\" class=\"wp-block-spacer\"><\/div>\n\n\n<div class=\"wp-block-image\">\n<figure class=\"aligncenter size-full\"><img loading=\"lazy\" decoding=\"async\" width=\"826\" height=\"1169\" src=\"https:\/\/www.peduro.org.tr\/wp-content\/uploads\/2024\/05\/cocuk-urolojisi-ders-notlari.jpg\" alt=\"\" class=\"wp-image-278\" srcset=\"https:\/\/www.peduro.org.tr\/wp-content\/uploads\/2024\/05\/cocuk-urolojisi-ders-notlari.jpg 826w, https:\/\/www.peduro.org.tr\/wp-content\/uploads\/2024\/05\/cocuk-urolojisi-ders-notlari-212x300.jpg 212w, https:\/\/www.peduro.org.tr\/wp-content\/uploads\/2024\/05\/cocuk-urolojisi-ders-notlari-724x1024.jpg 724w, https:\/\/www.peduro.org.tr\/wp-content\/uploads\/2024\/05\/cocuk-urolojisi-ders-notlari-768x1087.jpg 768w, https:\/\/www.peduro.org.tr\/wp-content\/uploads\/2024\/05\/cocuk-urolojisi-ders-notlari-159x225.jpg 159w\" sizes=\"auto, (max-width: 826px) 100vw, 826px\" \/><\/figure>\n<\/div>","protected":false},"excerpt":{"rendered":"<p>Pediatric Urology Formal Student Lecture Notes Bu kitapc\u0131k, \u00f6rg\u00fcn \u00f6\u011frenim g\u00f6ren T\u0131p Fak\u00fcltesi \u00f6\u011frencilerinin \u201c\u00c7ocuk \u00dcrolojisi\u201d alan\u0131nda minimum bilmesi beklenen \u00f6zet bilgiler i\u00e7ermektedir. Bu bilimsel eserin ortaya \u00e7\u0131kmas\u0131nda b\u00fcy\u00fck eme\u011fi ge\u00e7en&nbsp;Pediatrik \u00dcroloji Derne\u011fi\u2019imizin E\u011fitim Komisyonu \u00fcyelerine ve Y\u00f6netim Kurulu \u00fcyelerine sonsuz te\u015fekk\u00fcrlerimi sunar\u0131m. Prof. Dr. Abdurrahman \u00d6NENPediatrik \u00dcroloji Derne\u011fi Ba\u015fkan\u0131<\/p>\n","protected":false},"author":1,"featured_media":0,"parent":0,"menu_order":0,"comment_status":"closed","ping_status":"closed","template":"","meta":{"_coblocks_attr":"","_coblocks_dimensions":"","_coblocks_responsive_height":"","_coblocks_accordion_ie_support":"","footnotes":""},"class_list":["post-276","page","type-page","status-publish","hentry"],"_links":{"self":[{"href":"https:\/\/www.peduro.org.tr\/en\/wp-json\/wp\/v2\/pages\/276","targetHints":{"allow":["GET"]}}],"collection":[{"href":"https:\/\/www.peduro.org.tr\/en\/wp-json\/wp\/v2\/pages"}],"about":[{"href":"https:\/\/www.peduro.org.tr\/en\/wp-json\/wp\/v2\/types\/page"}],"author":[{"embeddable":true,"href":"https:\/\/www.peduro.org.tr\/en\/wp-json\/wp\/v2\/users\/1"}],"replies":[{"embeddable":true,"href":"https:\/\/www.peduro.org.tr\/en\/wp-json\/wp\/v2\/comments?post=276"}],"version-history":[{"count":4,"href":"https:\/\/www.peduro.org.tr\/en\/wp-json\/wp\/v2\/pages\/276\/revisions"}],"predecessor-version":[{"id":709,"href":"https:\/\/www.peduro.org.tr\/en\/wp-json\/wp\/v2\/pages\/276\/revisions\/709"}],"wp:attachment":[{"href":"https:\/\/www.peduro.org.tr\/en\/wp-json\/wp\/v2\/media?parent=276"}],"curies":[{"name":"wp","href":"https:\/\/api.w.org\/{rel}","templated":true}]}}