{"id":271,"date":"2024-05-10T08:13:24","date_gmt":"2024-05-10T08:13:24","guid":{"rendered":"https:\/\/www.peduro.org.tr\/?page_id=271"},"modified":"2024-11-25T13:51:33","modified_gmt":"2024-11-25T10:51:33","slug":"cocuk-urolojisi-kitabi","status":"publish","type":"page","link":"https:\/\/www.peduro.org.tr\/en\/cocuk-urolojisi-kitabi\/","title":{"rendered":"Pediatric Urology Book"},"content":{"rendered":"\n<h2 class=\"wp-block-heading\">Pediatric Urology Book Published<\/h2>\n\n\n\n<p>560 Sayfa, Tamam\u0131 Renkli, Ku\u015fe Ka\u011f\u0131t, B\u00fcy\u00fck Boy, \u0130plik Diki\u015f ve Ciltli Sert kapak \u00f6zelliklerinde kitab\u0131m\u0131z\u0131 B\u00fcg\u00fcn Sat\u0131n Alan Herkese Ad\u0131m Ad\u0131 T\u0131bbi Makale Nas\u0131l Yaz\u0131l\u0131r Kitab\u0131 \u00dcCRETS\u0130Z G\u00f6nderilecektir.<\/p>\n\n\n\n<p>US Akademi &#038; \u0130ntert\u0131p<br>M\u00fc\u015fteri Hizmetleri<br>0532 794 1988 &#8211; 0850 885 0735<\/p>\n\n\n\n<div class=\"wp-block-buttons is-content-justification-center is-layout-flex wp-container-core-buttons-is-layout-16018d1d wp-block-buttons-is-layout-flex\">\n<div class=\"wp-block-button is-style-fill\"><a class=\"wp-block-button__link has-vivid-cyan-blue-background-color has-background wp-element-button\" href=\"\/wp-content\/uploads\/2024\/05\/cocuk-urolojisi-kitap-tanitimi.pdf\">Click to Review the Book<\/a><\/div>\n<\/div>\n\n\n\n<div style=\"height:25px\" aria-hidden=\"true\" class=\"wp-block-spacer\"><\/div>\n\n\n<div class=\"wp-block-image\">\n<figure class=\"aligncenter size-full\"><img loading=\"lazy\" decoding=\"async\" width=\"600\" height=\"870\" src=\"https:\/\/www.peduro.org.tr\/wp-content\/uploads\/2024\/05\/cocuk-urolojisi-kitabi.jpg\" alt=\"\" class=\"wp-image-274\" srcset=\"https:\/\/www.peduro.org.tr\/wp-content\/uploads\/2024\/05\/cocuk-urolojisi-kitabi.jpg 600w, https:\/\/www.peduro.org.tr\/wp-content\/uploads\/2024\/05\/cocuk-urolojisi-kitabi-207x300.jpg 207w, https:\/\/www.peduro.org.tr\/wp-content\/uploads\/2024\/05\/cocuk-urolojisi-kitabi-155x225.jpg 155w\" sizes=\"auto, (max-width: 600px) 100vw, 600px\" \/><\/figure>\n<\/div>","protected":false},"excerpt":{"rendered":"<p>Pediatric Urology Book Published 560 Sayfa, Tamam\u0131 Renkli, Ku\u015fe Ka\u011f\u0131t, B\u00fcy\u00fck Boy, \u0130plik Diki\u015f ve Ciltli Sert kapak \u00f6zelliklerinde kitab\u0131m\u0131z\u0131 B\u00fcg\u00fcn Sat\u0131n Alan Herkese Ad\u0131m Ad\u0131 T\u0131bbi Makale Nas\u0131l Yaz\u0131l\u0131r Kitab\u0131 \u00dcCRETS\u0130Z G\u00f6nderilecektir. US Akademi &#038; \u0130ntert\u0131pM\u00fc\u015fteri Hizmetleri0532 794 1988 &#8211; 0850 885 0735<\/p>\n","protected":false},"author":1,"featured_media":0,"parent":0,"menu_order":0,"comment_status":"closed","ping_status":"closed","template":"","meta":{"_coblocks_attr":"","_coblocks_dimensions":"","_coblocks_responsive_height":"","_coblocks_accordion_ie_support":"","footnotes":""},"class_list":["post-271","page","type-page","status-publish","hentry"],"_links":{"self":[{"href":"https:\/\/www.peduro.org.tr\/en\/wp-json\/wp\/v2\/pages\/271","targetHints":{"allow":["GET"]}}],"collection":[{"href":"https:\/\/www.peduro.org.tr\/en\/wp-json\/wp\/v2\/pages"}],"about":[{"href":"https:\/\/www.peduro.org.tr\/en\/wp-json\/wp\/v2\/types\/page"}],"author":[{"embeddable":true,"href":"https:\/\/www.peduro.org.tr\/en\/wp-json\/wp\/v2\/users\/1"}],"replies":[{"embeddable":true,"href":"https:\/\/www.peduro.org.tr\/en\/wp-json\/wp\/v2\/comments?post=271"}],"version-history":[{"count":7,"href":"https:\/\/www.peduro.org.tr\/en\/wp-json\/wp\/v2\/pages\/271\/revisions"}],"predecessor-version":[{"id":865,"href":"https:\/\/www.peduro.org.tr\/en\/wp-json\/wp\/v2\/pages\/271\/revisions\/865"}],"wp:attachment":[{"href":"https:\/\/www.peduro.org.tr\/en\/wp-json\/wp\/v2\/media?parent=271"}],"curies":[{"name":"wp","href":"https:\/\/api.w.org\/{rel}","templated":true}]}}