{"id":261,"date":"2024-05-10T07:41:50","date_gmt":"2024-05-10T07:41:50","guid":{"rendered":"https:\/\/www.peduro.org.tr\/?page_id=261"},"modified":"2024-05-17T12:05:00","modified_gmt":"2024-05-17T12:05:00","slug":"odeme-bildirimi","status":"publish","type":"page","link":"https:\/\/www.peduro.org.tr\/en\/odeme-bildirimi\/","title":{"rendered":"Payment Notification"},"content":{"rendered":"\n<h2 class=\"wp-block-heading\">PEDURO Payment Notification Form<\/h2>\n\n\n\n<p>Aidat \u00f6demenizi banka havalesi \/ EFT ile yapt\u0131ktan sonra i\u015flem dekontunuzu a\u015fa\u011f\u0131daki formu kullanarak bize g\u00f6nderirseniz \u00f6demeniz daha erken \u00fcye hesab\u0131n\u0131za i\u015flenecektir.<\/p>\n\n\n\n<p class=\"is-style-info\"><strong>Not: <\/strong>Havale \/ EFT yaparken l\u00fctfen a\u00e7\u0131klama k\u0131sm\u0131nda ad\u0131n\u0131z\u0131 ve aidat \u00f6demesi yapt\u0131\u011f\u0131n\u0131z\u0131 belirtmeyi unutmay\u0131n\u0131z.<\/p>\n\n\n\n<div class=\"wp-block-contact-form-7-contact-form-selector\">\n<div class=\"wpcf7 no-js\" id=\"wpcf7-f260-o1\" lang=\"tr-TR\" dir=\"ltr\" data-wpcf7-id=\"260\">\n<div class=\"screen-reader-response\"><p role=\"status\" aria-live=\"polite\" aria-atomic=\"true\"><\/p> <ul><\/ul><\/div>\n<form action=\"\/en\/wp-json\/wp\/v2\/pages\/261#wpcf7-f260-o1\" method=\"post\" class=\"wpcf7-form init\" aria-label=\"\u0130leti\u015fim Formu\" enctype=\"multipart\/form-data\" novalidate=\"novalidate\" data-status=\"init\">\n<fieldset class=\"hidden-fields-container\"><input type=\"hidden\" name=\"_wpcf7\" value=\"260\" \/><input type=\"hidden\" name=\"_wpcf7_version\" value=\"6.1.5\" \/><input type=\"hidden\" name=\"_wpcf7_locale\" value=\"tr_TR\" \/><input type=\"hidden\" name=\"_wpcf7_unit_tag\" value=\"wpcf7-f260-o1\" \/><input type=\"hidden\" name=\"_wpcf7_container_post\" value=\"0\" \/><input type=\"hidden\" name=\"_wpcf7_posted_data_hash\" value=\"\" \/><input type=\"hidden\" name=\"lang\" value=\"en\" \/><input type=\"hidden\" name=\"_wpcf7_recaptcha_response\" value=\"\" \/>\n<\/fieldset>\n<p><label> First Last Name*<br \/>\n<span class=\"wpcf7-form-control-wrap\" data-name=\"ad-soyad\"><input size=\"40\" maxlength=\"400\" class=\"wpcf7-form-control wpcf7-text wpcf7-validates-as-required\" aria-required=\"true\" aria-invalid=\"false\" value=\"\" type=\"text\" name=\"ad-soyad\" \/><\/span> <\/label>\n<\/p>\n<p><label> Email Addresss*<br \/>\n<span class=\"wpcf7-form-control-wrap\" data-name=\"eposta\"><input size=\"40\" maxlength=\"400\" class=\"wpcf7-form-control wpcf7-email wpcf7-validates-as-required wpcf7-text wpcf7-validates-as-email\" aria-required=\"true\" aria-invalid=\"false\" value=\"\" type=\"email\" name=\"eposta\" \/><\/span> <\/label>\n<\/p>\n<p><label> Phone Number*<br \/>\n<span class=\"wpcf7-form-control-wrap\" data-name=\"telefon\"><input size=\"40\" maxlength=\"400\" class=\"wpcf7-form-control wpcf7-tel wpcf7-validates-as-required wpcf7-text wpcf7-validates-as-tel\" aria-required=\"true\" aria-invalid=\"false\" value=\"\" type=\"tel\" name=\"telefon\" \/><\/span> <\/label>\n<\/p>\n<p><label> Payment Type*<br \/>\n<span class=\"wpcf7-form-control-wrap\" data-name=\"odeme-turu\"><select class=\"wpcf7-form-control wpcf7-select wpcf7-validates-as-required form-control\" aria-required=\"true\" aria-invalid=\"false\" name=\"odeme-turu\"><option value=\"\">&#8212;L\u00fctfen bir se\u00e7enek se\u00e7in&#8212;<\/option><option value=\"Dues Payment\">Dues Payment<\/option><option value=\"Other\">Other<\/option><\/select><\/span> <\/label>\n<\/p>\n<p><label> Amount*<br \/>\n<span class=\"wpcf7-form-control-wrap\" data-name=\"tutar\"><input size=\"40\" maxlength=\"400\" class=\"wpcf7-form-control wpcf7-text wpcf7-validates-as-required\" aria-required=\"true\" aria-invalid=\"false\" value=\"\" type=\"text\" name=\"tutar\" \/><\/span> <\/label>\n<\/p>\n<p><label> Description* <small><em>brief description of your payment<\/em><\/small><br \/>\n<span class=\"wpcf7-form-control-wrap\" data-name=\"aciklama\"><textarea cols=\"40\" rows=\"10\" maxlength=\"2000\" class=\"wpcf7-form-control wpcf7-textarea form-control\" aria-invalid=\"false\" name=\"aciklama\"><\/textarea><\/span> <\/label>\n<\/p>\n<p><label> Receipt*<br \/>\n<span class=\"wpcf7-form-control-wrap\" data-name=\"dekont\"><input size=\"40\" class=\"wpcf7-form-control wpcf7-file wpcf7-validates-as-required\" accept=\".pdf,.jpg,.jpeg,.png\" aria-required=\"true\" aria-invalid=\"false\" type=\"file\" name=\"dekont\" \/><\/span> <\/label>\n<\/p>\n<p><input class=\"wpcf7-form-control wpcf7-submit has-spinner\" type=\"submit\" value=\"Submit\" \/>\n<\/p><div class=\"wpcf7-response-output\" aria-hidden=\"true\"><\/div>\n<\/form>\n<\/div>\n<\/div>\n","protected":false},"excerpt":{"rendered":"<p>PEDURO Payment Notification Form Aidat \u00f6demenizi banka havalesi \/ EFT ile yapt\u0131ktan sonra i\u015flem dekontunuzu a\u015fa\u011f\u0131daki formu kullanarak bize g\u00f6nderirseniz \u00f6demeniz daha erken \u00fcye hesab\u0131n\u0131za i\u015flenecektir. Not: Havale \/ EFT yaparken l\u00fctfen a\u00e7\u0131klama k\u0131sm\u0131nda ad\u0131n\u0131z\u0131 ve aidat \u00f6demesi yapt\u0131\u011f\u0131n\u0131z\u0131 belirtmeyi unutmay\u0131n\u0131z.<\/p>\n","protected":false},"author":1,"featured_media":0,"parent":0,"menu_order":0,"comment_status":"closed","ping_status":"closed","template":"","meta":{"_coblocks_attr":"","_coblocks_dimensions":"","_coblocks_responsive_height":"","_coblocks_accordion_ie_support":"","footnotes":""},"class_list":["post-261","page","type-page","status-publish","hentry"],"_links":{"self":[{"href":"https:\/\/www.peduro.org.tr\/en\/wp-json\/wp\/v2\/pages\/261","targetHints":{"allow":["GET"]}}],"collection":[{"href":"https:\/\/www.peduro.org.tr\/en\/wp-json\/wp\/v2\/pages"}],"about":[{"href":"https:\/\/www.peduro.org.tr\/en\/wp-json\/wp\/v2\/types\/page"}],"author":[{"embeddable":true,"href":"https:\/\/www.peduro.org.tr\/en\/wp-json\/wp\/v2\/users\/1"}],"replies":[{"embeddable":true,"href":"https:\/\/www.peduro.org.tr\/en\/wp-json\/wp\/v2\/comments?post=261"}],"version-history":[{"count":3,"href":"https:\/\/www.peduro.org.tr\/en\/wp-json\/wp\/v2\/pages\/261\/revisions"}],"predecessor-version":[{"id":699,"href":"https:\/\/www.peduro.org.tr\/en\/wp-json\/wp\/v2\/pages\/261\/revisions\/699"}],"wp:attachment":[{"href":"https:\/\/www.peduro.org.tr\/en\/wp-json\/wp\/v2\/media?parent=261"}],"curies":[{"name":"wp","href":"https:\/\/api.w.org\/{rel}","templated":true}]}}