{"id":254,"date":"2024-05-10T07:13:21","date_gmt":"2024-05-10T07:13:21","guid":{"rendered":"https:\/\/www.peduro.org.tr\/?page_id=254"},"modified":"2025-07-31T15:42:33","modified_gmt":"2025-07-31T12:42:33","slug":"aidat-odemeleri","status":"publish","type":"page","link":"https:\/\/www.peduro.org.tr\/en\/aidat-odemeleri\/","title":{"rendered":"Dues Payments"},"content":{"rendered":"\n<h2 class=\"wp-block-heading\">PEDURO Dues Payments<\/h2>\n\n\n\n<p>Say\u0131n Dernek \u00dcyelerimiz,<\/p>\n\n\n\n<p>Aidat \u00f6demelerinizi a\u015fa\u011f\u0131daki PEDURO banka hesap bilgilerini kullanarak havale \/ EFT yoluyla yapabilirsiniz. (L\u00fctfen \u00f6deme yaparken a\u00e7\u0131klama k\u0131sm\u0131na ad\u0131n\u0131z\u0131 ve aidat \u00f6demesi oldu\u011funu yaz\u0131n\u0131z.)<\/p>\n\n\n\n<p class=\"is-style-info\">\u00d6demenizi yapt\u0131ktan sonra <a href=\"\/odeme-bildirimi\/\" data-type=\"page\" data-id=\"261\">\u00f6deme bildirim formunu<\/a> kullanarak dekontunuzu g\u00f6ndermeyi unutmay\u0131n\u0131z.<\/p>\n\n\n\n<p><strong>PED\u0130ATR\u0130K \u00dcROLOJ\u0130 DERNE\u011e\u0130 BANKA HESAP B\u0130LG\u0130LER\u0130:<\/strong><br>Garanti Bankas\u0131 S\u00fcreyyapa\u015fa \u015eubesi, \u015eube Kodu: 742<br>Pediatrik \u00dcroloji Derne\u011fi Hesab\u0131, Hesap No: 6299223, \u0130stanbul<br><strong>IBAN No: TR04 0006 2000 7420 0006 2992 23<\/strong><\/p>\n\n\n\n<p>\u00dcye giri\u015fi ve \u00f6deme i\u015flemleri ile ilgili sorular\u0131n\u0131z i\u00e7in&nbsp;<a href=\"mailto:cahitguclu@gmail.com\">cahitguclu@gmail.com<\/a>&nbsp;adresinden eposta ile yard\u0131m alabilirsiniz.<\/p>\n\n\n\n<div class=\"wp-block-group has-background is-nowrap is-layout-flex wp-container-core-group-is-layout-ad2f72ca wp-block-group-is-layout-flex\" style=\"background-color:#8dd2fc6e\">\n<figure class=\"wp-block-image size-full is-resized\"><img loading=\"lazy\" decoding=\"async\" width=\"512\" height=\"512\" src=\"https:\/\/www.peduro.org.tr\/wp-content\/uploads\/2024\/04\/blue-information-button-18667.png\" alt=\"\" class=\"wp-image-31\" style=\"width:64px\" srcset=\"https:\/\/www.peduro.org.tr\/wp-content\/uploads\/2024\/04\/blue-information-button-18667.png 512w, https:\/\/www.peduro.org.tr\/wp-content\/uploads\/2024\/04\/blue-information-button-18667-300x300.png 300w, https:\/\/www.peduro.org.tr\/wp-content\/uploads\/2024\/04\/blue-information-button-18667-150x150.png 150w, https:\/\/www.peduro.org.tr\/wp-content\/uploads\/2024\/04\/blue-information-button-18667-225x225.png 225w\" sizes=\"auto, (max-width: 512px) 100vw, 512px\" \/><\/figure>\n\n\n\n<div class=\"wp-block-group is-vertical is-layout-flex wp-container-core-group-is-layout-8cf370e7 wp-block-group-is-layout-flex\">\n<h3 class=\"wp-block-heading\">Say\u0131n \u00dcyelerimiz,<\/h3>\n\n\n\n<p>Pediatrik \u00dcroloji Derne\u011fi y\u0131ll\u0131k \u00fcyelik aidatlar\u0131 ve \u00fcyelik giri\u015f \u00f6demesi <strong>250 TL<\/strong>&#8216;dir.<\/p>\n<\/div>\n<\/div>\n","protected":false},"excerpt":{"rendered":"<p>PEDURO Dues Payments Say\u0131n Dernek \u00dcyelerimiz, Aidat \u00f6demelerinizi a\u015fa\u011f\u0131daki PEDURO banka hesap bilgilerini kullanarak havale \/ EFT yoluyla yapabilirsiniz. (L\u00fctfen \u00f6deme yaparken a\u00e7\u0131klama k\u0131sm\u0131na ad\u0131n\u0131z\u0131 ve aidat \u00f6demesi oldu\u011funu yaz\u0131n\u0131z.) \u00d6demenizi yapt\u0131ktan sonra \u00f6deme bildirim formunu kullanarak dekontunuzu g\u00f6ndermeyi unutmay\u0131n\u0131z. PED\u0130ATR\u0130K \u00dcROLOJ\u0130 DERNE\u011e\u0130 BANKA HESAP B\u0130LG\u0130LER\u0130:Garanti Bankas\u0131 S\u00fcreyyapa\u015fa \u015eubesi, \u015eube Kodu: 742Pediatrik \u00dcroloji Derne\u011fi Hesab\u0131, [&hellip;]<\/p>\n","protected":false},"author":1,"featured_media":0,"parent":0,"menu_order":0,"comment_status":"closed","ping_status":"closed","template":"","meta":{"_coblocks_attr":"","_coblocks_dimensions":"","_coblocks_responsive_height":"","_coblocks_accordion_ie_support":"","footnotes":""},"class_list":["post-254","page","type-page","status-publish","hentry"],"_links":{"self":[{"href":"https:\/\/www.peduro.org.tr\/en\/wp-json\/wp\/v2\/pages\/254","targetHints":{"allow":["GET"]}}],"collection":[{"href":"https:\/\/www.peduro.org.tr\/en\/wp-json\/wp\/v2\/pages"}],"about":[{"href":"https:\/\/www.peduro.org.tr\/en\/wp-json\/wp\/v2\/types\/page"}],"author":[{"embeddable":true,"href":"https:\/\/www.peduro.org.tr\/en\/wp-json\/wp\/v2\/users\/1"}],"replies":[{"embeddable":true,"href":"https:\/\/www.peduro.org.tr\/en\/wp-json\/wp\/v2\/comments?post=254"}],"version-history":[{"count":7,"href":"https:\/\/www.peduro.org.tr\/en\/wp-json\/wp\/v2\/pages\/254\/revisions"}],"predecessor-version":[{"id":959,"href":"https:\/\/www.peduro.org.tr\/en\/wp-json\/wp\/v2\/pages\/254\/revisions\/959"}],"wp:attachment":[{"href":"https:\/\/www.peduro.org.tr\/en\/wp-json\/wp\/v2\/media?parent=254"}],"curies":[{"name":"wp","href":"https:\/\/api.w.org\/{rel}","templated":true}]}}