{"id":251,"date":"2024-05-10T07:08:02","date_gmt":"2024-05-10T07:08:02","guid":{"rendered":"https:\/\/www.peduro.org.tr\/?page_id=251"},"modified":"2024-05-17T12:03:10","modified_gmt":"2024-05-17T12:03:10","slug":"web-sitesi-uyeligi","status":"publish","type":"page","link":"https:\/\/www.peduro.org.tr\/en\/web-sitesi-uyeligi\/","title":{"rendered":"User Registration"},"content":{"rendered":"\n<h2 class=\"wp-block-heading\">Society for Pediatric Urology Web Site User Registration<\/h2>\n\n\n\n<p>Pediatrik \u00dcroloji Derne\u011fi Web Sitesi&#8217;ne \u00fcye olabilmek i\u00e7in \u00f6ncelikle derne\u011fimize \u00fcye olman\u0131z gerekmektedir. Dernek \u00fcyeli\u011fine ba\u015fvurmak i\u00e7in yapman\u0131z gereken i\u015flemleri&nbsp;<a href=\"\/dernek-uyeligi\/\" data-type=\"page\" data-id=\"245\">dernek \u00fcyeli\u011fi sayfam\u0131zda<\/a>&nbsp;bulabilirsiniz.<\/p>\n\n\n\n<p>Derne\u011fimize \u00fcye olduktan sonra web sitesi \u00fcyeli\u011fi i\u00e7in&nbsp;<a href=\"\/register\">kay\u0131t formunu<\/a>&nbsp;doldurman\u0131z gerekmektedir. En k\u0131sa s\u00fcrede ba\u015fvurunuz i\u015fleme konulup size bilgi verilecektir.<\/p>\n","protected":false},"excerpt":{"rendered":"<p>Society for Pediatric Urology Web Site User Registration Pediatrik \u00dcroloji Derne\u011fi Web Sitesi&#8217;ne \u00fcye olabilmek i\u00e7in \u00f6ncelikle derne\u011fimize \u00fcye olman\u0131z gerekmektedir. Dernek \u00fcyeli\u011fine ba\u015fvurmak i\u00e7in yapman\u0131z gereken i\u015flemleri&nbsp;dernek \u00fcyeli\u011fi sayfam\u0131zda&nbsp;bulabilirsiniz. Derne\u011fimize \u00fcye olduktan sonra web sitesi \u00fcyeli\u011fi i\u00e7in&nbsp;kay\u0131t formunu&nbsp;doldurman\u0131z gerekmektedir. En k\u0131sa s\u00fcrede ba\u015fvurunuz i\u015fleme konulup size bilgi verilecektir.<\/p>\n","protected":false},"author":1,"featured_media":0,"parent":0,"menu_order":0,"comment_status":"closed","ping_status":"closed","template":"","meta":{"_coblocks_attr":"","_coblocks_dimensions":"","_coblocks_responsive_height":"","_coblocks_accordion_ie_support":"","footnotes":""},"class_list":["post-251","page","type-page","status-publish","hentry"],"_links":{"self":[{"href":"https:\/\/www.peduro.org.tr\/en\/wp-json\/wp\/v2\/pages\/251","targetHints":{"allow":["GET"]}}],"collection":[{"href":"https:\/\/www.peduro.org.tr\/en\/wp-json\/wp\/v2\/pages"}],"about":[{"href":"https:\/\/www.peduro.org.tr\/en\/wp-json\/wp\/v2\/types\/page"}],"author":[{"embeddable":true,"href":"https:\/\/www.peduro.org.tr\/en\/wp-json\/wp\/v2\/users\/1"}],"replies":[{"embeddable":true,"href":"https:\/\/www.peduro.org.tr\/en\/wp-json\/wp\/v2\/comments?post=251"}],"version-history":[{"count":3,"href":"https:\/\/www.peduro.org.tr\/en\/wp-json\/wp\/v2\/pages\/251\/revisions"}],"predecessor-version":[{"id":697,"href":"https:\/\/www.peduro.org.tr\/en\/wp-json\/wp\/v2\/pages\/251\/revisions\/697"}],"wp:attachment":[{"href":"https:\/\/www.peduro.org.tr\/en\/wp-json\/wp\/v2\/media?parent=251"}],"curies":[{"name":"wp","href":"https:\/\/api.w.org\/{rel}","templated":true}]}}