{"id":245,"date":"2024-05-10T06:38:58","date_gmt":"2024-05-10T06:38:58","guid":{"rendered":"https:\/\/www.peduro.org.tr\/?page_id=245"},"modified":"2024-11-23T23:43:07","modified_gmt":"2024-11-23T20:43:07","slug":"dernek-uyeligi","status":"publish","type":"page","link":"https:\/\/www.peduro.org.tr\/en\/dernek-uyeligi\/","title":{"rendered":"Association Membership"},"content":{"rendered":"\n<h2 class=\"wp-block-heading\">Society for Pediatric Urology Membership Application<\/h2>\n\n\n\n<p>Pediatrik \u00dcroloji Derne\u011fi&#8217;ne \u00fcyelik i\u00e7in gerekli belgeler a\u015fa\u011f\u0131da listelenmi\u015ftir:<\/p>\n\n\n\n<ul class=\"wp-block-list\">\n<li><a href=\"\/wp-content\/uploads\/2024\/05\/peduro-uyelik-basvuru-dilekcesi.doc\" data-type=\"attachment\" data-id=\"249\">\u00dcyelik ba\u015fvuru dilek\u00e7esi<\/a><\/li>\n\n\n\n<li>TC Kimlik Numaras\u0131 bulunan n\u00fcfus c\u00fczdan\u0131 fotokopisi<\/li>\n\n\n\n<li>Vesikal\u0131k foto\u011fraf<\/li>\n\n\n\n<li><a href=\"\/wp-content\/uploads\/2024\/05\/peduro-uyelik-ozgecmis-formu.doc\" data-type=\"attachment\" data-id=\"248\">\u00dcyelik formu ve \u00e7ocuk \u00fcrolojisi alan\u0131ndaki \u00f6zge\u00e7mi\u015f<\/a><\/li>\n\n\n\n<li>\u00dcyelik giri\u015f \u00f6deme makbuzu (250 TL)<\/li>\n<\/ul>\n\n\n\n<p>Garanti Bankas\u0131 S\u00fcreyyapa\u015fa \u015eubesi, \u0130stanbul<br>\u015eube No:&nbsp;<strong>742<\/strong><br>Hesap No:&nbsp;<strong>6299223<\/strong><br>\u0130BAN No:&nbsp;<strong>TR04 0006 2000 7420 0006 2992 23<\/strong><\/p>\n\n\n\n<p>Yukardaki belgeleri tamamlay\u0131p, ba\u015fvuru dilek\u00e7esi ve formunu doldurup imzalad\u0131ktan sonra dernek genel sekreterine a\u015fa\u011f\u0131daki ileti\u015fim bilgilerini kullanarak ula\u015ft\u0131rman\u0131z gerekmektedir.<\/p>\n\n\n\n<p>Derne\u011fe \u00fcyelik ba\u015fvurunuz onayland\u0131ktan sonra&nbsp;<a href=\"\/web-sitesi-uyeligi\/\" data-type=\"page\" data-id=\"251\">web sitesi \u00fcyeli\u011fi<\/a>&nbsp;i\u00e7in de ba\u015fvurarak web sitemize \u00fcye olmay\u0131 unutmay\u0131n\u0131z.<\/p>\n\n\n\n<hr class=\"wp-block-separator has-alpha-channel-opacity\"\/>\n\n\n\n<p>Do\u00e7. Dr. Ali Tekin<br>Pediatrik \u00dcroloji Derne\u011fi Genel Sekreteri<\/p>\n\n\n\n<p><strong>E-posta:&nbsp;<\/strong><a href=\"mailto:dralitekin@gmail.com\">dralitekin@gmail.com<\/a><\/p>\n\n\n\n<p><strong>Adres:<\/strong><br>Ege \u00dcniversitesi T\u0131p Fak\u00fcltesi Hastanesi \u00c7ocuk Cerrahisi A.D.<br>Kaz\u0131m Dirik Mahallesi, Bornova \/ \u0130zmir<\/p>\n","protected":false},"excerpt":{"rendered":"<p>Society for Pediatric Urology Membership Application Pediatrik \u00dcroloji Derne\u011fi&#8217;ne \u00fcyelik i\u00e7in gerekli belgeler a\u015fa\u011f\u0131da listelenmi\u015ftir: Garanti Bankas\u0131 S\u00fcreyyapa\u015fa \u015eubesi, \u0130stanbul\u015eube No:&nbsp;742Hesap No:&nbsp;6299223\u0130BAN No:&nbsp;TR04 0006 2000 7420 0006 2992 23 Yukardaki belgeleri tamamlay\u0131p, ba\u015fvuru dilek\u00e7esi ve formunu doldurup imzalad\u0131ktan sonra dernek genel sekreterine a\u015fa\u011f\u0131daki ileti\u015fim bilgilerini kullanarak ula\u015ft\u0131rman\u0131z gerekmektedir. Derne\u011fe \u00fcyelik ba\u015fvurunuz onayland\u0131ktan sonra&nbsp;web sitesi \u00fcyeli\u011fi&nbsp;i\u00e7in [&hellip;]<\/p>\n","protected":false},"author":1,"featured_media":0,"parent":0,"menu_order":0,"comment_status":"closed","ping_status":"closed","template":"","meta":{"_coblocks_attr":"","_coblocks_dimensions":"","_coblocks_responsive_height":"","_coblocks_accordion_ie_support":"","footnotes":""},"class_list":["post-245","page","type-page","status-publish","hentry"],"_links":{"self":[{"href":"https:\/\/www.peduro.org.tr\/en\/wp-json\/wp\/v2\/pages\/245","targetHints":{"allow":["GET"]}}],"collection":[{"href":"https:\/\/www.peduro.org.tr\/en\/wp-json\/wp\/v2\/pages"}],"about":[{"href":"https:\/\/www.peduro.org.tr\/en\/wp-json\/wp\/v2\/types\/page"}],"author":[{"embeddable":true,"href":"https:\/\/www.peduro.org.tr\/en\/wp-json\/wp\/v2\/users\/1"}],"replies":[{"embeddable":true,"href":"https:\/\/www.peduro.org.tr\/en\/wp-json\/wp\/v2\/comments?post=245"}],"version-history":[{"count":7,"href":"https:\/\/www.peduro.org.tr\/en\/wp-json\/wp\/v2\/pages\/245\/revisions"}],"predecessor-version":[{"id":834,"href":"https:\/\/www.peduro.org.tr\/en\/wp-json\/wp\/v2\/pages\/245\/revisions\/834"}],"wp:attachment":[{"href":"https:\/\/www.peduro.org.tr\/en\/wp-json\/wp\/v2\/media?parent=245"}],"curies":[{"name":"wp","href":"https:\/\/api.w.org\/{rel}","templated":true}]}}