{"id":232,"date":"2024-05-03T11:28:46","date_gmt":"2024-05-03T11:28:46","guid":{"rendered":"https:\/\/www.peduro.org.tr\/?page_id=232"},"modified":"2024-05-16T06:43:30","modified_gmt":"2024-05-16T06:43:30","slug":"ilgilendigimiz-hastaliklar","status":"publish","type":"page","link":"https:\/\/www.peduro.org.tr\/en\/ilgilendigimiz-hastaliklar\/","title":{"rendered":"Diseases of Interest"},"content":{"rendered":"\n<h2 class=\"wp-block-heading\">In Which Situations Do You Need To Refer To Pediatric Urology Specialist?<\/h2>\n\n\n\n<p>\u00c7ocuk \u00dcrolojisinin ilgilendi\u011fi hastal\u0131klar\u0131n bir\u00e7o\u011fu sinsi seyreder ve ge\u00e7 d\u00f6nemlere kadar belirti vermez. Ancak son y\u0131llarda t\u0131p alan\u0131ndaki geli\u015fmeler i\u00e7inde \u00f6zellikle bir tanesi bu durumu olumlu y\u00f6nde de\u011fi\u015ftirmi\u015ftir. Gebelere yap\u0131lan ultrasonlarda bebe\u011fe ait anormallikler deneyimli ki\u015filerce saptanabilmekte ve do\u011far do\u011fmaz bebe\u011fin kontrol alt\u0131na al\u0131narak gerekli tedavisinin yap\u0131lmas\u0131 \u015fans\u0131 yakalanabilmektedir. Baz\u0131 hastal\u0131klar do\u011fumda belirti verir ve hemen tedavisine ba\u015flan\u0131r. Baz\u0131lar\u0131 ise t\u00fcm \u00e7ocukluk d\u00f6nemi boyunca her ya\u015fta g\u00f6r\u00fclebilir. A\u015fa\u011f\u0131da hangi belirtilerde \u00e7ocuk \u00fcrolojisi ile u\u011fra\u015fan bir hekime ba\u015fvurulmas\u0131 gerekti\u011fi liste halinde verilmi\u015ftir.<\/p>\n\n\n\n<ul class=\"wp-block-list\">\n<li>Do\u011fum \u00f6ncesi anneye yap\u0131lan ultrasonda bebekte b\u00f6brek, mesane, idrar yollar\u0131, ve cinsel organlarla ilgili bozukluklar\u0131n saptanmas\u0131 (her 100 gebeden birinde b\u00f6brekte geni\u015fleme saptanmaktad\u0131r, ancak ultrasonu yapan ki\u015finin \u00f6zel e\u011fitim alm\u0131\u015f olmas\u0131 gerekir)<\/li>\n\n\n\n<li>Yenido\u011fan bebekte veya daha sonraki ya\u015flarda i\u015feme g\u00fc\u00e7l\u00fc\u011f\u00fc, pipide, torbalarda anormal g\u00f6r\u00fcn\u00fcm, \u015fi\u015flik, i\u015feme deli\u011finin penisin alt y\u00fcz\u00fcnde olmas\u0131, cinsiyetin belirsiz olmas\u0131, kas\u0131kta \u015fi\u015flik, kitle g\u00f6zlenmesi, testislerin torbalarda olmamas\u0131, testislerin anormal b\u00fcy\u00fck olmas\u0131, testislerde renk de\u011fi\u015fikli\u011fi (morarma, a\u015f\u0131r\u0131 k\u0131zar\u0131kl\u0131k, a\u011fr\u0131 varsa durum acildir!)<\/li>\n\n\n\n<li>\u0130\u015feme bozukluklar\u0131 (ince i\u015feme, yanma, kanl\u0131 i\u015feme, kesintili i\u015feme)<\/li>\n\n\n\n<li>\u0130drar ka\u00e7\u0131rma (gece veya g\u00fcnd\u00fcz), uykuda i\u015feme<\/li>\n\n\n\n<li>S\u0131k idrar yolu enfeksiyonu ge\u00e7irme (i\u015feme g\u00fc\u00e7l\u00fc\u011f\u00fc, s\u0131k i\u015feme, ate\u015f), yap\u0131lan incelemelerde refl\u00fc (mesaneden b\u00f6bre\u011fe idrar geri ka\u00e7\u0131\u015f\u0131) saptanmas\u0131<\/li>\n\n\n\n<li>Yan a\u011fr\u0131s\u0131 (b\u00f6brek b\u00f6lgesinde)<\/li>\n\n\n\n<li>B\u00f6brek b\u00f6lgesinde kitle<\/li>\n\n\n\n<li>Penisde \u015fekil bozukluklar\u0131 (alttan i\u015feme, e\u011fri i\u015feme, penisde k\u0131vr\u0131mlanma)<\/li>\n\n\n\n<li>Hatal\u0131, komplikasyonlu s\u00fcnnetler<\/li>\n\n\n\n<li>B\u00f6brek ta\u015flar\u0131<\/li>\n<\/ul>\n\n\n\n<p>Yukardaki belirtiler a\u015fa\u011f\u0131da t\u0131bbi isimleri verilen hastal\u0131klar\u0131n belirtileri olabilir:<\/p>\n\n\n\n<ul class=\"wp-block-list\">\n<li>Hidronefroz<\/li>\n\n\n\n<li>Vezikoureteral refl\u00fc<\/li>\n\n\n\n<li>Hipospadias &#8211; Epispadias<\/li>\n\n\n\n<li>Kas\u0131k kanal\u0131 patolojileri (F\u0131t\u0131k, \u0130nmemi\u015f testis, Hidrosel, Varikosel)<\/li>\n\n\n\n<li>\u0130nkontinans<\/li>\n\n\n\n<li>En\u00fcrezis<\/li>\n\n\n\n<li>Disfonksiyonel i\u015feme (\u00dcrodinamik patolojiler)<\/li>\n\n\n\n<li>S\u00fcnnet hatalar\u0131<\/li>\n\n\n\n<li>Duplikasyon anomalileri<\/li>\n\n\n\n<li>\u00dcreterosel<\/li>\n\n\n\n<li>\u00dcrogenital sistem t\u00fcm\u00f6rleri<\/li>\n\n\n\n<li>Posterior \u00fcretral valv<\/li>\n\n\n\n<li>Mesane ve kloaka ekstrofisi<\/li>\n\n\n\n<li>Cinsiyet geli\u015fim bozukluklar\u0131<\/li>\n\n\n\n<li>N\u00f6ropatik mesane<\/li>\n\n\n\n<li>\u00dcriner sistem ta\u015flar\u0131<\/li>\n<\/ul>\n","protected":false},"excerpt":{"rendered":"<p>In Which Situations Do You Need To Refer To Pediatric Urology Specialist? \u00c7ocuk \u00dcrolojisinin ilgilendi\u011fi hastal\u0131klar\u0131n bir\u00e7o\u011fu sinsi seyreder ve ge\u00e7 d\u00f6nemlere kadar belirti vermez. Ancak son y\u0131llarda t\u0131p alan\u0131ndaki geli\u015fmeler i\u00e7inde \u00f6zellikle bir tanesi bu durumu olumlu y\u00f6nde de\u011fi\u015ftirmi\u015ftir. Gebelere yap\u0131lan ultrasonlarda bebe\u011fe ait anormallikler deneyimli ki\u015filerce saptanabilmekte ve do\u011far do\u011fmaz bebe\u011fin kontrol alt\u0131na [&hellip;]<\/p>\n","protected":false},"author":1,"featured_media":0,"parent":0,"menu_order":0,"comment_status":"closed","ping_status":"closed","template":"","meta":{"_coblocks_attr":"","_coblocks_dimensions":"","_coblocks_responsive_height":"","_coblocks_accordion_ie_support":"","footnotes":""},"class_list":["post-232","page","type-page","status-publish","hentry"],"_links":{"self":[{"href":"https:\/\/www.peduro.org.tr\/en\/wp-json\/wp\/v2\/pages\/232","targetHints":{"allow":["GET"]}}],"collection":[{"href":"https:\/\/www.peduro.org.tr\/en\/wp-json\/wp\/v2\/pages"}],"about":[{"href":"https:\/\/www.peduro.org.tr\/en\/wp-json\/wp\/v2\/types\/page"}],"author":[{"embeddable":true,"href":"https:\/\/www.peduro.org.tr\/en\/wp-json\/wp\/v2\/users\/1"}],"replies":[{"embeddable":true,"href":"https:\/\/www.peduro.org.tr\/en\/wp-json\/wp\/v2\/comments?post=232"}],"version-history":[{"count":3,"href":"https:\/\/www.peduro.org.tr\/en\/wp-json\/wp\/v2\/pages\/232\/revisions"}],"predecessor-version":[{"id":582,"href":"https:\/\/www.peduro.org.tr\/en\/wp-json\/wp\/v2\/pages\/232\/revisions\/582"}],"wp:attachment":[{"href":"https:\/\/www.peduro.org.tr\/en\/wp-json\/wp\/v2\/media?parent=232"}],"curies":[{"name":"wp","href":"https:\/\/api.w.org\/{rel}","templated":true}]}}