{"id":224,"date":"2024-05-03T11:26:09","date_gmt":"2024-05-03T11:26:09","guid":{"rendered":"https:\/\/www.peduro.org.tr\/?page_id=224"},"modified":"2024-11-25T13:47:42","modified_gmt":"2024-11-25T10:47:42","slug":"onursal-uyelerimiz","status":"publish","type":"page","link":"https:\/\/www.peduro.org.tr\/en\/onursal-uyelerimiz\/","title":{"rendered":"Honorary Members"},"content":{"rendered":"\n<h2 class=\"wp-block-heading\">PEDURO Honorary Members<\/h2>\n\n\n\n<hr class=\"wp-block-coblocks-dynamic-separator is-style-fullwidth\" style=\"height:25px\"\/>\n\n\n\n<div class=\"wp-block-group is-nowrap is-layout-flex wp-container-core-group-is-layout-ad2f72ca wp-block-group-is-layout-flex\">\n<figure class=\"wp-block-image size-full is-resized\"><img loading=\"lazy\" decoding=\"async\" width=\"232\" height=\"250\" src=\"https:\/\/www.peduro.org.tr\/wp-content\/uploads\/2024\/04\/bullet.png\" alt=\"\" class=\"wp-image-50\" style=\"width:auto;height:32px\" srcset=\"https:\/\/www.peduro.org.tr\/wp-content\/uploads\/2024\/04\/bullet.png 232w, https:\/\/www.peduro.org.tr\/wp-content\/uploads\/2024\/04\/bullet-209x225.png 209w\" sizes=\"auto, (max-width: 232px) 100vw, 232px\" \/><\/figure>\n\n\n\n<h3 class=\"wp-block-heading\">Prof. Dr. Acun G\u00d6KDEM\u0130R<\/h3>\n<\/div>\n\n\n\n<div class=\"wp-block-group is-nowrap is-layout-flex wp-container-core-group-is-layout-ad2f72ca wp-block-group-is-layout-flex\">\n<figure class=\"wp-block-image size-full is-resized\"><img loading=\"lazy\" decoding=\"async\" width=\"232\" height=\"250\" src=\"https:\/\/www.peduro.org.tr\/wp-content\/uploads\/2024\/04\/bullet.png\" alt=\"\" class=\"wp-image-50\" style=\"width:auto;height:32px\" srcset=\"https:\/\/www.peduro.org.tr\/wp-content\/uploads\/2024\/04\/bullet.png 232w, https:\/\/www.peduro.org.tr\/wp-content\/uploads\/2024\/04\/bullet-209x225.png 209w\" sizes=\"auto, (max-width: 232px) 100vw, 232px\" \/><\/figure>\n\n\n\n<h3 class=\"wp-block-heading\">Prof. Dr. Nur DAN\u0130\u015eMEND<\/h3>\n<\/div>\n\n\n\n<div class=\"wp-block-group is-nowrap is-layout-flex wp-container-core-group-is-layout-ad2f72ca wp-block-group-is-layout-flex\">\n<figure class=\"wp-block-image size-full is-resized\"><img loading=\"lazy\" decoding=\"async\" width=\"232\" height=\"250\" src=\"https:\/\/www.peduro.org.tr\/wp-content\/uploads\/2024\/04\/bullet.png\" alt=\"\" class=\"wp-image-50\" style=\"width:auto;height:32px\" srcset=\"https:\/\/www.peduro.org.tr\/wp-content\/uploads\/2024\/04\/bullet.png 232w, https:\/\/www.peduro.org.tr\/wp-content\/uploads\/2024\/04\/bullet-209x225.png 209w\" sizes=\"auto, (max-width: 232px) 100vw, 232px\" \/><\/figure>\n\n\n\n<h3 class=\"wp-block-heading\">Prof. Dr. S. N. Cenk B\u00dcY\u00dcK\u00dcNAL<\/h3>\n<\/div>\n\n\n\n<div class=\"wp-block-group is-nowrap is-layout-flex wp-container-core-group-is-layout-ad2f72ca wp-block-group-is-layout-flex\">\n<figure class=\"wp-block-image size-full is-resized\"><img loading=\"lazy\" decoding=\"async\" width=\"232\" height=\"250\" src=\"https:\/\/www.peduro.org.tr\/wp-content\/uploads\/2024\/04\/bullet.png\" alt=\"\" class=\"wp-image-50\" style=\"width:auto;height:32px\" srcset=\"https:\/\/www.peduro.org.tr\/wp-content\/uploads\/2024\/04\/bullet.png 232w, https:\/\/www.peduro.org.tr\/wp-content\/uploads\/2024\/04\/bullet-209x225.png 209w\" sizes=\"auto, (max-width: 232px) 100vw, 232px\" \/><\/figure>\n\n\n\n<h3 class=\"wp-block-heading\">Prof. Dr. \u00dcnal ZORLUDEM\u0130R<\/h3>\n<\/div>\n\n\n\n<div class=\"wp-block-group is-nowrap is-layout-flex wp-container-core-group-is-layout-ad2f72ca wp-block-group-is-layout-flex\">\n<figure class=\"wp-block-image size-full is-resized\"><img loading=\"lazy\" decoding=\"async\" width=\"232\" height=\"250\" src=\"https:\/\/www.peduro.org.tr\/wp-content\/uploads\/2024\/04\/bullet.png\" alt=\"\" class=\"wp-image-50\" style=\"width:auto;height:32px\" srcset=\"https:\/\/www.peduro.org.tr\/wp-content\/uploads\/2024\/04\/bullet.png 232w, https:\/\/www.peduro.org.tr\/wp-content\/uploads\/2024\/04\/bullet-209x225.png 209w\" sizes=\"auto, (max-width: 232px) 100vw, 232px\" \/><\/figure>\n\n\n\n<h3 class=\"wp-block-heading\">Prof. Dr. Yunus S\u00d6YLET<\/h3>\n<\/div>\n","protected":false},"excerpt":{"rendered":"<p>PEDURO Honorary Members Prof. Dr. Acun G\u00d6KDEM\u0130R Prof. Dr. Nur DAN\u0130\u015eMEND Prof. Dr. S. N. Cenk B\u00dcY\u00dcK\u00dcNAL Prof. Dr. \u00dcnal ZORLUDEM\u0130R Prof. Dr. Yunus S\u00d6YLET<\/p>\n","protected":false},"author":1,"featured_media":0,"parent":0,"menu_order":0,"comment_status":"closed","ping_status":"closed","template":"","meta":{"_coblocks_attr":"","_coblocks_dimensions":"","_coblocks_responsive_height":"","_coblocks_accordion_ie_support":"","footnotes":""},"class_list":["post-224","page","type-page","status-publish","hentry"],"_links":{"self":[{"href":"https:\/\/www.peduro.org.tr\/en\/wp-json\/wp\/v2\/pages\/224","targetHints":{"allow":["GET"]}}],"collection":[{"href":"https:\/\/www.peduro.org.tr\/en\/wp-json\/wp\/v2\/pages"}],"about":[{"href":"https:\/\/www.peduro.org.tr\/en\/wp-json\/wp\/v2\/types\/page"}],"author":[{"embeddable":true,"href":"https:\/\/www.peduro.org.tr\/en\/wp-json\/wp\/v2\/users\/1"}],"replies":[{"embeddable":true,"href":"https:\/\/www.peduro.org.tr\/en\/wp-json\/wp\/v2\/comments?post=224"}],"version-history":[{"count":12,"href":"https:\/\/www.peduro.org.tr\/en\/wp-json\/wp\/v2\/pages\/224\/revisions"}],"predecessor-version":[{"id":863,"href":"https:\/\/www.peduro.org.tr\/en\/wp-json\/wp\/v2\/pages\/224\/revisions\/863"}],"wp:attachment":[{"href":"https:\/\/www.peduro.org.tr\/en\/wp-json\/wp\/v2\/media?parent=224"}],"curies":[{"name":"wp","href":"https:\/\/api.w.org\/{rel}","templated":true}]}}