{"id":208,"date":"2024-05-03T10:40:36","date_gmt":"2024-05-03T10:40:36","guid":{"rendered":"https:\/\/www.peduro.org.tr\/?page_id=208"},"modified":"2024-11-17T00:06:57","modified_gmt":"2024-11-16T21:06:57","slug":"gecmis-yonetimler","status":"publish","type":"page","link":"https:\/\/www.peduro.org.tr\/en\/gecmis-yonetimler\/","title":{"rendered":"Past Executives"},"content":{"rendered":"\n<h2 class=\"wp-block-heading\">PEDURO Past Executive Boards<\/h2>\n\n\n\n<div class=\"wp-block-coblocks-accordion\">\n<div class=\"wp-block-coblocks-accordion-item\"><details open><summary class=\"wp-block-coblocks-accordion-item__title\">1. Session Executive Board (Temporary &#8211; Founder Board) (16.04.2009 &#8211; 01.10.2009)<\/summary><div class=\"wp-block-coblocks-accordion-item__content\">\n<div class=\"wp-block-columns is-not-stacked-on-mobile is-layout-flex wp-container-core-columns-is-layout-9d6595d7 wp-block-columns-is-layout-flex\">\n<div class=\"wp-block-column is-layout-flow wp-block-column-is-layout-flow\" style=\"flex-basis:50%\">\n<ul class=\"wp-block-list\">\n<li>\u00dcnal ZORLUDEM\u0130R<\/li>\n\n\n\n<li>S.N. Cenk B\u00dcY\u00dcK\u00dcNAL<\/li>\n\n\n\n<li>Abdurrahman \u00d6NEN<\/li>\n\n\n\n<li>Selami S\u00d6Z\u00dcB\u0130R<\/li>\n\n\n\n<li>A. Can BA\u015eAKLAR<\/li>\n\n\n\n<li>\u0130brahim ULMAN<\/li>\n\n\n\n<li>Mehmet Emin BALKAN<\/li>\n<\/ul>\n<\/div>\n\n\n\n<div class=\"wp-block-column is-layout-flow wp-block-column-is-layout-flow\" style=\"flex-basis:50%\">\n<p>President<br>Second President<br>General Secretary<br>Treasurer<br>Member<br>Member<br>Member<\/p>\n<\/div>\n<\/div>\n<\/div><\/details><\/div>\n\n\n\n<div class=\"wp-block-coblocks-accordion-item\"><details><summary class=\"wp-block-coblocks-accordion-item__title\">2. Session Executive Board (01.10.2009 &#8211; 12.04.2012)<\/summary><div class=\"wp-block-coblocks-accordion-item__content\">\n<div class=\"wp-block-columns is-not-stacked-on-mobile is-layout-flex wp-container-core-columns-is-layout-9d6595d7 wp-block-columns-is-layout-flex\">\n<div class=\"wp-block-column is-layout-flow wp-block-column-is-layout-flow\">\n<ul class=\"wp-block-list\">\n<li>\u00dcnal ZORLUDEM\u0130R<\/li>\n\n\n\n<li>A. Can BA\u015eAKLAR<\/li>\n\n\n\n<li>Abdurrahman \u00d6NEN<\/li>\n\n\n\n<li>Selami S\u00d6Z\u00dcB\u0130R<\/li>\n\n\n\n<li>\u0130brahim ULMAN<\/li>\n\n\n\n<li>Mehmet Emin BALKAN<\/li>\n\n\n\n<li>Haluk EM\u0130R<\/li>\n<\/ul>\n<\/div>\n\n\n\n<div class=\"wp-block-column is-layout-flow wp-block-column-is-layout-flow\">\n<p>President<br>Second President<br>General Secretary<br>Treasurer<br>Member<br>Member<br>Member<\/p>\n<\/div>\n<\/div>\n<\/div><\/details><\/div>\n\n\n\n<div class=\"wp-block-coblocks-accordion-item\"><details><summary class=\"wp-block-coblocks-accordion-item__title\">3. Session Executive Board (12.04.2012 &#8211; 09.05.2015)<\/summary><div class=\"wp-block-coblocks-accordion-item__content\">\n<div class=\"wp-block-columns is-not-stacked-on-mobile is-layout-flex wp-container-core-columns-is-layout-9d6595d7 wp-block-columns-is-layout-flex\">\n<div class=\"wp-block-column is-layout-flow wp-block-column-is-layout-flow\">\n<ul class=\"wp-block-list\">\n<li>\u0130brahim ULMAN<\/li>\n\n\n\n<li>Mehmet Emin BALKAN<\/li>\n\n\n\n<li>Abdurrahman \u00d6NEN<\/li>\n\n\n\n<li>Selami S\u00d6Z\u00dcB\u0130R<\/li>\n\n\n\n<li>Nigar Pelin O\u011eUZKURT<\/li>\n\n\n\n<li>Mehmet EL\u0130\u00c7EV\u0130K<\/li>\n\n\n\n<li>Fatih AKBIYIK<\/li>\n<\/ul>\n<\/div>\n\n\n\n<div class=\"wp-block-column is-layout-flow wp-block-column-is-layout-flow\">\n<p>President<br>Second President<br>General Secretary<br>Treasurer<br>Member<br>Member<br>Member<\/p>\n<\/div>\n<\/div>\n<\/div><\/details><\/div>\n\n\n\n<div class=\"wp-block-coblocks-accordion-item\"><details><summary class=\"wp-block-coblocks-accordion-item__title\">4. Session Executive Board (09.05.2015 &#8211; 06.05.2018)<\/summary><div class=\"wp-block-coblocks-accordion-item__content\">\n<div class=\"wp-block-columns is-not-stacked-on-mobile is-layout-flex wp-container-core-columns-is-layout-9d6595d7 wp-block-columns-is-layout-flex\">\n<div class=\"wp-block-column is-layout-flow wp-block-column-is-layout-flow\">\n<ul class=\"wp-block-list\">\n<li>Haluk EM\u0130R <\/li>\n\n\n\n<li>G\u00fcng\u00f6r KARAG\u00dcZEL <\/li>\n\n\n\n<li>Baran TOKAR <\/li>\n\n\n\n<li>Nigar Pelin O\u011eUZKURT <\/li>\n\n\n\n<li>Fatih AKBIYIK <\/li>\n\n\n\n<li>Halil TU\u011eTEPE <\/li>\n\n\n\n<li>Mustafa \u0130MAMO\u011eLU<\/li>\n<\/ul>\n<\/div>\n\n\n\n<div class=\"wp-block-column is-layout-flow wp-block-column-is-layout-flow\">\n<p>President<br>Second President<br>General Secretary<br>Treasurer<br>Member<br>Member<br>Member<\/p>\n<\/div>\n<\/div>\n<\/div><\/details><\/div>\n\n\n\n<div class=\"wp-block-coblocks-accordion-item\"><details><summary class=\"wp-block-coblocks-accordion-item__title\">5. Session Executive Board (06.05.2018 &#8211; 23.10.2021)<\/summary><div class=\"wp-block-coblocks-accordion-item__content\">\n<div class=\"wp-block-columns is-not-stacked-on-mobile is-layout-flex wp-container-core-columns-is-layout-9d6595d7 wp-block-columns-is-layout-flex\">\n<div class=\"wp-block-column is-layout-flow wp-block-column-is-layout-flow\">\n<ul class=\"wp-block-list\">\n<li>Abdurrahman \u00d6NEN <\/li>\n\n\n\n<li>Nizamettin KILI\u00c7 <\/li>\n\n\n\n<li>\u015e. Kerem \u00d6ZEL <\/li>\n\n\n\n<li>\u00dcnal BI\u00c7AKCI <\/li>\n\n\n\n<li>Murat ALKAN <\/li>\n\n\n\n<li>Haluk EM\u0130R <\/li>\n\n\n\n<li>Ali TEK\u0130N<\/li>\n<\/ul>\n<\/div>\n\n\n\n<div class=\"wp-block-column is-layout-flow wp-block-column-is-layout-flow\">\n<p>President<br>Second President<br>General Secretary<br>Treasurer<br>Education<br>Member<br>Member<\/p>\n<\/div>\n<\/div>\n<\/div><\/details><\/div>\n<\/div>\n","protected":false},"excerpt":{"rendered":"<p>PEDURO Past Executive Boards<\/p>\n","protected":false},"author":1,"featured_media":0,"parent":0,"menu_order":0,"comment_status":"closed","ping_status":"closed","template":"","meta":{"_coblocks_attr":"","_coblocks_dimensions":"","_coblocks_responsive_height":"","_coblocks_accordion_ie_support":"","footnotes":""},"class_list":["post-208","page","type-page","status-publish","hentry"],"_links":{"self":[{"href":"https:\/\/www.peduro.org.tr\/en\/wp-json\/wp\/v2\/pages\/208","targetHints":{"allow":["GET"]}}],"collection":[{"href":"https:\/\/www.peduro.org.tr\/en\/wp-json\/wp\/v2\/pages"}],"about":[{"href":"https:\/\/www.peduro.org.tr\/en\/wp-json\/wp\/v2\/types\/page"}],"author":[{"embeddable":true,"href":"https:\/\/www.peduro.org.tr\/en\/wp-json\/wp\/v2\/users\/1"}],"replies":[{"embeddable":true,"href":"https:\/\/www.peduro.org.tr\/en\/wp-json\/wp\/v2\/comments?post=208"}],"version-history":[{"count":12,"href":"https:\/\/www.peduro.org.tr\/en\/wp-json\/wp\/v2\/pages\/208\/revisions"}],"predecessor-version":[{"id":795,"href":"https:\/\/www.peduro.org.tr\/en\/wp-json\/wp\/v2\/pages\/208\/revisions\/795"}],"wp:attachment":[{"href":"https:\/\/www.peduro.org.tr\/en\/wp-json\/wp\/v2\/media?parent=208"}],"curies":[{"name":"wp","href":"https:\/\/api.w.org\/{rel}","templated":true}]}}