{"id":2,"date":"2024-04-24T12:13:44","date_gmt":"2024-04-24T12:13:44","guid":{"rendered":"https:\/\/www.peduro.org.tr\/?page_id=2"},"modified":"2025-05-23T18:06:18","modified_gmt":"2025-05-23T15:06:18","slug":"iletisim","status":"publish","type":"page","link":"https:\/\/www.peduro.org.tr\/en\/iletisim\/","title":{"rendered":"Contact"},"content":{"rendered":"\n<h2 class=\"wp-block-heading\">Society for Pediatric Urology Contact Information<\/h2>\n\n\n\n<p>Our association&#8217;s contact information is as follows:<\/p>\n\n\n\n<div class=\"wp-block-group is-nowrap is-layout-flex wp-container-core-group-is-layout-ad2f72ca wp-block-group-is-layout-flex\">\n<figure class=\"wp-block-image size-full is-resized\"><img loading=\"lazy\" decoding=\"async\" width=\"250\" height=\"250\" src=\"https:\/\/www.peduro.org.tr\/wp-content\/uploads\/2024\/04\/adres.png\" alt=\"\" class=\"wp-image-51\" style=\"width:24px\" srcset=\"https:\/\/www.peduro.org.tr\/wp-content\/uploads\/2024\/04\/adres.png 250w, https:\/\/www.peduro.org.tr\/wp-content\/uploads\/2024\/04\/adres-150x150.png 150w, https:\/\/www.peduro.org.tr\/wp-content\/uploads\/2024\/04\/adres-225x225.png 225w\" sizes=\"auto, (max-width: 250px) 100vw, 250px\" \/><\/figure>\n\n\n\n<p>Valikona\u011f\u0131 caddesi, Yap\u0131 Kredi Vak\u0131f Binas\u0131, No: 173, Daire: 12\/3 80200 Ni\u015fanta\u015f\u0131, \u0130STANBUL<\/p>\n<\/div>\n\n\n\n<div class=\"wp-block-group is-nowrap is-layout-flex wp-container-core-group-is-layout-ad2f72ca wp-block-group-is-layout-flex\">\n<figure class=\"wp-block-image size-full is-resized\"><img loading=\"lazy\" decoding=\"async\" width=\"250\" height=\"250\" src=\"https:\/\/www.peduro.org.tr\/wp-content\/uploads\/2024\/04\/zarf.png\" alt=\"\" class=\"wp-image-55\" style=\"width:24px\" srcset=\"https:\/\/www.peduro.org.tr\/wp-content\/uploads\/2024\/04\/zarf.png 250w, https:\/\/www.peduro.org.tr\/wp-content\/uploads\/2024\/04\/zarf-150x150.png 150w, https:\/\/www.peduro.org.tr\/wp-content\/uploads\/2024\/04\/zarf-225x225.png 225w\" sizes=\"auto, (max-width: 250px) 100vw, 250px\" \/><\/figure>\n\n\n\n<p><a href=\"mailto:info@peduro.org.tr\"><a href=\"mailto:info@peduro.org.tr\"><\/a><\/a><a href=\"mailto:pediatrikurolojidernegi@gmail.com\">pediatrikurolojidernegi@gmail.com<\/a><\/p>\n<\/div>\n\n\n\n<h3 class=\"wp-block-heading\">Contact Forms<\/h3>\n\n\n<ul class=\"wp-block-page-list\"><li class=\"wp-block-pages-list__item\"><a class=\"wp-block-pages-list__item__link\" href=\"https:\/\/www.peduro.org.tr\/en\/iletisim\/onerileriniz\/\">Suggestions<\/a><\/li><\/ul>","protected":false},"excerpt":{"rendered":"<p>Society for Pediatric Urology Contact Information Our association&#8217;s contact information is as follows: Valikona\u011f\u0131 caddesi, Yap\u0131 Kredi Vak\u0131f Binas\u0131, No: 173, Daire: 12\/3 80200 Ni\u015fanta\u015f\u0131, \u0130STANBUL pediatrikurolojidernegi@gmail.com Contact Forms<\/p>\n","protected":false},"author":1,"featured_media":0,"parent":0,"menu_order":0,"comment_status":"closed","ping_status":"closed","template":"","meta":{"_coblocks_attr":"","_coblocks_dimensions":"","_coblocks_responsive_height":"","_coblocks_accordion_ie_support":"","footnotes":""},"class_list":["post-2","page","type-page","status-publish","hentry"],"_links":{"self":[{"href":"https:\/\/www.peduro.org.tr\/en\/wp-json\/wp\/v2\/pages\/2","targetHints":{"allow":["GET"]}}],"collection":[{"href":"https:\/\/www.peduro.org.tr\/en\/wp-json\/wp\/v2\/pages"}],"about":[{"href":"https:\/\/www.peduro.org.tr\/en\/wp-json\/wp\/v2\/types\/page"}],"author":[{"embeddable":true,"href":"https:\/\/www.peduro.org.tr\/en\/wp-json\/wp\/v2\/users\/1"}],"replies":[{"embeddable":true,"href":"https:\/\/www.peduro.org.tr\/en\/wp-json\/wp\/v2\/comments?post=2"}],"version-history":[{"count":7,"href":"https:\/\/www.peduro.org.tr\/en\/wp-json\/wp\/v2\/pages\/2\/revisions"}],"predecessor-version":[{"id":944,"href":"https:\/\/www.peduro.org.tr\/en\/wp-json\/wp\/v2\/pages\/2\/revisions\/944"}],"wp:attachment":[{"href":"https:\/\/www.peduro.org.tr\/en\/wp-json\/wp\/v2\/media?parent=2"}],"curies":[{"name":"wp","href":"https:\/\/api.w.org\/{rel}","templated":true}]}}