{"id":197,"date":"2024-05-02T12:56:05","date_gmt":"2024-05-02T12:56:05","guid":{"rendered":"https:\/\/www.peduro.org.tr\/?page_id=197"},"modified":"2024-11-26T14:14:39","modified_gmt":"2024-11-26T11:14:39","slug":"yonetim-kurulu","status":"publish","type":"page","link":"https:\/\/www.peduro.org.tr\/en\/yonetim-kurulu\/","title":{"rendered":"Executive Board"},"content":{"rendered":"\n<h2 class=\"wp-block-heading\">PEDURO Executive Board<\/h2>\n\n\n\n<div class=\"wp-block-columns is-layout-flex wp-container-core-columns-is-layout-61ecc280 wp-block-columns-is-layout-flex\" style=\"padding-top:2.5rem;padding-right:2.5rem;padding-bottom:2.5rem;padding-left:2.5rem\">\n<div class=\"wp-block-column is-layout-flow wp-block-column-is-layout-flow\" style=\"flex-basis:25%\">\n<figure class=\"wp-block-image size-full\"><img loading=\"lazy\" decoding=\"async\" width=\"154\" height=\"200\" src=\"https:\/\/www.peduro.org.tr\/wp-content\/uploads\/2024\/05\/baran-tokar.jpg\" alt=\"\" class=\"wp-image-205\" style=\"object-fit:cover\"\/><\/figure>\n<\/div>\n\n\n\n<div class=\"wp-block-column is-layout-flow wp-block-column-is-layout-flow\" style=\"flex-basis:75%\">\n<h2 class=\"wp-block-heading\">Baran TOKAR (President)<\/h2>\n\n\n\n<p>Eski\u015fehir Osmangazi University, Eski\u015fehir<\/p>\n\n\n\n<div class=\"wp-block-buttons is-layout-flex wp-block-buttons-is-layout-flex\">\n<div class=\"wp-block-button is-style-fill\"><a class=\"wp-block-button__link has-white-color has-vivid-cyan-blue-background-color has-text-color has-background has-link-color wp-element-button\" href=\"https:\/\/www.peduro.org.tr\/yonetim-kurulu\/prof-dr-baran-tokar\/\" style=\"border-radius:10px\">Short Biography<\/a><\/div>\n<\/div>\n<\/div>\n<\/div>\n\n\n\n<div class=\"wp-block-columns is-layout-flex wp-container-core-columns-is-layout-61ecc280 wp-block-columns-is-layout-flex\" style=\"padding-top:2.5rem;padding-right:2.5rem;padding-bottom:2.5rem;padding-left:2.5rem\">\n<div class=\"wp-block-column is-layout-flow wp-block-column-is-layout-flow\" style=\"flex-basis:25%\">\n<figure class=\"wp-block-image size-full\"><img loading=\"lazy\" decoding=\"async\" width=\"180\" height=\"200\" src=\"https:\/\/www.peduro.org.tr\/wp-content\/uploads\/2024\/11\/ahsen-karagozlu-akgul.jpg\" alt=\"\" class=\"wp-image-831\" style=\"object-fit:cover\"\/><\/figure>\n<\/div>\n\n\n\n<div class=\"wp-block-column is-layout-flow wp-block-column-is-layout-flow\" style=\"flex-basis:75%\">\n<h2 class=\"wp-block-heading\">Ahsen KARAG\u00d6ZL\u00dc AKG\u00dcL(General Secretary)<\/h2>\n\n\n\n<p>Marmara University Medical Faculty, \u0130stanbul<\/p>\n\n\n\n<div class=\"wp-block-buttons is-layout-flex wp-block-buttons-is-layout-flex\">\n<div class=\"wp-block-button is-style-fill\"><a class=\"wp-block-button__link has-white-color has-vivid-cyan-blue-background-color has-text-color has-background has-link-color wp-element-button\" href=\"https:\/\/www.peduro.org.tr\/yonetim-kurulu\/doc-dr-ahsen-karagozlu-akgul\/\" style=\"border-radius:10px\">Short Biography<\/a><\/div>\n<\/div>\n<\/div>\n<\/div>\n\n\n\n<div class=\"wp-block-columns is-layout-flex wp-container-core-columns-is-layout-61ecc280 wp-block-columns-is-layout-flex\" style=\"padding-top:2.5rem;padding-right:2.5rem;padding-bottom:2.5rem;padding-left:2.5rem\">\n<div class=\"wp-block-column is-layout-flow wp-block-column-is-layout-flow\" style=\"flex-basis:25%\">\n<figure class=\"wp-block-image size-full\"><img loading=\"lazy\" decoding=\"async\" width=\"148\" height=\"200\" src=\"https:\/\/www.peduro.org.tr\/wp-content\/uploads\/2024\/11\/beytullah-yagiz.jpeg\" alt=\"\" class=\"wp-image-789\" style=\"object-fit:cover\"\/><\/figure>\n<\/div>\n\n\n\n<div class=\"wp-block-column is-layout-flow wp-block-column-is-layout-flow\" style=\"flex-basis:75%\">\n<h2 class=\"wp-block-heading\">Beytullah YA\u011eIZ (Sayman)<\/h2>\n\n\n\n<p>Ondokuz May\u0131s University, Samsun<\/p>\n\n\n\n<div class=\"wp-block-buttons is-layout-flex wp-block-buttons-is-layout-flex\">\n<div class=\"wp-block-button is-style-fill\"><a class=\"wp-block-button__link has-white-color has-vivid-cyan-blue-background-color has-text-color has-background has-link-color wp-element-button\" href=\"https:\/\/www.peduro.org.tr\/yonetim-kurulu\/doc-dr-beytullah-yagiz\/\" style=\"border-radius:10px\">Short Biography<\/a><\/div>\n<\/div>\n<\/div>\n<\/div>\n\n\n\n<div class=\"wp-block-columns is-layout-flex wp-container-core-columns-is-layout-61ecc280 wp-block-columns-is-layout-flex\" style=\"padding-top:2.5rem;padding-right:2.5rem;padding-bottom:2.5rem;padding-left:2.5rem\">\n<div class=\"wp-block-column is-layout-flow wp-block-column-is-layout-flow\" style=\"flex-basis:25%\">\n<figure class=\"wp-block-image size-full\"><img loading=\"lazy\" decoding=\"async\" width=\"179\" height=\"200\" src=\"https:\/\/www.peduro.org.tr\/wp-content\/uploads\/2024\/11\/cigdem-arslan-alici.jpeg\" alt=\"\" class=\"wp-image-790\" style=\"object-fit:cover\"\/><\/figure>\n<\/div>\n\n\n\n<div class=\"wp-block-column is-layout-flow wp-block-column-is-layout-flow\" style=\"flex-basis:75%\">\n<h2 class=\"wp-block-heading\">\u00c7i\u011fdem ARSLAN ALICI (Education Board Representative)<\/h2>\n\n\n\n<p>Eski\u015fehir City Hospital, Eski\u015fehir<\/p>\n\n\n\n<div class=\"wp-block-buttons is-layout-flex wp-block-buttons-is-layout-flex\">\n<div class=\"wp-block-button is-style-fill\"><a class=\"wp-block-button__link has-white-color has-vivid-cyan-blue-background-color has-text-color has-background has-link-color wp-element-button\" href=\"https:\/\/www.peduro.org.tr\/yonetim-kurulu\/uz-dr-cigdem-arslan-alici\/\" style=\"border-radius:10px\">Short Biography<\/a><\/div>\n<\/div>\n<\/div>\n<\/div>\n\n\n\n<div class=\"wp-block-columns is-layout-flex wp-container-core-columns-is-layout-61ecc280 wp-block-columns-is-layout-flex\" style=\"padding-top:2.5rem;padding-right:2.5rem;padding-bottom:2.5rem;padding-left:2.5rem\">\n<div class=\"wp-block-column is-layout-flow wp-block-column-is-layout-flow\" style=\"flex-basis:25%\">\n<figure class=\"wp-block-image size-full\"><img loading=\"lazy\" decoding=\"async\" width=\"173\" height=\"200\" src=\"https:\/\/www.peduro.org.tr\/wp-content\/uploads\/2024\/11\/gungor-karaguzel.jpg\" alt=\"\" class=\"wp-image-791\" style=\"object-fit:cover\"\/><\/figure>\n<\/div>\n\n\n\n<div class=\"wp-block-column is-layout-flow wp-block-column-is-layout-flow\" style=\"flex-basis:75%\">\n<h2 class=\"wp-block-heading\">G\u00fcng\u00f6r KARAG\u00dcZEL (Member)<\/h2>\n\n\n\n<p> Akdeniz University, Antalya<\/p>\n\n\n\n<div class=\"wp-block-buttons is-layout-flex wp-block-buttons-is-layout-flex\">\n<div class=\"wp-block-button is-style-fill\"><a class=\"wp-block-button__link has-white-color has-vivid-cyan-blue-background-color has-text-color has-background has-link-color wp-element-button\" href=\"https:\/\/www.peduro.org.tr\/yonetim-kurulu\/prof-dr-gungor-karaguzel\/\" style=\"border-radius:10px\">Short Biography<\/a><\/div>\n<\/div>\n<\/div>\n<\/div>\n\n\n\n<div class=\"wp-block-columns is-layout-flex wp-container-core-columns-is-layout-61ecc280 wp-block-columns-is-layout-flex\" style=\"padding-top:2.5rem;padding-right:2.5rem;padding-bottom:2.5rem;padding-left:2.5rem\">\n<div class=\"wp-block-column is-layout-flow wp-block-column-is-layout-flow\" style=\"flex-basis:25%\">\n<figure class=\"wp-block-image size-full\"><img loading=\"lazy\" decoding=\"async\" width=\"147\" height=\"200\" src=\"https:\/\/www.peduro.org.tr\/wp-content\/uploads\/2024\/05\/murat-ucar.jpg\" alt=\"\" class=\"wp-image-206\" style=\"object-fit:cover\"\/><\/figure>\n<\/div>\n\n\n\n<div class=\"wp-block-column is-layout-flow wp-block-column-is-layout-flow\" style=\"flex-basis:75%\">\n<h2 class=\"wp-block-heading\">Murat U\u00c7AR (Member)<\/h2>\n\n\n\n<p>Akdeniz University, Antalya<\/p>\n\n\n\n<div class=\"wp-block-buttons is-layout-flex wp-block-buttons-is-layout-flex\">\n<div class=\"wp-block-button is-style-fill\"><a class=\"wp-block-button__link has-white-color has-vivid-cyan-blue-background-color has-text-color has-background has-link-color wp-element-button\" href=\"https:\/\/www.peduro.org.tr\/yonetim-kurulu\/doc-dr-murat-ucar\/\" style=\"border-radius:10px\">Read more&#8230;<\/a><\/div>\n<\/div>\n<\/div>\n<\/div>\n\n\n\n<div class=\"wp-block-columns is-layout-flex wp-container-core-columns-is-layout-61ecc280 wp-block-columns-is-layout-flex\" style=\"padding-top:2.5rem;padding-right:2.5rem;padding-bottom:2.5rem;padding-left:2.5rem\">\n<div class=\"wp-block-column is-layout-flow wp-block-column-is-layout-flow\" style=\"flex-basis:25%\">\n<figure class=\"wp-block-image size-full\"><img loading=\"lazy\" decoding=\"async\" width=\"117\" height=\"200\" src=\"https:\/\/www.peduro.org.tr\/wp-content\/uploads\/2024\/11\/gunay-ekberli.jpg\" alt=\"\" class=\"wp-image-792\" style=\"object-fit:cover\"\/><\/figure>\n<\/div>\n\n\n\n<div class=\"wp-block-column is-layout-flow wp-block-column-is-layout-flow\" style=\"flex-basis:75%\">\n<h2 class=\"wp-block-heading\">G\u00fcnay EKBERL\u0130 (Member)<\/h2>\n\n\n\n<p>Ankara Bilkent City Hospital, Ankara<\/p>\n\n\n\n<div class=\"wp-block-buttons is-layout-flex wp-block-buttons-is-layout-flex\">\n<div class=\"wp-block-button is-style-fill\"><a class=\"wp-block-button__link has-white-color has-vivid-cyan-blue-background-color has-text-color has-background has-link-color wp-element-button\" href=\"https:\/\/www.peduro.org.tr\/yonetim-kurulu\/doc-dr-gunay-ekberli\/\" style=\"border-radius:10px\">Short Biography<\/a><\/div>\n<\/div>\n<\/div>\n<\/div>\n","protected":false},"excerpt":{"rendered":"<p>PEDURO Executive Board Baran TOKAR (President) Eski\u015fehir Osmangazi University, Eski\u015fehir Ahsen KARAG\u00d6ZL\u00dc AKG\u00dcL(General Secretary) Marmara University Medical Faculty, \u0130stanbul Beytullah YA\u011eIZ (Sayman) Ondokuz May\u0131s University, Samsun \u00c7i\u011fdem ARSLAN ALICI (Education Board Representative) Eski\u015fehir City Hospital, Eski\u015fehir G\u00fcng\u00f6r KARAG\u00dcZEL (Member) Akdeniz University, Antalya Murat U\u00c7AR (Member) Akdeniz University, Antalya G\u00fcnay EKBERL\u0130 (Member) Ankara Bilkent City Hospital, [&hellip;]<\/p>\n","protected":false},"author":1,"featured_media":0,"parent":0,"menu_order":0,"comment_status":"closed","ping_status":"closed","template":"","meta":{"_coblocks_attr":"","_coblocks_dimensions":"","_coblocks_responsive_height":"","_coblocks_accordion_ie_support":"","footnotes":""},"class_list":["post-197","page","type-page","status-publish","hentry"],"_links":{"self":[{"href":"https:\/\/www.peduro.org.tr\/en\/wp-json\/wp\/v2\/pages\/197","targetHints":{"allow":["GET"]}}],"collection":[{"href":"https:\/\/www.peduro.org.tr\/en\/wp-json\/wp\/v2\/pages"}],"about":[{"href":"https:\/\/www.peduro.org.tr\/en\/wp-json\/wp\/v2\/types\/page"}],"author":[{"embeddable":true,"href":"https:\/\/www.peduro.org.tr\/en\/wp-json\/wp\/v2\/users\/1"}],"replies":[{"embeddable":true,"href":"https:\/\/www.peduro.org.tr\/en\/wp-json\/wp\/v2\/comments?post=197"}],"version-history":[{"count":14,"href":"https:\/\/www.peduro.org.tr\/en\/wp-json\/wp\/v2\/pages\/197\/revisions"}],"predecessor-version":[{"id":867,"href":"https:\/\/www.peduro.org.tr\/en\/wp-json\/wp\/v2\/pages\/197\/revisions\/867"}],"wp:attachment":[{"href":"https:\/\/www.peduro.org.tr\/en\/wp-json\/wp\/v2\/media?parent=197"}],"curies":[{"name":"wp","href":"https:\/\/api.w.org\/{rel}","templated":true}]}}