{"id":10,"date":"2024-04-24T12:45:36","date_gmt":"2024-04-24T12:45:36","guid":{"rendered":"https:\/\/www.peduro.org.tr\/?page_id=10"},"modified":"2025-08-28T15:13:23","modified_gmt":"2025-08-28T12:13:23","slug":"ana-sayfa","status":"publish","type":"page","link":"https:\/\/www.peduro.org.tr\/en\/","title":{"rendered":"Homepage"},"content":{"rendered":"<div class=\"n2_clear\"><ss3-force-full-width data-overflow-x=\"body\" data-horizontal-selector=\"body\"><div class=\"n2-section-smartslider fitvidsignore  n2_clear\" data-ssid=\"3\"><div id=\"n2-ss-3-align\" class=\"n2-ss-align\"><div class=\"n2-padding\"><div id=\"n2-ss-3\" data-creator=\"Smart Slider 3\" data-responsive=\"fullwidth\" class=\"n2-ss-slider n2-ow n2-has-hover n2notransition  \">\n\n\n\n<div class=\"n2-ss-slider-wrapper-inside\">\n        <div class=\"n2-ss-slider-1 n2_ss__touch_element n2-ow\">\n            <div class=\"n2-ss-slider-2 n2-ow\">\n                                                <div class=\"n2-ss-slider-3 n2-ow\">\n\n                    <div class=\"n2-ss-slide-backgrounds n2-ow-all\"><div class=\"n2-ss-slide-background\" data-public-id=\"1\" data-mode=\"fill\"><div class=\"n2-ss-slide-background-image\" data-blur=\"0\" data-opacity=\"100\" data-x=\"43\" data-y=\"40\" data-alt=\"\" data-title=\"\" style=\"--ss-o-pos-x:43%;--ss-o-pos-y:40%\"><picture class=\"skip-lazy\" data-skip-lazy=\"1\"><img decoding=\"async\" src=\"\/\/www.peduro.org.tr\/wp-content\/uploads\/2025\/12\/peduro-2026-banner.jpg\" alt=\"\" title=\"\" loading=\"lazy\" class=\"skip-lazy\" data-skip-lazy=\"1\"><\/picture><\/div><div data-color=\"RGBA(255,255,255,0)\" style=\"background-color: RGBA(255,255,255,0);\" class=\"n2-ss-slide-background-color\"><\/div><\/div><div class=\"n2-ss-slide-background\" data-public-id=\"2\" data-mode=\"fill\" aria-hidden=\"true\"><div class=\"n2-ss-slide-background-image\" data-blur=\"0\" data-opacity=\"100\" data-x=\"50\" data-y=\"50\" data-alt=\"\" data-title=\"\"><picture class=\"skip-lazy\" data-skip-lazy=\"1\"><img decoding=\"async\" src=\"\/\/www.peduro.org.tr\/wp-content\/uploads\/2024\/05\/ys-emeklilik.jpg\" alt=\"\" title=\"\" loading=\"lazy\" class=\"skip-lazy\" data-skip-lazy=\"1\"><\/picture><\/div><div data-color=\"RGBA(255,255,255,0)\" style=\"background-color: RGBA(255,255,255,0);\" class=\"n2-ss-slide-background-color\"><\/div><\/div><\/div>                    <div class=\"n2-ss-slider-4 n2-ow\">\n                        <svg xmlns=\"http:\/\/www.w3.org\/2000\/svg\" viewBox=\"0 0 1200 600\" data-related-device=\"desktopPortrait\" class=\"n2-ow n2-ss-preserve-size n2-ss-preserve-size--slider n2-ss-slide-limiter\"><\/svg><div data-first=\"1\" data-slide-duration=\"0\" data-id=\"7\" data-slide-public-id=\"1\" data-title=\"banner-dusuk-scaled\" class=\"n2-ss-slide n2-ow  n2-ss-slide-7\"><div role=\"note\" class=\"n2-ss-slide--focus\" tabindex=\"-1\">banner-dusuk-scaled<\/div><div class=\"n2-ss-layers-container n2-ss-slide-limiter n2-ow\"><div class=\"n2-ss-layer n2-ow n-uc-cEF9KJXsV3DD\" data-sstype=\"slide\" data-pm=\"default\"><div class=\"n2-ss-layer n2-ow n-uc-Zos0d0B0iQzt\" data-pm=\"default\" data-sstype=\"content\" data-hasbackground=\"0\"><div class=\"n2-ss-section-main-content n2-ss-layer-with-background n2-ss-layer-content n2-ow n-uc-Zos0d0B0iQzt-inner\"><div class=\"n2-ss-layer n2-ow n-uc-fBM9ELN2gbgd n2-ss-layer--auto\" data-pm=\"normal\" data-sstype=\"layer\"><div class=\"n2-ss-button-container n2-ss-item-content n2-ow n2-font-41594f83160559cd335320201f142f46-link  n2-ss-nowrap n2-ss-button-container--non-full-width\"><a class=\"n2-style-46b65a11b5df93c57e662949ddb40428-heading  n2-ow \" href=\"https:\/\/www.peduro.org.tr\/peduro-2026\/\"><div><div>Congress Web Site<\/div><\/div><\/a><\/div><\/div><\/div><\/div><\/div><\/div><\/div><div data-slide-duration=\"0\" data-id=\"8\" data-slide-public-id=\"2\" aria-hidden=\"true\" data-title=\"banner-dusuk-scaled\" class=\"n2-ss-slide n2-ow  n2-ss-slide-8\"><div role=\"note\" class=\"n2-ss-slide--focus\" tabindex=\"-1\">banner-dusuk-scaled<\/div><div class=\"n2-ss-layers-container n2-ss-slide-limiter n2-ow\"><div class=\"n2-ss-layer n2-ow n-uc-pQVDmVEO8eAz\" data-sstype=\"slide\" data-pm=\"default\"><div class=\"n2-ss-layer n2-ow n-uc-cYTQ5yfNMigR\" data-pm=\"default\" data-sstype=\"content\" data-hasbackground=\"0\"><div class=\"n2-ss-section-main-content n2-ss-layer-with-background n2-ss-layer-content n2-ow n-uc-cYTQ5yfNMigR-inner\"><div class=\"n2-ss-layer n2-ow n-uc-GD3YFm0mhE92 n2-ss-layer--auto\" data-pm=\"normal\" data-sstype=\"layer\"><div class=\"n2-ss-button-container n2-ss-item-content n2-ow n2-font-41594f83160559cd335320201f142f46-link  n2-ss-nowrap n2-ss-button-container--non-full-width\"><a class=\"n2-style-46b65a11b5df93c57e662949ddb40428-heading  n2-ow \" href=\"https:\/\/www.peduro.org.tr\/en\/prof-dr-yunus-soylet-emeklilik-toreni\/\"><div><div>Meeting Program<\/div><\/div><\/a><\/div><\/div><\/div><\/div><\/div><\/div><\/div>                    <\/div>\n\n                                    <\/div>\n            <\/div>\n        <\/div>\n        <div class=\"n2-ss-slider-controls n2-ss-slider-controls-absolute-left-center\"><div style=\"--widget-offset:15px;\" class=\"n2-ss-widget n2-style-107cb0e4b96e295f0c4852cfc0854d07-heading nextend-arrow n2-ow-all nextend-arrow-previous  nextend-arrow-animated-fade\" data-hide-mobileportrait=\"1\" id=\"n2-ss-3-arrow-previous\" role=\"button\" aria-label=\"previous arrow\" tabindex=\"0\"><img loading=\"lazy\" decoding=\"async\" width=\"32\" height=\"32\" class=\"skip-lazy\" data-skip-lazy=\"1\" src=\"data:image\/svg+xml;base64,PHN2ZyB4bWxucz0iaHR0cDovL3d3dy53My5vcmcvMjAwMC9zdmciIHdpZHRoPSIzMiIgaGVpZ2h0PSIzMiIgdmlld0JveD0iMCAwIDMyIDMyIj4KICAgIDxwYXRoIGZpbGw9IiNmZmZmZmYiIG9wYWNpdHk9IjAuOCIgZmlsbC1ydWxlPSJldmVub2RkIgogICAgICAgICAgZD0iTTE4Ljk5NTggOC45OTA3YzAtLjQyNC0uMjA0LS43MjMtLjYxLS44OTgtLjQwOS0uMTczLS43NzItLjEwNC0xLjA5My4yMDlsLTcuMDA2IDYuOTc1Yy0uMjAxLjE5OS0uMjk3LjQzNy0uMjg2LjcxNiAwIC4yNjcuMDk2LjQ5OC4yODYuNjg5bDcuMDA2IDcuMDAxYy4zMjEuMzIxLjY4NC4zODkgMS4wOTMuMjA5LjQwNi0uMTc0LjYxLS40ODIuNjEtLjkyMlY4Ljk5MDd6Ii8+Cjwvc3ZnPg==\" alt=\"previous arrow\"><\/div><\/div><div class=\"n2-ss-slider-controls n2-ss-slider-controls-absolute-right-center\"><div style=\"--widget-offset:15px;\" class=\"n2-ss-widget n2-style-107cb0e4b96e295f0c4852cfc0854d07-heading nextend-arrow n2-ow-all nextend-arrow-next  nextend-arrow-animated-fade\" data-hide-mobileportrait=\"1\" id=\"n2-ss-3-arrow-next\" role=\"button\" aria-label=\"next arrow\" tabindex=\"0\"><img loading=\"lazy\" decoding=\"async\" width=\"32\" height=\"32\" class=\"skip-lazy\" data-skip-lazy=\"1\" src=\"data:image\/svg+xml;base64,PHN2ZyB3aWR0aD0iMzIiIGhlaWdodD0iMzIiIHZpZXdCb3g9IjAgMCAzMiAzMiIgeG1sbnM9Imh0dHA6Ly93d3cudzMub3JnLzIwMDAvc3ZnIj4KICAgIDxwYXRoIGQ9Ik0xMiA4Ljk5YzAtLjQyMy4yMDQtLjcyMi42MS0uODk3LjQwOC0uMTczLjc3Mi0uMTA0IDEuMDkyLjIxbDcuMDA2IDYuOTc0Yy4yMDIuMi4yOTguNDM3LjI4Ny43MTYgMCAuMjY3LS4wOTYuNDk4LS4yODcuNjlsLTcuMDA2IDdjLS4zMi4zMi0uNjg0LjM5LTEuMDkyLjIxLS40MDYtLjE3NS0uNjEtLjQ4My0uNjEtLjkyM1Y4Ljk5eiIKICAgICAgICAgIGZpbGw9IiNmZmZmZmYiIG9wYWNpdHk9IjAuOCIgZmlsbC1ydWxlPSJldmVub2RkIi8+Cjwvc3ZnPg==\" alt=\"next arrow\"><\/div><\/div><\/div><\/div><ss3-loader><\/ss3-loader><\/div><\/div><div class=\"n2_clear\"><\/div><\/div><\/ss3-force-full-width><\/div>\n\n\n<div class=\"wp-block-group border-block is-content-justification-left is-nowrap is-layout-flex wp-container-core-group-is-layout-a1141ae5 wp-block-group-is-layout-flex\">\n<figure class=\"wp-block-image size-full is-resized\"><img loading=\"lazy\" decoding=\"async\" width=\"512\" height=\"512\" src=\"https:\/\/www.peduro.org.tr\/wp-content\/uploads\/2024\/04\/blue-information-button-18667.png\" alt=\"\" class=\"wp-image-31\" style=\"width:64px\" srcset=\"https:\/\/www.peduro.org.tr\/wp-content\/uploads\/2024\/04\/blue-information-button-18667.png 512w, https:\/\/www.peduro.org.tr\/wp-content\/uploads\/2024\/04\/blue-information-button-18667-300x300.png 300w, https:\/\/www.peduro.org.tr\/wp-content\/uploads\/2024\/04\/blue-information-button-18667-150x150.png 150w, https:\/\/www.peduro.org.tr\/wp-content\/uploads\/2024\/04\/blue-information-button-18667-225x225.png 225w\" sizes=\"auto, (max-width: 512px) 100vw, 512px\" \/><\/figure>\n\n\n\n<div class=\"wp-block-group wp-container-content-9cfa9a5a is-vertical is-content-justification-stretch is-layout-flex wp-container-core-group-is-layout-0a8f9e4e wp-block-group-is-layout-flex\">\n<h3 class=\"wp-block-heading\"><mark style=\"background-color:rgba(0, 0, 0, 0)\" class=\"has-inline-color has-vivid-cyan-blue-color\">Society for Pediatric Urology,<\/mark><\/h3>\n\n\n\n<p>is a non-profit organization which aims for; the development and dissemination of the education and practice of the subspecialty of pediatric urology, to set and increase its standards, and to enhance cooperation among professionals dealing with pediatric urology.<\/p>\n<\/div>\n<\/div>\n\n\n\n<div style=\"height:25px\" aria-hidden=\"true\" class=\"wp-block-spacer\"><\/div>\n\n\n\n<h2 class=\"wp-block-heading has-text-align-center\">Latest Events<\/h2>\n\n\n<ul class=\"wp-block-latest-posts__list is-grid columns-3 wp-block-latest-posts\"><li><div class=\"wp-block-latest-posts__featured-image\"><a href=\"https:\/\/www.peduro.org.tr\/en\/28-ocak-2026-ies-4\/\" aria-label=\"Pediatrik \u00dcroloji Derne\u011fi En\u00fcrezis Sempozyumu\"><img loading=\"lazy\" decoding=\"async\" width=\"600\" height=\"560\" src=\"https:\/\/www.peduro.org.tr\/wp-content\/uploads\/2026\/01\/ies-4.jpg\" class=\"attachment-large size-large wp-post-image\" alt=\"\" style=\"\" srcset=\"https:\/\/www.peduro.org.tr\/wp-content\/uploads\/2026\/01\/ies-4.jpg 600w, https:\/\/www.peduro.org.tr\/wp-content\/uploads\/2026\/01\/ies-4-300x280.jpg 300w, https:\/\/www.peduro.org.tr\/wp-content\/uploads\/2026\/01\/ies-4-241x225.jpg 241w\" sizes=\"auto, (max-width: 600px) 100vw, 600px\" \/><\/a><\/div><a class=\"wp-block-latest-posts__post-title\" href=\"https:\/\/www.peduro.org.tr\/en\/28-ocak-2026-ies-4\/\">Pediatrik \u00dcroloji Derne\u011fi En\u00fcrezis Sempozyumu<\/a><div class=\"wp-block-latest-posts__post-excerpt\">14 Haziran 2025, \u0130stanbul \u0130stinye \u00dcniversitesi, Vadi Kamp\u00fcs<\/div><\/li>\n<li><div class=\"wp-block-latest-posts__featured-image\"><a href=\"https:\/\/www.peduro.org.tr\/en\/pediatrik-uroloji-dernegi-enurezis-sempozyumu\/\" aria-label=\"Pediatrik \u00dcroloji Derne\u011fi En\u00fcrezis Sempozyumu\"><img loading=\"lazy\" decoding=\"async\" width=\"600\" height=\"560\" src=\"https:\/\/www.peduro.org.tr\/wp-content\/uploads\/2025\/05\/enurezis-sempozyum.jpg\" class=\"attachment-large size-large wp-post-image\" alt=\"\" style=\"\" srcset=\"https:\/\/www.peduro.org.tr\/wp-content\/uploads\/2025\/05\/enurezis-sempozyum.jpg 600w, https:\/\/www.peduro.org.tr\/wp-content\/uploads\/2025\/05\/enurezis-sempozyum-300x280.jpg 300w, https:\/\/www.peduro.org.tr\/wp-content\/uploads\/2025\/05\/enurezis-sempozyum-241x225.jpg 241w\" sizes=\"auto, (max-width: 600px) 100vw, 600px\" \/><\/a><\/div><a class=\"wp-block-latest-posts__post-title\" href=\"https:\/\/www.peduro.org.tr\/en\/pediatrik-uroloji-dernegi-enurezis-sempozyumu\/\">Pediatrik \u00dcroloji Derne\u011fi En\u00fcrezis Sempozyumu<\/a><div class=\"wp-block-latest-posts__post-excerpt\">14 Haziran 2025, \u0130stanbul \u0130stinye \u00dcniversitesi, Vadi Kamp\u00fcs<\/div><\/li>\n<li><div class=\"wp-block-latest-posts__featured-image\"><a href=\"https:\/\/www.peduro.org.tr\/en\/enpediatrik-uroloji-dernegi-onursal-uyemiz-prof-dr-nur-danismend-hocamizin-ingilterede-bulundugu-yillardaki-deneyimlerini-aktardigi-prof-dr-cenk-buyukunal-tarafindan-kaleme-alinmis-not\/\" aria-label=\"Pediatrik \u00dcroloji Derne\u011fi Onursal \u00dcyemiz Prof. Dr. Nur Dani\u015fmend hocam\u0131z\u0131n \u0130ngiltere\u2019de bulundu\u011fu y\u0131llardaki deneyimlerini aktard\u0131\u011f\u0131 Prof. Dr. Cenk B\u00fcy\u00fck\u00fcnal taraf\u0131ndan kaleme al\u0131nm\u0131\u015f notlar\u0131 ve \u00e7izimleri\"><img loading=\"lazy\" decoding=\"async\" width=\"600\" height=\"560\" src=\"https:\/\/www.peduro.org.tr\/wp-content\/uploads\/2025\/04\/nur-danismend.jpg\" class=\"attachment-large size-large wp-post-image\" alt=\"\" style=\"\" srcset=\"https:\/\/www.peduro.org.tr\/wp-content\/uploads\/2025\/04\/nur-danismend.jpg 600w, https:\/\/www.peduro.org.tr\/wp-content\/uploads\/2025\/04\/nur-danismend-300x280.jpg 300w, https:\/\/www.peduro.org.tr\/wp-content\/uploads\/2025\/04\/nur-danismend-241x225.jpg 241w\" sizes=\"auto, (max-width: 600px) 100vw, 600px\" \/><\/a><\/div><a class=\"wp-block-latest-posts__post-title\" href=\"https:\/\/www.peduro.org.tr\/en\/enpediatrik-uroloji-dernegi-onursal-uyemiz-prof-dr-nur-danismend-hocamizin-ingilterede-bulundugu-yillardaki-deneyimlerini-aktardigi-prof-dr-cenk-buyukunal-tarafindan-kaleme-alinmis-not\/\">Pediatrik \u00dcroloji Derne\u011fi Onursal \u00dcyemiz Prof. Dr. Nur Dani\u015fmend hocam\u0131z\u0131n \u0130ngiltere\u2019de bulundu\u011fu y\u0131llardaki deneyimlerini aktard\u0131\u011f\u0131 Prof. Dr. Cenk B\u00fcy\u00fck\u00fcnal taraf\u0131ndan kaleme al\u0131nm\u0131\u015f notlar\u0131 ve \u00e7izimleri<\/a><div class=\"wp-block-latest-posts__post-excerpt\">Pediatrik \u00dcroloji Derne\u011fi Onursal \u00dcyemiz Prof. Dr. Nur Dani\u015fmend hocam\u0131z\u0131n \u0130ngiltere\u2019de bulundu\u011fu y\u0131llardaki deneyimlerini aktard\u0131\u011f\u0131 Prof. Dr. Cenk B\u00fcy\u00fck\u00fcnal taraf\u0131ndan kaleme al\u0131nm\u0131\u015f notlar\u0131 ve \u00e7izimleri<\/div><\/li>\n<\/ul>\n\n\n<div class=\"wp-block-coblocks-services is-style-square\"><div class=\"is-style-square has-columns has-4-columns has-responsive-columns has-custom-gutter\" style=\"--coblocks-custom-gutter:0.5em\">\n<div class=\"wp-block-coblocks-service\"><figure class=\"wp-block-coblocks-service__figure\"><a href=\"https:\/\/journalpedsurg.org\/\" target=\"_blank\" rel=\"noreferrer noopener\"><img decoding=\"async\" src=\"https:\/\/www.peduro.org.tr\/wp-content\/uploads\/2024\/05\/dergi-kapak.jpg\" alt=\"\"\/><\/a><\/figure><div class=\"wp-block-coblocks-service__content\">\n<h3 class=\"wp-block-heading has-text-align-center\">Journal<\/h3>\n\n\n\n<p class=\"has-text-align-none\"><\/p>\n<\/div><\/div>\n\n\n\n<div class=\"wp-block-coblocks-service\"><figure class=\"wp-block-coblocks-service__figure\"><a href=\"#\"><img decoding=\"async\" src=\"https:\/\/www.peduro.org.tr\/wp-content\/uploads\/2024\/05\/egitim-dokumanlari.jpg\" alt=\"\"\/><\/a><\/figure><div class=\"wp-block-coblocks-service__content\">\n<h3 class=\"wp-block-heading has-text-align-center\">Training Documents<\/h3>\n\n\n\n<p class=\"has-text-align-none\"><\/p>\n<\/div><\/div>\n\n\n\n<div class=\"wp-block-coblocks-service\"><figure class=\"wp-block-coblocks-service__figure\"><a href=\"https:\/\/www.peduro.org.tr\/uzmanlik-egitimi-cekirdek-mufredati\/\"><img decoding=\"async\" src=\"https:\/\/www.peduro.org.tr\/wp-content\/uploads\/2024\/05\/cep.jpg\" alt=\"\"\/><\/a><\/figure><div class=\"wp-block-coblocks-service__content\">\n<h3 class=\"wp-block-heading has-text-align-center\">Core Training Program<\/h3>\n\n\n\n<p class=\"has-text-align-none\"><\/p>\n<\/div><\/div>\n\n\n\n<div class=\"wp-block-coblocks-service\"><figure class=\"wp-block-coblocks-service__figure\"><a href=\"https:\/\/www.peduro.org.tr\/cocuk-urolojisi-kilavuzlari\/\"><img decoding=\"async\" src=\"https:\/\/www.peduro.org.tr\/wp-content\/uploads\/2024\/05\/kilavuz.jpg\" alt=\"\"\/><\/a><\/figure><div class=\"wp-block-coblocks-service__content\">\n<h3 class=\"wp-block-heading has-text-align-center\">Pediatric Urology Guidelines<\/h3>\n\n\n\n<p class=\"has-text-align-none\"><\/p>\n<\/div><\/div>\n<\/div><\/div>\n\n\n\n<div class=\"wp-block-coblocks-services is-style-square\"><div class=\"is-style-square has-columns has-4-columns has-responsive-columns has-custom-gutter\" style=\"--coblocks-custom-gutter:0.5em\">\n<div class=\"wp-block-coblocks-service\"><figure class=\"wp-block-coblocks-service__figure\"><a href=\"https:\/\/www.peduro.org.tr\/onam-formlari\/\"><img decoding=\"async\" src=\"https:\/\/www.peduro.org.tr\/wp-content\/uploads\/2024\/05\/onam.jpg\" alt=\"\"\/><\/a><\/figure><div class=\"wp-block-coblocks-service__content\">\n<h3 class=\"wp-block-heading has-text-align-center\">Consent Forms<\/h3>\n\n\n\n<p class=\"has-text-align-none\"><\/p>\n<\/div><\/div>\n\n\n\n<div class=\"wp-block-coblocks-service\"><figure class=\"wp-block-coblocks-service__figure\"><a href=\"https:\/\/www.peduro.org.tr\/cocuk-urolojisi-ders-notlari\/\"><img decoding=\"async\" src=\"https:\/\/www.peduro.org.tr\/wp-content\/uploads\/2024\/05\/ders-notlari.jpg\" alt=\"\"\/><\/a><\/figure><div class=\"wp-block-coblocks-service__content\">\n<h3 class=\"wp-block-heading has-text-align-center\">Lecture Notes<\/h3>\n\n\n\n<p class=\"has-text-align-none\"><\/p>\n<\/div><\/div>\n\n\n\n<div class=\"wp-block-coblocks-service\"><figure class=\"wp-block-coblocks-service__figure\"><a href=\"https:\/\/www.peduro.org.tr\/saglik-uygulama-tebligi-sut\/\"><img decoding=\"async\" src=\"https:\/\/www.peduro.org.tr\/wp-content\/uploads\/2024\/05\/sut.jpg\" alt=\"\"\/><\/a><\/figure><div class=\"wp-block-coblocks-service__content\">\n<h3 class=\"wp-block-heading has-text-align-center\">SUT<\/h3>\n\n\n\n<p class=\"has-text-align-none\"><\/p>\n<\/div><\/div>\n\n\n\n<div class=\"wp-block-coblocks-service\"><figure class=\"wp-block-coblocks-service__figure\"><img decoding=\"async\" src=\"https:\/\/www.peduro.org.tr\/wp-content\/uploads\/2024\/05\/bos.png\" alt=\"\"\/><\/figure><div class=\"wp-block-coblocks-service__content\">\n<h3 class=\"wp-block-heading has-text-align-center\"><\/h3>\n\n\n\n<p class=\"has-text-align-none\"><\/p>\n<\/div><\/div>\n<\/div><\/div>\n\n\n\n<div style=\"height:50px\" aria-hidden=\"true\" class=\"wp-block-spacer\"><\/div>\n\n\n\n<div class=\"wp-block-coblocks-features coblocks-features-42145334763\"><div class=\"wp-block-coblocks-features__inner has-columns has-4-columns has-responsive-columns has-center-content has-medium-gutter\">\n<div class=\"wp-block-coblocks-feature coblocks-feature-4214533512\"><div class=\"wp-block-coblocks-feature__inner has-no-padding\"><div class=\"wp-block-coblocks-icon is-style-outlined\">\n\t\t\t\t<div class=\"wp-block-coblocks-icon__inner has-text-color has-vivid-cyan-blue-color\" style=\"height: 60px; width: 60px;\">\n\t\t\t\t\t<a href=\"\/iletisim\/onerileriniz\/\" rel=\"\" target=\"_self\" style=\"\"><svg fill=\"none\" xmlns=\"http:\/\/www.w3.org\/2000\/svg\" viewBox=\"0 0 24 24\"><path d=\"M9 13c2.21 0 4-1.79 4-4s-1.79-4-4-4-4 1.79-4 4 1.79 4 4 4zm0-6c1.1 0 2 .9 2 2s-.9 2-2 2-2-.9-2-2 .9-2 2-2zm0 8c-2.67 0-8 1.34-8 4v2h16v-2c0-2.66-5.33-4-8-4zm-6 4c.22-.72 3.31-2 6-2 2.7 0 5.8 1.29 6 2H3zM15.08 7.05c.84 1.18.84 2.71 0 3.89l1.68 1.69c2.02-2.02 2.02-5.07 0-7.27l-1.68 1.69zM20.07 2l-1.63 1.63c2.77 3.02 2.77 7.56 0 10.74L20.07 16c3.9-3.89 3.91-9.95 0-14z\" fill=\"currentColor\" \/><\/svg><\/a>\n\t\t\t\t<\/div>\n\t\t\t<\/div>\n\n\n<h4 class=\"wp-block-heading\"><a href=\"https:\/\/www.peduro.org.tr\/iletisim\/onerileriniz\/\" data-type=\"page\" data-id=\"345\">SUGGESTIONS<\/a><\/h4>\n\n\n\n<p>Our members can reach our board of directors instantly on any subject.<\/p>\n<\/div><\/div>\n\n\n\n<div class=\"wp-block-coblocks-feature coblocks-feature-4214533513\"><div class=\"wp-block-coblocks-feature__inner has-no-padding\"><div class=\"wp-block-coblocks-icon\">\n\t\t\t\t<div class=\"wp-block-coblocks-icon__inner has-text-color has-vivid-cyan-blue-color\" style=\"height: 60px; width: 60px;\">\n\t\t\t\t\t<svg fill=\"none\" xmlns=\"http:\/\/www.w3.org\/2000\/svg\" viewBox=\"0 0 24 24\"><g fill=\"currentColor\"><circle cx=\"12\" cy=\"4\" r=\"2\" \/><path d=\"M19 13v-2c-1.54.02-3.09-.75-4.07-1.83l-1.29-1.43c-.17-.19-.38-.34-.61-.45-.01 0-.01-.01-.02-.01H13c-.35-.2-.75-.3-1.19-.26C10.76 7.11 10 8.04 10 9.09V15c0 1.1.9 2 2 2h5v5h2v-5.5c0-1.1-.9-2-2-2h-3v-3.45c1.29 1.07 3.25 1.94 5 1.95zm-6.17 5c-.41 1.16-1.52 2-2.83 2-1.66 0-3-1.34-3-3 0-1.31.84-2.41 2-2.83V12.1c-2.28.46-4 2.48-4 4.9 0 2.76 2.24 5 5 5 2.42 0 4.44-1.72 4.9-4h-2.07z\" \/><\/g><\/svg>\n\t\t\t\t<\/div>\n\t\t\t<\/div>\n\n\n<h4 class=\"wp-block-heading\">PATIENT CONSULTANCY<\/h4>\n\n\n\n<p>Patients can get immediate information from us.<\/p>\n<\/div><\/div>\n\n\n\n<div class=\"wp-block-coblocks-feature coblocks-feature-42145342735\"><div class=\"wp-block-coblocks-feature__inner has-no-padding\"><div class=\"wp-block-coblocks-icon\">\n\t\t\t\t<div class=\"wp-block-coblocks-icon__inner has-text-color has-vivid-cyan-blue-color\" style=\"height: 60px; width: 60px;\">\n\t\t\t\t\t<svg fill=\"none\" viewBox=\"0 0 20 20\" xmlns=\"http:\/\/www.w3.org\/2000\/svg\"><path d=\"m10.0384629.01236979c-5.23157899 0-9.47368425 4.24210526-9.47368425 9.47368421v7.3684211c0 1.7473684 1.41052631 3.1578947 3.15789473 3.1578947h3.15789474v-8.4210526h-4.21052632v-2.1052632c0-4.07368421 3.29473685-7.36842105 7.3684211-7.36842105 4.0736842 0 7.368421 3.29473684 7.368421 7.36842105v2.1052632h-4.2105263v8.4210526h3.1578947c1.7473685 0 3.1578948-1.4105263 3.1578948-3.1578947v-7.3684211c0-5.23157895-4.2421053-9.47368421-9.4736842-9.47368421z\" fill=\"currentColor\" \/><\/svg>\n\t\t\t\t<\/div>\n\t\t\t<\/div>\n\n\n<h4 class=\"wp-block-heading\">PHYSICIAN CONSULTATION<\/h4>\n\n\n\n<p>Our members can receive instant advice from us.<\/p>\n<\/div><\/div>\n\n\n\n<div class=\"wp-block-coblocks-feature coblocks-feature-42145343553\"><div class=\"wp-block-coblocks-feature__inner has-no-padding\"><div class=\"wp-block-coblocks-icon\">\n\t\t\t\t<div class=\"wp-block-coblocks-icon__inner has-text-color has-vivid-cyan-blue-color\" style=\"height: 60px; width: 60px;\">\n\t\t\t\t\t<a href=\"\/paydaslarimiz\/\" rel=\"\" target=\"_self\" style=\"\"><svg fill=\"none\" viewBox=\"0 0 20 20\" xmlns=\"http:\/\/www.w3.org\/2000\/svg\"><path d=\"m10 0c-5.52 0-10 4.48-10 10s4.48 10 10 10 10-4.48 10-10-4.48-10-10-10zm-8 10c0-.61.08-1.21.21-1.78l4.78 4.78v1c0 1.1.9 2 2 2v1.93c-3.93-.5-6.99-3.86-6.99-7.93zm13.89 5.4c-.26-.81-1-1.4-1.9-1.4h-1v-3c0-.55-.45-1-1-1h-6v-2h2c.55 0 1-.45 1-1v-2h2c1.1 0 2-.9 2-2v-.41c2.93 1.18 5.01 4.06 5.01 7.41 0 2.08-.81 3.98-2.11 5.4z\" fill=\"currentColor\" \/><\/svg><\/a>\n\t\t\t\t<\/div>\n\t\t\t<\/div>\n\n\n<h4 class=\"wp-block-heading\"><a href=\"https:\/\/www.peduro.org.tr\/paydaslarimiz\/\" data-type=\"page\" data-id=\"361\">OUR STAKEHOLDERS<\/a><\/h4>\n\n\n\n<p>Internet addresses of stakeholder associations and institutions.<\/p>\n<\/div><\/div>\n<\/div><\/div>\n\n\n\n<style>\n.inner_slider_part{display:none;}\n#main-content{padding-top:60px;padding-bottom:60px;}\n.border-block {\n border: 2px solid navy;\n border-radius: 5px;\n padding: 20px;\n}\n<\/style>\n","protected":false},"excerpt":{"rendered":"<p>Society for Pediatric Urology, is a non-profit organization which aims for; the development and dissemination of the education and practice of the subspecialty of pediatric urology, to set and increase its standards, and to enhance cooperation among professionals dealing with pediatric urology. Latest Events<\/p>\n","protected":false},"author":1,"featured_media":0,"parent":0,"menu_order":0,"comment_status":"closed","ping_status":"closed","template":"","meta":{"_coblocks_attr":"","_coblocks_dimensions":"{\"coblocks-feature-4214533512\":{\"padding\":{\"paddingBottom\":\"px\",\"paddingBottomMobile\":null,\"paddingBottomTablet\":null,\"paddingLeft\":\"0px\",\"paddingLeftMobile\":null,\"paddingLeftTablet\":null,\"paddingRight\":\"0px\",\"paddingRightMobile\":null,\"paddingRightTablet\":null,\"paddingTop\":\"px\",\"paddingTopMobile\":null,\"paddingTopTablet\":null}}}","_coblocks_responsive_height":"","_coblocks_accordion_ie_support":"","footnotes":""},"class_list":["post-10","page","type-page","status-publish","hentry"],"_links":{"self":[{"href":"https:\/\/www.peduro.org.tr\/en\/wp-json\/wp\/v2\/pages\/10","targetHints":{"allow":["GET"]}}],"collection":[{"href":"https:\/\/www.peduro.org.tr\/en\/wp-json\/wp\/v2\/pages"}],"about":[{"href":"https:\/\/www.peduro.org.tr\/en\/wp-json\/wp\/v2\/types\/page"}],"author":[{"embeddable":true,"href":"https:\/\/www.peduro.org.tr\/en\/wp-json\/wp\/v2\/users\/1"}],"replies":[{"embeddable":true,"href":"https:\/\/www.peduro.org.tr\/en\/wp-json\/wp\/v2\/comments?post=10"}],"version-history":[{"count":101,"href":"https:\/\/www.peduro.org.tr\/en\/wp-json\/wp\/v2\/pages\/10\/revisions"}],"predecessor-version":[{"id":975,"href":"https:\/\/www.peduro.org.tr\/en\/wp-json\/wp\/v2\/pages\/10\/revisions\/975"}],"wp:attachment":[{"href":"https:\/\/www.peduro.org.tr\/en\/wp-json\/wp\/v2\/media?parent=10"}],"curies":[{"name":"wp","href":"https:\/\/api.w.org\/{rel}","templated":true}]}}